{"id":93,"date":"2019-07-24T14:35:17","date_gmt":"2019-07-24T14:35:17","guid":{"rendered":"https:\/\/thgu.dk\/?page_id=93"},"modified":"2024-09-09T21:36:39","modified_gmt":"2024-09-09T19:36:39","slug":"gee","status":"publish","type":"page","link":"https:\/\/thgu.dk\/?page_id=93","title":{"rendered":"Seniorspillere"},"content":{"rendered":"\n[et_pb_section][et_pb_row][et_pb_column type=&#8221;4_4&#8243;][et_pb_text]Seniorspillere:\u00a0 S\u00e6son fra d. 27. august 2024 til 8. april 2025\n\nDer kan bookes baner fra den 9. august 2024\n\nBem\u00e6rk, at hver enkelt spiller skal oprette sig og betale via onlinebetaling her p\u00e5 siden, for at banen er booket\n<h2>Spilletider:<\/h2>\nTirsdage fra 16.30-17.30, 17.30-18.30, 18.30-19.30, 19.30-20.30\u00a0 i minihallen\nOnsdag fra 16:30-17:30, 17:30-18:30 i den store hal\n<h2>Pris:<\/h2>\nPr bane 1 time \u2013 500 kr. pr. person. Double\n\nPr bane 1 time \u2013 750 pr. person. Single. Henvendelse til udvalget for at gennemf\u00f8re betaling ved single\n\n<strong>Ved sp\u00f8rgsm\u00e5l kontakt udvalget p\u00e5 thgu6862@gmail.com<\/strong>[\/et_pb_text][\/et_pb_column][\/et_pb_row][\/et_pb_section]\n","protected":false},"excerpt":{"rendered":"<p><div class=\"et_pb_section et_pb_section_0 et_section_regular\" >\n\t\t\t\t\n\t\t\t\t\n\t\t\t\t\n\t\t\t\t\n\t\t\t\t\n\t\t\t\t\n\t\t\t\t\n\t\t\t\t\n\t\t\t\t\n\t\t\t<\/div><div class=\"et_pb_row et_pb_row_0 et_pb_row_empty\">\n\t\t\t\t\n\t\t\t\t\n\t\t\t\t\n\t\t\t\t\n\t\t\t\t\n\t\t\t<\/div><div class=\"et_pb_module et_pb_text et_pb_text_0  et_pb_text_align_left et_pb_bg_layout_light\">\n\t\t\t\t\n\t\t\t\t\n\t\t\t\t\n\t\t\t\t\n\t\t\t\t\n\t\t\t<\/div>Seniorspillere:\u00a0 S\u00e6son fra d. 27. august 2024 til 8. april 2025 Der kan bookes baner fra den 9. august 2024 Bem\u00e6rk, at hver enkelt spiller skal oprette sig og betale via onlinebetaling her p\u00e5 siden, for at banen er booket Spilletider: Tirsdage fra 16.30-17.30, 17.30-18.30, 18.30-19.30, 19.30-20.30\u00a0 i minihallen Onsdag fra 16:30-17:30, 17:30-18:30 i den [&hellip;]<\/p>\n","protected":false},"author":2,"featured_media":0,"parent":19,"menu_order":0,"comment_status":"closed","ping_status":"closed","template":"","meta":{"_et_pb_use_builder":"on","_et_pb_old_content":"Seniorspillere:\u00a0 S\u00e6son fra d. 27. august 2024 til 8. april 2025\n\nDer kan bookes baner fra den 9. august 2024\n\nBem\u00e6rk, at hver enkelt spiller skal oprette sig og betale via onlinebetaling her p\u00e5 siden, for at banen er booket\n<h2>Spilletider:<\/h2>\nTirsdage fra 16.30-17.30, 17.30-18.30, 18.30-19.30, 19.30-20.30\u00a0 i minihallen\nOnsdag fra 16:30-17:30, 17:30-18:30 i den store hal\n<h2>Pris:<\/h2>\nPr bane 1 time \u2013 500 kr. pr. person. Double\n\nPr bane 1 time \u2013 750 pr. person. Single. Henvendelse til udvalget for at gennemf\u00f8re betaling ved single\n\n<strong>Ved sp\u00f8rgsm\u00e5l kontakt udvalget p\u00e5 thgu6862@gmail.com<\/strong>","_et_gb_content_width":"","_monsterinsights_skip_tracking":false,"_monsterinsights_sitenote_active":false,"_monsterinsights_sitenote_note":"","_monsterinsights_sitenote_category":0,"footnotes":""},"class_list":["post-93","page","type-page","status-publish","hentry"],"_links":{"self":[{"href":"https:\/\/thgu.dk\/index.php?rest_route=\/wp\/v2\/pages\/93","targetHints":{"allow":["GET"]}}],"collection":[{"href":"https:\/\/thgu.dk\/index.php?rest_route=\/wp\/v2\/pages"}],"about":[{"href":"https:\/\/thgu.dk\/index.php?rest_route=\/wp\/v2\/types\/page"}],"author":[{"embeddable":true,"href":"https:\/\/thgu.dk\/index.php?rest_route=\/wp\/v2\/users\/2"}],"replies":[{"embeddable":true,"href":"https:\/\/thgu.dk\/index.php?rest_route=%2Fwp%2Fv2%2Fcomments&post=93"}],"version-history":[{"count":15,"href":"https:\/\/thgu.dk\/index.php?rest_route=\/wp\/v2\/pages\/93\/revisions"}],"predecessor-version":[{"id":2580,"href":"https:\/\/thgu.dk\/index.php?rest_route=\/wp\/v2\/pages\/93\/revisions\/2580"}],"up":[{"embeddable":true,"href":"https:\/\/thgu.dk\/index.php?rest_route=\/wp\/v2\/pages\/19"}],"wp:attachment":[{"href":"https:\/\/thgu.dk\/index.php?rest_route=%2Fwp%2Fv2%2Fmedia&parent=93"}],"curies":[{"name":"wp","href":"https:\/\/api.w.org\/{rel}","templated":true}]}}