{"id":72,"date":"2019-07-06T11:50:55","date_gmt":"2019-07-06T11:50:55","guid":{"rendered":"https:\/\/thgu.dk\/?page_id=72"},"modified":"2022-08-02T10:49:11","modified_gmt":"2022-08-02T08:49:11","slug":"fortegnelse","status":"publish","type":"page","link":"https:\/\/thgu.dk\/?page_id=72","title":{"rendered":"Behandling af personoplysninger"},"content":{"rendered":"\n[et_pb_section fb_built=&#8221;1&#8243; admin_label=&#8221;section&#8221; _builder_version=&#8221;4.16&#8243; global_colors_info=&#8221;{}&#8221;][et_pb_row admin_label=&#8221;row&#8221; _builder_version=&#8221;4.17.6&#8243; background_size=&#8221;initial&#8221; background_position=&#8221;top_left&#8221; background_repeat=&#8221;repeat&#8221; hover_enabled=&#8221;0&#8243; global_colors_info=&#8221;{}&#8221; sticky_enabled=&#8221;0&#8243;][et_pb_column type=&#8221;4_4&#8243; _builder_version=&#8221;4.17.6&#8243; custom_padding=&#8221;|||&#8221; hover_enabled=&#8221;0&#8243; global_colors_info=&#8221;{}&#8221; custom_padding__hover=&#8221;|||&#8221; sticky_enabled=&#8221;0&#8243;][et_pb_text admin_label=&#8221;Text&#8221; _builder_version=&#8221;4.17.6&#8243; background_size=&#8221;initial&#8221; background_position=&#8221;top_left&#8221; background_repeat=&#8221;repeat&#8221; hover_enabled=&#8221;0&#8243; global_colors_info=&#8221;{}&#8221; sticky_enabled=&#8221;0&#8243;]<h3>Behandling af personoplysninger<\/h3>\n<p>Tistrup Hodde Gymnastik og Ungdomsforening (THGU)<br \/>Storegade 18B<br \/>6862 Tistrup<br \/>CVR.: 25 59 97 13<\/p>\n<p>1. Hvem har ansvaret for databeskyttelse i foreningen?<br \/>THGU er dataansvarlig, og vi sikrer, at dine personoplysninger behandles i overensstemmelse med lovgivningen.<\/p>\n<p>Kontaktoplysninger:<\/p>\n<p>Formand Heidi N\u00f8rby<br \/>Storegade 18B<br \/>6862 Tistrup<br \/>Mobil 28689836<br \/>Mail: Thgu.formand@gmail.com<\/p>\n<p>Som udgangspunkt behandler THGU ingen personoplysninger, der er tillagt en h\u00f8jere grad af beskyttelse.<\/p>\n<p>2. Hvad er form\u00e5lene med behandlingen?<br \/>Indhentning af b\u00f8rneattester, p\u00e5 tr\u00e6ner og ledere<\/p>\n<p>3. Hvilke personoplysninger, der er tillagt en h\u00f8jere grad af beskyttelse, behandler vi?<br \/>CPR-nummer.<\/p>\n<p>4. Hvem behandler vi oplysninger om?<br \/>Der behandles oplysninger for de tr\u00e6nere og ledere hvor det er lovpligtigt at indhente b\u00f8rneattester.<\/p>\n<p>5. Hvem videregives oplysningerne til?<br \/>Ved indhentelse af b\u00f8rneattester videregives CPR-nummer til politiet. Herudover videregives personoplysninger i form af CPR-nummer, oplysninger om strafbare forhold til DIF og DGI, hvis en b\u00f8rneattest har anm\u00e6rkninger<\/p>\n<p>6. Hvorn\u00e5r sletter vi i foreningen personoplysninger, der er tillagt en h\u00f8jere grad af beskyttelse?<br \/>B\u00f8rneattest oplysninger opbevares s\u00e5 l\u00e6nge personen fungerer i sit virke.<\/p>\n<p>7. Hvordan opbevarer vi de personoplysninger, der er tillagt en h\u00f8jere grad af beskyttelse?<br \/>B\u00f8rneattester opbevares forsvarligt hos formanden.<\/p>\n<p>8. Hvad skal vi g\u00f8re, hvis der sker et brud p\u00e5 persondatasikkerheden?<br \/>Hvis alle eller nogle af de registrerede oplysninger bliver stj\u00e5let, hacket eller p\u00e5 anden m\u00e5de kompromitteret, kontakter vi vores hovedorganisation og dr\u00f8fter eventuel anmeldelse til politiet og til Datatilsynet.<\/p>\n<p>9. Hvad kan vores IT-system, og har vi t\u00e6nkt databeskyttelse ind i vores IT-systemer?<br \/>Vi benytter Conventus og har en databehandleraftale med firmaet. Conventus foretager automatisk sletning af personoplysninger efter fastsat procedure.<\/p>[\/et_pb_text][\/et_pb_column][\/et_pb_row][\/et_pb_section]\n","protected":false},"excerpt":{"rendered":"<p>Behandling af personoplysninger Tistrup Hodde Gymnastik og Ungdomsforening (THGU)Storegade 18B6862 TistrupCVR.: 25 59 97 13 1. Hvem har ansvaret for databeskyttelse i foreningen?THGU er dataansvarlig, og vi sikrer, at dine personoplysninger behandles i overensstemmelse med lovgivningen. Kontaktoplysninger: Formand Heidi N\u00f8rbyStoregade 18B6862 TistrupMobil 28689836Mail: Thgu.formand@gmail.com Som udgangspunkt behandler THGU ingen personoplysninger, der er tillagt en h\u00f8jere [&hellip;]<\/p>\n","protected":false},"author":2,"featured_media":0,"parent":27,"menu_order":0,"comment_status":"closed","ping_status":"closed","template":"","meta":{"_et_pb_use_builder":"on","_et_pb_old_content":"Fortegnelse\nFortegnelse over behandling af personoplysninger\n\nTistrup Hodde Gymnastik og Ungdomsforening (THGU)\nStoregade 18B\n6862 Tistrup\nCVR.: 25 59 97 13\n\n1. Hvem har ansvaret for databeskyttelse i foreningen?\nTHGU er dataansvarlig, og vi sikrer, at dine personoplysninger behandles i overensstemmelse med lovgivningen.\n\nKontaktoplysninger:\n\nFormand Heidi N\u00f8rby\nStoregade 18B\n6862 Tistrup\nMobil 28689836\nMail: Thgu.formand@gmail.com\n\nSom udgangspunkt behandler THGU ingen personoplysninger, der er tillagt en h\u00f8jere grad af beskyttelse.\n\n2. Hvad er form\u00e5lene med behandlingen?\nIndhentning af b\u00f8rneattester, p\u00e5 tr\u00e6ner og ledere\n\n3. Hvilke personoplysninger, der er tillagt en h\u00f8jere grad af beskyttelse, behandler vi?\nCPR-nummer.\n\n4. Hvem behandler vi oplysninger om?\nDer behandles oplysninger for de tr\u00e6nere og ledere hvor det er lovpligtigt at indhente b\u00f8rneattester.\n\n5. Hvem videregives oplysningerne til?\nVed indhentelse af b\u00f8rneattester videregives CPR-nummer til politiet. Herudover videregives personoplysninger i form af CPR-nummer, oplysninger om strafbare forhold til DIF og DGI, hvis en b\u00f8rneattest har anm\u00e6rkninger\n\n6. Hvorn\u00e5r sletter vi i foreningen personoplysninger, der er tillagt en h\u00f8jere grad af beskyttelse?\nB\u00f8rneattest oplysninger opbevares s\u00e5 l\u00e6nge personen fungerer i sit virke.\n\n7. Hvordan opbevarer vi de personoplysninger, der er tillagt en h\u00f8jere grad af beskyttelse?\nB\u00f8rneattester opbevares forsvarligt hos formanden.\n\n8. Hvad skal vi g\u00f8re, hvis der sker et brud p\u00e5 persondatasikkerheden?\nHvis alle eller nogle af de registrerede oplysninger bliver stj\u00e5let, hacket eller p\u00e5 anden m\u00e5de kompromitteret, kontakter vi vores hovedorganisation og dr\u00f8fter eventuel anmeldelse til politiet og til Datatilsynet.\n\n9. Hvad kan vores IT-system, og har vi t\u00e6nkt databeskyttelse ind i vores IT-systemer?\nVi benytter Conventus og har en databehandleraftale med firmaet. Conventus foretager automatisk sletning af personoplysninger efter fastsat procedure.","_et_gb_content_width":"","_monsterinsights_skip_tracking":false,"_monsterinsights_sitenote_active":false,"_monsterinsights_sitenote_note":"","_monsterinsights_sitenote_category":0,"footnotes":""},"class_list":["post-72","page","type-page","status-publish","hentry"],"_links":{"self":[{"href":"https:\/\/thgu.dk\/index.php?rest_route=\/wp\/v2\/pages\/72","targetHints":{"allow":["GET"]}}],"collection":[{"href":"https:\/\/thgu.dk\/index.php?rest_route=\/wp\/v2\/pages"}],"about":[{"href":"https:\/\/thgu.dk\/index.php?rest_route=\/wp\/v2\/types\/page"}],"author":[{"embeddable":true,"href":"https:\/\/thgu.dk\/index.php?rest_route=\/wp\/v2\/users\/2"}],"replies":[{"embeddable":true,"href":"https:\/\/thgu.dk\/index.php?rest_route=%2Fwp%2Fv2%2Fcomments&post=72"}],"version-history":[{"count":8,"href":"https:\/\/thgu.dk\/index.php?rest_route=\/wp\/v2\/pages\/72\/revisions"}],"predecessor-version":[{"id":1885,"href":"https:\/\/thgu.dk\/index.php?rest_route=\/wp\/v2\/pages\/72\/revisions\/1885"}],"up":[{"embeddable":true,"href":"https:\/\/thgu.dk\/index.php?rest_route=\/wp\/v2\/pages\/27"}],"wp:attachment":[{"href":"https:\/\/thgu.dk\/index.php?rest_route=%2Fwp%2Fv2%2Fmedia&parent=72"}],"curies":[{"name":"wp","href":"https:\/\/api.w.org\/{rel}","templated":true}]}}