{"id":68,"date":"2019-07-06T11:49:02","date_gmt":"2019-07-06T11:49:02","guid":{"rendered":"https:\/\/thgu.dk\/?page_id=68"},"modified":"2022-08-02T10:51:24","modified_gmt":"2022-08-02T08:51:24","slug":"68-2","status":"publish","type":"page","link":"https:\/\/thgu.dk\/?page_id=68","title":{"rendered":"Privatlivspolitik"},"content":{"rendered":"<p>[et_pb_section fb_built=&#8221;1&#8243; admin_label=&#8221;section&#8221; _builder_version=&#8221;4.17.6&#8243; hover_enabled=&#8221;0&#8243; global_colors_info=&#8221;{}&#8221; sticky_enabled=&#8221;0&#8243;][et_pb_row admin_label=&#8221;row&#8221; _builder_version=&#8221;4.16&#8243; background_size=&#8221;initial&#8221; background_position=&#8221;top_left&#8221; background_repeat=&#8221;repeat&#8221; global_colors_info=&#8221;{}&#8221;][et_pb_column type=&#8221;4_4&#8243; _builder_version=&#8221;4.16&#8243; custom_padding=&#8221;|||&#8221; global_colors_info=&#8221;{}&#8221; custom_padding__hover=&#8221;|||&#8221;][et_pb_text admin_label=&#8221;Text&#8221; _builder_version=&#8221;4.16&#8243; background_size=&#8221;initial&#8221; background_position=&#8221;top_left&#8221; background_repeat=&#8221;repeat&#8221; global_colors_info=&#8221;{}&#8221;]<strong>Privatlivspolitik<\/strong><\/p>\n<p>Privatlivspolitik for<br \/>\nTistrup Hodde Gymnastik og Ungdomsforening (THGU)<\/p>\n<p>THGU\u2019s dataansvar<br \/>\nVi behandler personoplysninger og har derfor vedtaget denne privatlivspolitik, der kort fort\u00e6ller dig, hvordan vi behandler dine personoplysninger til sikring af en fair og gennemsigtig behandling.<br \/>\nGennemg\u00e5ende for vores databehandling er, at vi kun behandler personoplysninger til bestemte form\u00e5l og ud fra berettigede (legitime) interesser. Vi behandler kun personoplysninger, der er relevante og n\u00f8dvendige til opfyldelse af de angivne form\u00e5l, og vi sletter dine oplysninger, n\u00e5r de ikke l\u00e6ngere er n\u00f8dvendige.<br \/>\nKontakt oplysninger p\u00e5 den dataansvarlige<br \/>\nTHGU er dataansvarlig, og vi sikrer, at dine personoplysninger behandles i overensstemmelse med lovgivningen.<br \/>\nKontakt oplysninger:<\/p>\n<p>Formand Heidi N\u00f8rby<br \/>\nStoregade 18B<br \/>\n6862 Tistrup<br \/>\nMobil 28689836<br \/>\nMail: Thgu.formand@gmail.com<\/p>\n<p>Behandling af personoplysninger<br \/>\nVi behandler f\u00f8lgende personoplysninger:<\/p>\n<p>1) Medlems oplysninger:<br \/>\nAlmindelige personoplysninger:<br \/>\nRegistrerings- og kontakt oplysninger som navn, k\u00f8n, adresse, indmeldelsesdato, telefonnummer, f\u00f8dselsdato, e-mailadresse<\/p>\n<p>2) Oplysninger om ledere og tr\u00e6nere:<br \/>\nAlmindelige personoplysninger:<br \/>\nKontakt oplysninger som adresse, telefonnummer og e-mailadresse<br \/>\nAndre oplysninger om tillidsposter, andre hverv i relation til foreningen og bankkontonummer.<br \/>\nPersonoplysninger, der er tillagt en h\u00f8jere grad af beskyttelse:<br \/>\nCPR-nummer, i forbindelse med indhentelse af b\u00f8rneattest.<\/p>\n<p>Her indsamler vi oplysninger fra<br \/>\nNormalt f\u00e5r vi oplysningerne fra dig. I nogle tilf\u00e6lde kan der v\u00e6re andre kilder:<br \/>\nOffentlige myndigheder, idr\u00e6ttens hovedorganisationer, f.eks. oplysninger om klubskifter, karant\u00e6ner og kursus deltagelse.<\/p>\n<p>Foreningens form\u00e5l med behandling af dine personoplysninger<br \/>\nVi behandler dine personoplysninger til bestemte form\u00e5l, n\u00e5r vi har en lovlig grund.<br \/>\nLovlige grunde til behandling er s\u00e6rligt:<br \/>\n\u2022 Foreningens berettigede (legitime) interesser i at behandle dine oplysninger (interesseafvejningsreglen)<br \/>\n\u2022 At det er n\u00f8dvendigt for at opfylde en kontrakt med dig<br \/>\n\u2022 Behandling efter lovkrav<br \/>\n\u2022 Behandling med samtykke<br \/>\nForm\u00e5lene:<br \/>\n1) Form\u00e5l med behandling af medlems oplysninger:<br \/>\n\u2022 Foreningens medlemsh\u00e5ndtering, herunder kontingentopkr\u00e6vning<br \/>\n\u2022 Som led i foreningens idr\u00e6tsaktiviteter og andre aktiviteter, herunder planl\u00e6gning, gennemf\u00f8relse og opf\u00f8lgning<br \/>\n\u2022 Opfyldelse af lovkrav, herunder folkeoplysningsloven<br \/>\n\u2022 Levering af varer og ydelser du har bestilt<br \/>\n\u2022 Administration af din relation til os.<br \/>\nForm\u00e5l med behandling af oplysninger p\u00e5 ledere og tr\u00e6nere:<br \/>\n\u2022 H\u00e5ndtering af tr\u00e6nernes og ledernes hverv og pligter i foreningen<br \/>\n\u2022 Overblik over og forbedring af erfaringer og kompetencer, herunder kurser<br \/>\n\u2022 Opfyldelse af lovkrav<br \/>\n\u2022 Udbetaling af l\u00f8n, godtg\u00f8relser, refusioner og lignende<br \/>\n\u2022 Administration af din relation til os<br \/>\nVi behandler kun personoplysninger ud fra legitime interesser<br \/>\nI det omfang vi behandler dine medlems oplysninger p\u00e5 baggrund af interesseafvejningsreglen, vil denne behandling udelukkende v\u00e6re motiveret af berettigede (legitime) interesser som:<\/p>\n<p>Ud\u00f8velse af idr\u00e6tsaktivitet, herunder udf\u00e6rdigelse af holdkort, holdopstillinger, interne resultatlister m.v.<br \/>\nH\u00e5ndtering af dine medlemsrettigheder i henhold til vedt\u00e6gterne m.v., herunder i forhold til generalforsamling<br \/>\nOpfyldelse af medlemspligter, herunder opkr\u00e6vning og betaling af kontingent m.v.<br \/>\nAfholdelse af sociale arrangementer, sportslige aktiviteter samt andre aktiviteter<br \/>\nBrug af situationsbilleder taget i foreningen, der afbilder en konkret aktivitet eller situation i foreningen<br \/>\nVideregivelse af dine almindelige personoplysninger til specialforbund i DIF, til DGI samt til DGI\u2019s landsdelskontorer, i relevant og n\u00f8dvendigt omfang i forbindelse med idr\u00e6tsaktivitet.<br \/>\nForeningen er medlem af idr\u00e6tsorganisationer, sker der videregivelse af oplysninger om ledere og tr\u00e6ner til disse, for at ledere og tr\u00e6nere kan modtage information og aktivitets- og kursustilbud fra disse idr\u00e6tsorganisationer<\/p>\n<p>Af praktiske og administrative hensyn opbevarer vi dine almindelige medlems oplysninger ogs\u00e5 i en periode efter din udmeldelse af foreningen<\/p>\n<p>Af hensyn til kontaktmuligheder kan der for b\u00f8rn og unge under 18 \u00e5r behandles oplysninger om for\u00e6ldrene<\/p>\n<p>Bevaring af oplysninger med historisk v\u00e6rdi til statistik og lignende<br \/>\nDin tilladelse<br \/>\nOftest vil vores behandling af dine personoplysninger basere sig p\u00e5 et andet lovligt grundlag end at du giver tilladelse. Vi indhenter derfor kun din tilladelse, n\u00e5r det i sj\u00e6ldne tilf\u00e6lde er n\u00f8dvendigt for at behandle dine personoplysninger til de form\u00e5l, der er beskrevet ovenfor.<br \/>\nHvis vi indhenter din tilladelse, er det frivilligt, om du vil give den, og du kan til enhver tid tr\u00e6kke den tilbage ved at give os besked om det.<br \/>\nN\u00e5r vi indhenter personoplysninger om b\u00f8rn og unge, foretager vi en vurdering af, om barnet selv er i stand til at afgive de p\u00e5g\u00e6ldende personoplysninger. Hvis ikke, indhenter vi tilladelse fra en for\u00e6lder. Vores udgangspunkt er 15 \u00e5r.<br \/>\nIndsamler vi personoplysninger p\u00e5 b\u00f8rn via informationstjenester (apps og sociale medier), kan b\u00f8rn fra og med de er fyldt 13 \u00e5r selv give tilladelse.<\/p>\n<p>Videregivelse af dine personoplysninger<br \/>\nI forbindelse med idr\u00e6tsaktivitet sker der videregivelse af oplysninger om deltagelse og resultater til relevante idr\u00e6tsorganisationer.<br \/>\nDer sker videregivelse af oplysninger om ledere og tr\u00e6nere i relevant omfang til idr\u00e6tsorganisationer, som foreningen er medlem af.<br \/>\nVi videregiver ikke personoplysninger til firmaer til markedsf\u00f8ring.<br \/>\nOpbevaring og sletning af dine personoplysninger<br \/>\nVi har forskellige behandlingsform\u00e5l og opbevaringsperioder alt efter, om vi behandler dine personoplysninger som medlem af foreningen, som ul\u00f8nnet leder eller tr\u00e6ner eller som l\u00f8nnet leder eller tr\u00e6ner:<br \/>\nMedlemmer:<br \/>\nVi vil opbevare dine personoplysninger i en periode fra medlemskabets oph\u00f8r og i overensstemmelse med f\u00f8lgende kriterier:<br \/>\n\u2022 Du betragtes som v\u00e6rende medlem i det \u00e5r du tilmelder dig en aktivitet og minimum frem til og med n\u00e6ste generalforsamling. Herefter vil vi af praktiske og administrative hensyn opbevarer dine almindelige medlems oplysninger frem til n\u00e6st kommende \u00e5rsskifte. Alts\u00e5 indev\u00e6rende \u00e5r plus et \u00e5r.<br \/>\nUl\u00f8nnede ledere og tr\u00e6nere:<br \/>\nVi vil opbevare dine personoplysninger i en periode fra oph\u00f8ret af dit virke og i overensstemmelse med f\u00f8lgende kriterier:<br \/>\n\u2022 Af praktiske og administrative hensyn opbevarer vi dine almindelige medlems oplysninger i op til 1 \u00e5r efter din udmeldelse af foreningen<br \/>\nL\u00f8nnede ledere og tr\u00e6nere:<br \/>\nVi vil opbevare dine personoplysninger i en periode fra oph\u00f8ret af dit virke og i overensstemmelse med f\u00f8lgende kriterier:<br \/>\nBogf\u00f8ringsbilag, herunder f.eks. l\u00f8nbilag, skal gemmes i 5 \u00e5r fra udl\u00f8bet af det regnskabs\u00e5r, som bilaget drejer sig om<br \/>\nVi opbevarer dog oplysninger p\u00e5 s\u00e5vel medlemmer, ledere og tr\u00e6nere til statistik og lignende, s\u00e5 l\u00e6nge de har historisk v\u00e6rdi.<br \/>\nDine rettigheder<br \/>\nDu har en r\u00e6kke s\u00e6rlige rettigheder efter persondataforordningen, n\u00e5r vi behandler personoplysninger om dig:<br \/>\n\u2022 Retten til at blive oplyst om behandlingen af data<br \/>\n\u2022 Retten til indsigt i egne personoplysninger<br \/>\n\u2022 Retten til berigtigelse<br \/>\n\u2022 Retten til sletning<br \/>\n\u2022 Retten til begr\u00e6nsning af behandling<br \/>\n\u2022 Retten til dataportabilitet (udlevering af data i et almindeligt anvendt format)<br \/>\n\u2022 Retten til indsigelse<br \/>\nDu kan g\u00f8re brug af dine rettigheder, herunder g\u00f8re indsigelse mod vores behandling, ved at henvende dig til os. Vores kontakt oplysninger finder du \u00f8verst. Du kan via medlemslogin p\u00e5 vores hjemmeside: www.sindinggif.dk, selv se og tilrette dine personoplysninger, samt se hvilke data der er gemt om dig.<br \/>\nDu kan altid indgive en klage til en databeskyttelsestilsynsmyndighed, f.eks. Datatilsynet.<\/p>\n<p>Revidering af privatlivspolitikken<br \/>\nVi forbeholder os retten til at foretage \u00e6ndringer i denne privatlivspolitik fra tid til anden. Ved \u00e6ndringer vil datoen \u00f8verst i privatlivspolitikken blive \u00e6ndret. Den til enhver tid g\u00e6ldende privatlivspolitik vil v\u00e6re tilg\u00e6ngelig p\u00e5 vores websted. Ved v\u00e6sentlige \u00e6ndringer vil du modtage meddelelse herom.[\/et_pb_text][\/et_pb_column][\/et_pb_row][\/et_pb_section]<\/p>\n","protected":false},"excerpt":{"rendered":"<p>Privatlivspolitik Privatlivspolitik for Tistrup Hodde Gymnastik og Ungdomsforening (THGU) THGU\u2019s dataansvar Vi behandler personoplysninger og har derfor vedtaget denne privatlivspolitik, der kort fort\u00e6ller dig, hvordan vi behandler dine personoplysninger til sikring af en fair og gennemsigtig behandling. Gennemg\u00e5ende for vores databehandling er, at vi kun behandler personoplysninger til bestemte form\u00e5l og ud fra berettigede (legitime) [&hellip;]<\/p>\n","protected":false},"author":2,"featured_media":0,"parent":27,"menu_order":0,"comment_status":"closed","ping_status":"closed","template":"","meta":{"_et_pb_use_builder":"on","_et_pb_old_content":"<strong>Privatlivspolitik<\/strong>\n\nPrivatlivspolitik for\nTistrup Hodde Gymnastik og Ungdomsforening (THGU)\n\nTHGU\u2019s dataansvar\nVi behandler personoplysninger og har derfor vedtaget denne privatlivspolitik, der kort fort\u00e6ller dig, hvordan vi behandler dine personoplysninger til sikring af en fair og gennemsigtig behandling.\nGennemg\u00e5ende for vores databehandling er, at vi kun behandler personoplysninger til bestemte form\u00e5l og ud fra berettigede (legitime) interesser. Vi behandler kun personoplysninger, der er relevante og n\u00f8dvendige til opfyldelse af de angivne form\u00e5l, og vi sletter dine oplysninger, n\u00e5r de ikke l\u00e6ngere er n\u00f8dvendige.\nKontakt oplysninger p\u00e5 den dataansvarlige\nTHGU er dataansvarlig, og vi sikrer, at dine personoplysninger behandles i overensstemmelse med lovgivningen.\nKontakt oplysninger:\n\nFormand Heidi N\u00f8rby\nStoregade 18B\n6862 Tistrup\nMobil 28689836\nMail: Thgu.formand@gmail.com\n\nBehandling af personoplysninger\nVi behandler f\u00f8lgende personoplysninger:\n\n1) Medlems oplysninger:\nAlmindelige personoplysninger:\nRegistrerings- og kontakt oplysninger som navn, k\u00f8n, adresse, indmeldelsesdato, telefonnummer, f\u00f8dselsdato, e-mailadresse\n\n2) Oplysninger om ledere og tr\u00e6nere:\nAlmindelige personoplysninger:\nKontakt oplysninger som adresse, telefonnummer og e-mailadresse\nAndre oplysninger om tillidsposter, andre hverv i relation til foreningen og bankkontonummer.\nPersonoplysninger, der er tillagt en h\u00f8jere grad af beskyttelse:\nCPR-nummer, i forbindelse med indhentelse af b\u00f8rneattest.\n\nHer indsamler vi oplysninger fra\nNormalt f\u00e5r vi oplysningerne fra dig. I nogle tilf\u00e6lde kan der v\u00e6re andre kilder:\nOffentlige myndigheder, idr\u00e6ttens hovedorganisationer, f.eks. oplysninger om klubskifter, karant\u00e6ner og kursus deltagelse.\n\nForeningens form\u00e5l med behandling af dine personoplysninger\nVi behandler dine personoplysninger til bestemte form\u00e5l, n\u00e5r vi har en lovlig grund.\nLovlige grunde til behandling er s\u00e6rligt:\n\u2022 Foreningens berettigede (legitime) interesser i at behandle dine oplysninger (interesseafvejningsreglen)\n\u2022 At det er n\u00f8dvendigt for at opfylde en kontrakt med dig\n\u2022 Behandling efter lovkrav\n\u2022 Behandling med samtykke\nForm\u00e5lene:\n1) Form\u00e5l med behandling af medlems oplysninger:\n\u2022 Foreningens medlemsh\u00e5ndtering, herunder kontingentopkr\u00e6vning\n\u2022 Som led i foreningens idr\u00e6tsaktiviteter og andre aktiviteter, herunder planl\u00e6gning, gennemf\u00f8relse og opf\u00f8lgning\n\u2022 Opfyldelse af lovkrav, herunder folkeoplysningsloven\n\u2022 Levering af varer og ydelser du har bestilt\n\u2022 Administration af din relation til os.\nForm\u00e5l med behandling af oplysninger p\u00e5 ledere og tr\u00e6nere:\n\u2022 H\u00e5ndtering af tr\u00e6nernes og ledernes hverv og pligter i foreningen\n\u2022 Overblik over og forbedring af erfaringer og kompetencer, herunder kurser\n\u2022 Opfyldelse af lovkrav\n\u2022 Udbetaling af l\u00f8n, godtg\u00f8relser, refusioner og lignende\n\u2022 Administration af din relation til os\nVi behandler kun personoplysninger ud fra legitime interesser\nI det omfang vi behandler dine medlems oplysninger p\u00e5 baggrund af interesseafvejningsreglen, vil denne behandling udelukkende v\u00e6re motiveret af berettigede (legitime) interesser som:\n\nUd\u00f8velse af idr\u00e6tsaktivitet, herunder udf\u00e6rdigelse af holdkort, holdopstillinger, interne resultatlister m.v.\nH\u00e5ndtering af dine medlemsrettigheder i henhold til vedt\u00e6gterne m.v., herunder i forhold til generalforsamling\nOpfyldelse af medlemspligter, herunder opkr\u00e6vning og betaling af kontingent m.v.\nAfholdelse af sociale arrangementer, sportslige aktiviteter samt andre aktiviteter\nBrug af situationsbilleder taget i foreningen, der afbilder en konkret aktivitet eller situation i foreningen\nVideregivelse af dine almindelige personoplysninger til specialforbund i DIF, til DGI samt til DGI\u2019s landsdelskontorer, i relevant og n\u00f8dvendigt omfang i forbindelse med idr\u00e6tsaktivitet.\nForeningen er medlem af idr\u00e6tsorganisationer, sker der videregivelse af oplysninger om ledere og tr\u00e6ner til disse, for at ledere og tr\u00e6nere kan modtage information og aktivitets- og kursustilbud fra disse idr\u00e6tsorganisationer\n\nAf praktiske og administrative hensyn opbevarer vi dine almindelige medlems oplysninger ogs\u00e5 i en periode efter din udmeldelse af foreningen\n\nAf hensyn til kontaktmuligheder kan der for b\u00f8rn og unge under 18 \u00e5r behandles oplysninger om for\u00e6ldrene\n\nBevaring af oplysninger med historisk v\u00e6rdi til statistik og lignende\nDin tilladelse\nOftest vil vores behandling af dine personoplysninger basere sig p\u00e5 et andet lovligt grundlag end at du giver tilladelse. Vi indhenter derfor kun din tilladelse, n\u00e5r det i sj\u00e6ldne tilf\u00e6lde er n\u00f8dvendigt for at behandle dine personoplysninger til de form\u00e5l, der er beskrevet ovenfor.\nHvis vi indhenter din tilladelse, er det frivilligt, om du vil give den, og du kan til enhver tid tr\u00e6kke den tilbage ved at give os besked om det.\nN\u00e5r vi indhenter personoplysninger om b\u00f8rn og unge, foretager vi en vurdering af, om barnet selv er i stand til at afgive de p\u00e5g\u00e6ldende personoplysninger. Hvis ikke, indhenter vi tilladelse fra en for\u00e6lder. Vores udgangspunkt er 15 \u00e5r.\nIndsamler vi personoplysninger p\u00e5 b\u00f8rn via informationstjenester (apps og sociale medier), kan b\u00f8rn fra og med de er fyldt 13 \u00e5r selv give tilladelse.\n\nVideregivelse af dine personoplysninger\nI forbindelse med idr\u00e6tsaktivitet sker der videregivelse af oplysninger om deltagelse og resultater til relevante idr\u00e6tsorganisationer.\nDer sker videregivelse af oplysninger om ledere og tr\u00e6nere i relevant omfang til idr\u00e6tsorganisationer, som foreningen er medlem af.\nVi videregiver ikke personoplysninger til firmaer til markedsf\u00f8ring.\nOpbevaring og sletning af dine personoplysninger\nVi har forskellige behandlingsform\u00e5l og opbevaringsperioder alt efter, om vi behandler dine personoplysninger som medlem af foreningen, som ul\u00f8nnet leder eller tr\u00e6ner eller som l\u00f8nnet leder eller tr\u00e6ner:\nMedlemmer:\nVi vil opbevare dine personoplysninger i en periode fra medlemskabets oph\u00f8r og i overensstemmelse med f\u00f8lgende kriterier:\n\u2022 Du betragtes som v\u00e6rende medlem i det \u00e5r du tilmelder dig en aktivitet og minimum frem til og med n\u00e6ste generalforsamling. Herefter vil vi af praktiske og administrative hensyn opbevarer dine almindelige medlems oplysninger frem til n\u00e6st kommende \u00e5rsskifte. Alts\u00e5 indev\u00e6rende \u00e5r plus et \u00e5r.\nUl\u00f8nnede ledere og tr\u00e6nere:\nVi vil opbevare dine personoplysninger i en periode fra oph\u00f8ret af dit virke og i overensstemmelse med f\u00f8lgende kriterier:\n\u2022 Af praktiske og administrative hensyn opbevarer vi dine almindelige medlems oplysninger i op til 1 \u00e5r efter din udmeldelse af foreningen\nL\u00f8nnede ledere og tr\u00e6nere:\nVi vil opbevare dine personoplysninger i en periode fra oph\u00f8ret af dit virke og i overensstemmelse med f\u00f8lgende kriterier:\nBogf\u00f8ringsbilag, herunder f.eks. l\u00f8nbilag, skal gemmes i 5 \u00e5r fra udl\u00f8bet af det regnskabs\u00e5r, som bilaget drejer sig om\nVi opbevarer dog oplysninger p\u00e5 s\u00e5vel medlemmer, ledere og tr\u00e6nere til statistik og lignende, s\u00e5 l\u00e6nge de har historisk v\u00e6rdi.\nDine rettigheder\nDu har en r\u00e6kke s\u00e6rlige rettigheder efter persondataforordningen, n\u00e5r vi behandler personoplysninger om dig:\n\u2022 Retten til at blive oplyst om behandlingen af data\n\u2022 Retten til indsigt i egne personoplysninger\n\u2022 Retten til berigtigelse\n\u2022 Retten til sletning\n\u2022 Retten til begr\u00e6nsning af behandling\n\u2022 Retten til dataportabilitet (udlevering af data i et almindeligt anvendt format)\n\u2022 Retten til indsigelse\nDu kan g\u00f8re brug af dine rettigheder, herunder g\u00f8re indsigelse mod vores behandling, ved at henvende dig til os. Vores kontakt oplysninger finder du \u00f8verst. Du kan via medlemslogin p\u00e5 vores hjemmeside: www.sindinggif.dk, selv se og tilrette dine personoplysninger, samt se hvilke data der er gemt om dig.\nDu kan altid indgive en klage til en databeskyttelsestilsynsmyndighed, f.eks. Datatilsynet.\n\nRevidering af privatlivspolitikken\nVi forbeholder os retten til at foretage \u00e6ndringer i denne privatlivspolitik fra tid til anden. Ved \u00e6ndringer vil datoen \u00f8verst i privatlivspolitikken blive \u00e6ndret. Den til enhver tid g\u00e6ldende privatlivspolitik vil v\u00e6re tilg\u00e6ngelig p\u00e5 vores websted. Ved v\u00e6sentlige \u00e6ndringer vil du modtage meddelelse herom.","_et_gb_content_width":"","_monsterinsights_skip_tracking":false,"_monsterinsights_sitenote_active":false,"_monsterinsights_sitenote_note":"","_monsterinsights_sitenote_category":0,"footnotes":""},"class_list":["post-68","page","type-page","status-publish","hentry"],"_links":{"self":[{"href":"https:\/\/thgu.dk\/index.php?rest_route=\/wp\/v2\/pages\/68","targetHints":{"allow":["GET"]}}],"collection":[{"href":"https:\/\/thgu.dk\/index.php?rest_route=\/wp\/v2\/pages"}],"about":[{"href":"https:\/\/thgu.dk\/index.php?rest_route=\/wp\/v2\/types\/page"}],"author":[{"embeddable":true,"href":"https:\/\/thgu.dk\/index.php?rest_route=\/wp\/v2\/users\/2"}],"replies":[{"embeddable":true,"href":"https:\/\/thgu.dk\/index.php?rest_route=%2Fwp%2Fv2%2Fcomments&post=68"}],"version-history":[{"count":6,"href":"https:\/\/thgu.dk\/index.php?rest_route=\/wp\/v2\/pages\/68\/revisions"}],"predecessor-version":[{"id":1888,"href":"https:\/\/thgu.dk\/index.php?rest_route=\/wp\/v2\/pages\/68\/revisions\/1888"}],"up":[{"embeddable":true,"href":"https:\/\/thgu.dk\/index.php?rest_route=\/wp\/v2\/pages\/27"}],"wp:attachment":[{"href":"https:\/\/thgu.dk\/index.php?rest_route=%2Fwp%2Fv2%2Fmedia&parent=68"}],"curies":[{"name":"wp","href":"https:\/\/api.w.org\/{rel}","templated":true}]}}