{"id":65,"date":"2019-07-04T11:52:22","date_gmt":"2019-07-04T11:52:22","guid":{"rendered":"https:\/\/thgu.dk\/?page_id=65"},"modified":"2024-08-27T09:50:04","modified_gmt":"2024-08-27T07:50:04","slug":"test","status":"publish","type":"page","link":"https:\/\/thgu.dk\/?page_id=65","title":{"rendered":"B\u00f8rn og unge"},"content":{"rendered":"<p>[et_pb_section fb_built=&#8221;1&#8243; admin_label=&#8221;section&#8221; _builder_version=&#8221;4.16&#8243; global_colors_info=&#8221;{}&#8221;][et_pb_row admin_label=&#8221;row&#8221; _builder_version=&#8221;4.16&#8243; background_size=&#8221;initial&#8221; background_position=&#8221;top_left&#8221; background_repeat=&#8221;repeat&#8221; global_colors_info=&#8221;{}&#8221;][et_pb_column type=&#8221;4_4&#8243; _builder_version=&#8221;4.16&#8243; custom_padding=&#8221;|||&#8221; global_colors_info=&#8221;{}&#8221; custom_padding__hover=&#8221;|||&#8221;][et_pb_text admin_label=&#8221;Text&#8221; _builder_version=&#8221;4.27.0&#8243; background_size=&#8221;initial&#8221; background_position=&#8221;top_left&#8221; background_repeat=&#8221;repeat&#8221; hover_enabled=&#8221;0&#8243; global_colors_info=&#8221;{}&#8221; sticky_enabled=&#8221;0&#8243;]<\/p>\n<p><strong>Junior<\/strong><\/p>\n<h3>Vi har desv\u00e6rre ikke fundet en tr\u00e6ner til juniorer og derfor ingen hold i denne s\u00e6son!!!<\/h3>\n<h4>Vi h\u00e5ber at det lykkes til n\u00e6ste \u00e5r<\/h4>\n<p>&nbsp;<\/p>\n<p>[\/et_pb_text][\/et_pb_column][\/et_pb_row][\/et_pb_section]<\/p>\n","protected":false},"excerpt":{"rendered":"<p>Junior Vi har desv\u00e6rre ikke fundet en tr\u00e6ner til juniorer og derfor ingen hold i denne s\u00e6son!!! Vi h\u00e5ber at det lykkes til n\u00e6ste \u00e5r &nbsp;<\/p>\n","protected":false},"author":2,"featured_media":0,"parent":19,"menu_order":0,"comment_status":"closed","ping_status":"closed","template":"","meta":{"_et_pb_use_builder":"on","_et_pb_old_content":"<strong>Junior<\/strong>\n\nVi mangler stadig en tr\u00e6ner til juniorspillerne. Vil du hj\u00e6lpe med tr\u00e6ningen, m\u00e5 du meget gerne kontakte os\n\nBadminton 2023 Junior starter p\u00e5 en ny s\u00e6son onsdag d. 18. august 2024 og spiller indtil d. 9 april 2023\n\n4.-10. klasse (interesserede b\u00f8rn i 3. klasse kan henvende sig til badmintonudvalget)\n<h2>Onsdage kl. 17.00-18.30<\/h2>\nPris: 650 kroner via onlinebetaling\n\nVed sp\u00f8rgsm\u00e5l kontakt os p\u00e5:\n\nthgu6862@gmail.com","_et_gb_content_width":"","_monsterinsights_skip_tracking":false,"_monsterinsights_sitenote_active":false,"_monsterinsights_sitenote_note":"","_monsterinsights_sitenote_category":0,"footnotes":""},"class_list":["post-65","page","type-page","status-publish","hentry"],"_links":{"self":[{"href":"https:\/\/thgu.dk\/index.php?rest_route=\/wp\/v2\/pages\/65","targetHints":{"allow":["GET"]}}],"collection":[{"href":"https:\/\/thgu.dk\/index.php?rest_route=\/wp\/v2\/pages"}],"about":[{"href":"https:\/\/thgu.dk\/index.php?rest_route=\/wp\/v2\/types\/page"}],"author":[{"embeddable":true,"href":"https:\/\/thgu.dk\/index.php?rest_route=\/wp\/v2\/users\/2"}],"replies":[{"embeddable":true,"href":"https:\/\/thgu.dk\/index.php?rest_route=%2Fwp%2Fv2%2Fcomments&post=65"}],"version-history":[{"count":22,"href":"https:\/\/thgu.dk\/index.php?rest_route=\/wp\/v2\/pages\/65\/revisions"}],"predecessor-version":[{"id":2538,"href":"https:\/\/thgu.dk\/index.php?rest_route=\/wp\/v2\/pages\/65\/revisions\/2538"}],"up":[{"embeddable":true,"href":"https:\/\/thgu.dk\/index.php?rest_route=\/wp\/v2\/pages\/19"}],"wp:attachment":[{"href":"https:\/\/thgu.dk\/index.php?rest_route=%2Fwp%2Fv2%2Fmedia&parent=65"}],"curies":[{"name":"wp","href":"https:\/\/api.w.org\/{rel}","templated":true}]}}