{"id":62,"date":"2019-05-24T17:48:10","date_gmt":"2019-05-24T15:48:10","guid":{"rendered":"https:\/\/thgu.dk\/?page_id=62"},"modified":"2022-08-17T12:55:27","modified_gmt":"2022-08-17T10:55:27","slug":"motionsmaend","status":"publish","type":"page","link":"https:\/\/thgu.dk\/?page_id=62","title":{"rendered":"Motionsm\u00e6nd"},"content":{"rendered":"<p>Holdet, hvor du f\u00e5r brugt de fleste muskler, f\u00e5r konditionstr\u00e6ning og lidt hjernegymnastik. Forh\u00e5bentlig er det ogs\u00e5 sjovt.<\/p>\n<p>I omkl\u00e6dningsrummet er &#8220;evaluering&#8221; af aftenens tr\u00e6ning og rigest tilstand en meget vigtig del.<\/p>\n<p>M\u00f8d frisk op og bliv bev\u00e6get !!!!<\/p>\n<p>Gl\u00e6der mig til at vi ses.<\/p>\n<p>Kirsten C<\/p>\n<p>N\u00e6sbjerg<\/p>\n","protected":false},"excerpt":{"rendered":"<p>Holdet, hvor du f\u00e5r brugt de fleste muskler, f\u00e5r konditionstr\u00e6ning og lidt hjernegymnastik. Forh\u00e5bentlig er det ogs\u00e5 sjovt. I omkl\u00e6dningsrummet er &#8220;evaluering&#8221; af aftenens tr\u00e6ning og rigest tilstand en meget vigtig del. M\u00f8d frisk op og bliv bev\u00e6get !!!! Gl\u00e6der mig til at vi ses. Kirsten C N\u00e6sbjerg<\/p>\n","protected":false},"author":2,"featured_media":0,"parent":17,"menu_order":7,"comment_status":"closed","ping_status":"closed","template":"","meta":{"_et_pb_use_builder":"","_et_pb_old_content":"","_et_gb_content_width":"","_monsterinsights_skip_tracking":false,"_monsterinsights_sitenote_active":false,"_monsterinsights_sitenote_note":"","_monsterinsights_sitenote_category":0,"footnotes":""},"class_list":["post-62","page","type-page","status-publish","hentry"],"_links":{"self":[{"href":"https:\/\/thgu.dk\/index.php?rest_route=\/wp\/v2\/pages\/62","targetHints":{"allow":["GET"]}}],"collection":[{"href":"https:\/\/thgu.dk\/index.php?rest_route=\/wp\/v2\/pages"}],"about":[{"href":"https:\/\/thgu.dk\/index.php?rest_route=\/wp\/v2\/types\/page"}],"author":[{"embeddable":true,"href":"https:\/\/thgu.dk\/index.php?rest_route=\/wp\/v2\/users\/2"}],"replies":[{"embeddable":true,"href":"https:\/\/thgu.dk\/index.php?rest_route=%2Fwp%2Fv2%2Fcomments&post=62"}],"version-history":[{"count":3,"href":"https:\/\/thgu.dk\/index.php?rest_route=\/wp\/v2\/pages\/62\/revisions"}],"predecessor-version":[{"id":120,"href":"https:\/\/thgu.dk\/index.php?rest_route=\/wp\/v2\/pages\/62\/revisions\/120"}],"up":[{"embeddable":true,"href":"https:\/\/thgu.dk\/index.php?rest_route=\/wp\/v2\/pages\/17"}],"wp:attachment":[{"href":"https:\/\/thgu.dk\/index.php?rest_route=%2Fwp%2Fv2%2Fmedia&parent=62"}],"curies":[{"name":"wp","href":"https:\/\/api.w.org\/{rel}","templated":true}]}}