{"id":59,"date":"2019-05-24T17:39:18","date_gmt":"2019-05-24T15:39:18","guid":{"rendered":"https:\/\/thgu.dk\/?page_id=59"},"modified":"2023-09-09T15:44:15","modified_gmt":"2023-09-09T13:44:15","slug":"spring","status":"publish","type":"page","link":"https:\/\/thgu.dk\/?page_id=59","title":{"rendered":"Store Spring"},"content":{"rendered":"\n\n[et_pb_section fb_built=&#8221;1&#8243; admin_label=&#8221;section&#8221; _builder_version=&#8221;4.16&#8243; global_colors_info=&#8221;{}&#8221;][et_pb_row admin_label=&#8221;row&#8221; _builder_version=&#8221;4.16&#8243; background_size=&#8221;initial&#8221; background_position=&#8221;top_left&#8221; background_repeat=&#8221;repeat&#8221; global_colors_info=&#8221;{}&#8221;][et_pb_column type=&#8221;4_4&#8243; _builder_version=&#8221;4.16&#8243; custom_padding=&#8221;|||&#8221; global_colors_info=&#8221;{}&#8221; custom_padding__hover=&#8221;|||&#8221;][et_pb_text admin_label=&#8221;Text&#8221; _builder_version=&#8221;4.22.1&#8243; background_size=&#8221;initial&#8221; background_position=&#8221;top_left&#8221; background_repeat=&#8221;repeat&#8221; hover_enabled=&#8221;0&#8243; global_colors_info=&#8221;{}&#8221; sticky_enabled=&#8221;0&#8243;]<p><strong>Store spring<\/strong><\/p>\n<p>Store spring er for b\u00f8rn i alderen 9 &#8211; 14 \u00e5r.<\/p>\n<p>Her laver vi forskellige spring og udfordre b\u00f8rnene p\u00e5 et niveau de er p\u00e5, s\u00e5 de kan videre udvikle sig. Allen kan v\u00e6re med. Der vil v\u00e6re rig mulighed for at l\u00e6re, \u00f8ve, udvikle og blive bedre til de forskellige spring.<\/p>\n<p>Timerne starter med opvarmning for at forebygge skader. Efterf\u00f8lgende vil vi stille forskellige springbaner op, hvor der anvendes forskellige redskaber.<\/p>\n<p>P\u00e5 denne m\u00e5de f\u00e5r man lov til at afpr\u00f8ve en masse forskellige springbaner i l\u00f8bet af s\u00e6sonen<\/p>\n<p>&nbsp;<\/p>[\/et_pb_text][\/et_pb_column][\/et_pb_row][\/et_pb_section]\n\n","protected":false},"excerpt":{"rendered":"<p>Store spring Store spring er for b\u00f8rn i alderen 9 &#8211; 14 \u00e5r. Her laver vi forskellige spring og udfordre b\u00f8rnene p\u00e5 et niveau de er p\u00e5, s\u00e5 de kan videre udvikle sig. Allen kan v\u00e6re med. Der vil v\u00e6re rig mulighed for at l\u00e6re, \u00f8ve, udvikle og blive bedre til de forskellige spring. Timerne [&hellip;]<\/p>\n","protected":false},"author":2,"featured_media":0,"parent":17,"menu_order":6,"comment_status":"closed","ping_status":"closed","template":"","meta":{"_et_pb_use_builder":"on","_et_pb_old_content":"tekst kommer","_et_gb_content_width":"","_monsterinsights_skip_tracking":false,"_monsterinsights_sitenote_active":false,"_monsterinsights_sitenote_note":"","_monsterinsights_sitenote_category":0,"footnotes":""},"class_list":["post-59","page","type-page","status-publish","hentry"],"_links":{"self":[{"href":"https:\/\/thgu.dk\/index.php?rest_route=\/wp\/v2\/pages\/59","targetHints":{"allow":["GET"]}}],"collection":[{"href":"https:\/\/thgu.dk\/index.php?rest_route=\/wp\/v2\/pages"}],"about":[{"href":"https:\/\/thgu.dk\/index.php?rest_route=\/wp\/v2\/types\/page"}],"author":[{"embeddable":true,"href":"https:\/\/thgu.dk\/index.php?rest_route=\/wp\/v2\/users\/2"}],"replies":[{"embeddable":true,"href":"https:\/\/thgu.dk\/index.php?rest_route=%2Fwp%2Fv2%2Fcomments&post=59"}],"version-history":[{"count":15,"href":"https:\/\/thgu.dk\/index.php?rest_route=\/wp\/v2\/pages\/59\/revisions"}],"predecessor-version":[{"id":2379,"href":"https:\/\/thgu.dk\/index.php?rest_route=\/wp\/v2\/pages\/59\/revisions\/2379"}],"up":[{"embeddable":true,"href":"https:\/\/thgu.dk\/index.php?rest_route=\/wp\/v2\/pages\/17"}],"wp:attachment":[{"href":"https:\/\/thgu.dk\/index.php?rest_route=%2Fwp%2Fv2%2Fmedia&parent=59"}],"curies":[{"name":"wp","href":"https:\/\/api.w.org\/{rel}","templated":true}]}}