{"id":53,"date":"2019-05-24T17:38:18","date_gmt":"2019-05-24T15:38:18","guid":{"rendered":"https:\/\/thgu.dk\/?page_id=53"},"modified":"2023-09-09T15:37:02","modified_gmt":"2023-09-09T13:37:02","slug":"puslinge","status":"publish","type":"page","link":"https:\/\/thgu.dk\/?page_id=53","title":{"rendered":"Puslinge"},"content":{"rendered":"<p>[et_pb_section fb_built=&#8221;1&#8243; admin_label=&#8221;section&#8221; _builder_version=&#8221;4.16&#8243; global_colors_info=&#8221;{}&#8221;][et_pb_row admin_label=&#8221;row&#8221; _builder_version=&#8221;4.16&#8243; background_size=&#8221;initial&#8221; background_position=&#8221;top_left&#8221; background_repeat=&#8221;repeat&#8221; global_colors_info=&#8221;{}&#8221;][et_pb_column type=&#8221;4_4&#8243; _builder_version=&#8221;4.16&#8243; custom_padding=&#8221;|||&#8221; global_colors_info=&#8221;{}&#8221; custom_padding__hover=&#8221;|||&#8221;][et_pb_text admin_label=&#8221;Text&#8221; _builder_version=&#8221;4.22.1&#8243; background_size=&#8221;initial&#8221; background_position=&#8221;top_left&#8221; background_repeat=&#8221;repeat&#8221; hover_enabled=&#8221;0&#8243; global_colors_info=&#8221;{}&#8221; sticky_enabled=&#8221;0&#8243;]<\/p>\n<p><strong>Puslinge<\/strong><\/p>\n<p>Puslinge er holdet med plads til alle i alderen 3 &#8211; 4 \u00e5r.<\/p>\n<p>Et hold med struktur, leg og spring, samt et hold med ansvarlige instrukt\u00f8rer-<\/p>\n<p>Vi ser frem til at m\u00f8de jer med \u00e5bne arme og give en masse gl\u00e6de til jer.<\/p>\n<p>[\/et_pb_text][\/et_pb_column][\/et_pb_row][\/et_pb_section]<\/p>\n","protected":false},"excerpt":{"rendered":"<p>Puslinge Puslinge er holdet med plads til alle i alderen 3 &#8211; 4 \u00e5r. Et hold med struktur, leg og spring, samt et hold med ansvarlige instrukt\u00f8rer- Vi ser frem til at m\u00f8de jer med \u00e5bne arme og give en masse gl\u00e6de til jer.<\/p>\n","protected":false},"author":2,"featured_media":0,"parent":17,"menu_order":2,"comment_status":"closed","ping_status":"closed","template":"","meta":{"_et_pb_use_builder":"on","_et_pb_old_content":"Puslingeholdet er et hold med plads til alle. Et hold med struktur, leg og spring, samt et gold med ansvarlige instrukt\u00f8rer. Vi ser frem til at m\u00f8de jer med \u00e5bne arme og give en masse gl\u00e6de til jer.","_et_gb_content_width":"","_monsterinsights_skip_tracking":false,"_monsterinsights_sitenote_active":false,"_monsterinsights_sitenote_note":"","_monsterinsights_sitenote_category":0,"footnotes":""},"class_list":["post-53","page","type-page","status-publish","hentry"],"_links":{"self":[{"href":"https:\/\/thgu.dk\/index.php?rest_route=\/wp\/v2\/pages\/53","targetHints":{"allow":["GET"]}}],"collection":[{"href":"https:\/\/thgu.dk\/index.php?rest_route=\/wp\/v2\/pages"}],"about":[{"href":"https:\/\/thgu.dk\/index.php?rest_route=\/wp\/v2\/types\/page"}],"author":[{"embeddable":true,"href":"https:\/\/thgu.dk\/index.php?rest_route=\/wp\/v2\/users\/2"}],"replies":[{"embeddable":true,"href":"https:\/\/thgu.dk\/index.php?rest_route=%2Fwp%2Fv2%2Fcomments&post=53"}],"version-history":[{"count":6,"href":"https:\/\/thgu.dk\/index.php?rest_route=\/wp\/v2\/pages\/53\/revisions"}],"predecessor-version":[{"id":2375,"href":"https:\/\/thgu.dk\/index.php?rest_route=\/wp\/v2\/pages\/53\/revisions\/2375"}],"up":[{"embeddable":true,"href":"https:\/\/thgu.dk\/index.php?rest_route=\/wp\/v2\/pages\/17"}],"wp:attachment":[{"href":"https:\/\/thgu.dk\/index.php?rest_route=%2Fwp%2Fv2%2Fmedia&parent=53"}],"curies":[{"name":"wp","href":"https:\/\/api.w.org\/{rel}","templated":true}]}}