{"id":50,"date":"2019-05-24T17:37:32","date_gmt":"2019-05-24T15:37:32","guid":{"rendered":"https:\/\/thgu.dk\/?page_id=50"},"modified":"2023-09-09T15:38:21","modified_gmt":"2023-09-09T13:38:21","slug":"leg-og-tons","status":"publish","type":"page","link":"https:\/\/thgu.dk\/?page_id=50","title":{"rendered":"Leg og Tons"},"content":{"rendered":"<p>[et_pb_section fb_built=&#8221;1&#8243; admin_label=&#8221;section&#8221; _builder_version=&#8221;4.16&#8243; global_colors_info=&#8221;{}&#8221;][et_pb_row admin_label=&#8221;row&#8221; _builder_version=&#8221;4.16&#8243; background_size=&#8221;initial&#8221; background_position=&#8221;top_left&#8221; background_repeat=&#8221;repeat&#8221; global_colors_info=&#8221;{}&#8221;][et_pb_column type=&#8221;4_4&#8243; _builder_version=&#8221;4.16&#8243; custom_padding=&#8221;|||&#8221; global_colors_info=&#8221;{}&#8221; custom_padding__hover=&#8221;|||&#8221;][et_pb_text admin_label=&#8221;Text&#8221; _builder_version=&#8221;4.22.1&#8243; background_size=&#8221;initial&#8221; background_position=&#8221;top_left&#8221; background_repeat=&#8221;repeat&#8221; hover_enabled=&#8221;0&#8243; global_colors_info=&#8221;{}&#8221; sticky_enabled=&#8221;0&#8243;]<\/p>\n<p><strong>Leg og tons<\/strong><\/p>\n<p>Leg og tons er for b\u00f8rn i alderen 5 &#8211; 6 \u00e5r.<\/p>\n<p>Leg og tons er et hold med fokus p\u00e5 motorik og grundl\u00e6ggende spring\u00f8velser. Igennem leg og redskabsbrug bliver b\u00f8rnene udfordret p\u00e5 hver deres niveau og vi vil s\u00f8rge for at de f\u00e5r nogle sjove timer.<\/p>\n<p>[\/et_pb_text][\/et_pb_column][\/et_pb_row][\/et_pb_section]<\/p>\n","protected":false},"excerpt":{"rendered":"<p>Leg og tons Leg og tons er for b\u00f8rn i alderen 5 &#8211; 6 \u00e5r. Leg og tons er et hold med fokus p\u00e5 motorik og grundl\u00e6ggende spring\u00f8velser. Igennem leg og redskabsbrug bliver b\u00f8rnene udfordret p\u00e5 hver deres niveau og vi vil s\u00f8rge for at de f\u00e5r nogle sjove timer.<\/p>\n","protected":false},"author":2,"featured_media":0,"parent":17,"menu_order":3,"comment_status":"closed","ping_status":"closed","template":"","meta":{"_et_pb_use_builder":"on","_et_pb_old_content":"Leg og tons er et hold med fokus p\u00e5 motorik og grundl\u00e6ggende spring\u00f8velser.\r\n\r\nIgennem leg og redskabsbrug bliver b\u00f8rnene udfordret p\u00e5 hvert deres niveau og vi vil s\u00f8rge for at de f\u00e5r nogle sjove timer.\r\n\r\nDet er for 0.-2. klasse.\r\n\r\nVi ses.","_et_gb_content_width":"","_monsterinsights_skip_tracking":false,"_monsterinsights_sitenote_active":false,"_monsterinsights_sitenote_note":"","_monsterinsights_sitenote_category":0,"footnotes":""},"class_list":["post-50","page","type-page","status-publish","hentry"],"_links":{"self":[{"href":"https:\/\/thgu.dk\/index.php?rest_route=\/wp\/v2\/pages\/50","targetHints":{"allow":["GET"]}}],"collection":[{"href":"https:\/\/thgu.dk\/index.php?rest_route=\/wp\/v2\/pages"}],"about":[{"href":"https:\/\/thgu.dk\/index.php?rest_route=\/wp\/v2\/types\/page"}],"author":[{"embeddable":true,"href":"https:\/\/thgu.dk\/index.php?rest_route=\/wp\/v2\/users\/2"}],"replies":[{"embeddable":true,"href":"https:\/\/thgu.dk\/index.php?rest_route=%2Fwp%2Fv2%2Fcomments&post=50"}],"version-history":[{"count":6,"href":"https:\/\/thgu.dk\/index.php?rest_route=\/wp\/v2\/pages\/50\/revisions"}],"predecessor-version":[{"id":2377,"href":"https:\/\/thgu.dk\/index.php?rest_route=\/wp\/v2\/pages\/50\/revisions\/2377"}],"up":[{"embeddable":true,"href":"https:\/\/thgu.dk\/index.php?rest_route=\/wp\/v2\/pages\/17"}],"wp:attachment":[{"href":"https:\/\/thgu.dk\/index.php?rest_route=%2Fwp%2Fv2%2Fmedia&parent=50"}],"curies":[{"name":"wp","href":"https:\/\/api.w.org\/{rel}","templated":true}]}}