{"id":5,"date":"2019-04-03T08:01:26","date_gmt":"2019-04-03T06:01:26","guid":{"rendered":"https:\/\/thgu.dk\/?page_id=5"},"modified":"2024-09-12T07:48:02","modified_gmt":"2024-09-12T05:48:02","slug":"onlinebetaling","status":"publish","type":"page","link":"https:\/\/thgu.dk\/?page_id=5","title":{"rendered":"Onlinebetaling"},"content":{"rendered":"<p>[et_pb_section fb_built=&#8221;1&#8243; admin_label=&#8221;section&#8221; _builder_version=&#8221;4.16&#8243; global_colors_info=&#8221;{}&#8221;][et_pb_row admin_label=&#8221;row&#8221; _builder_version=&#8221;4.16&#8243; background_size=&#8221;initial&#8221; background_position=&#8221;top_left&#8221; background_repeat=&#8221;repeat&#8221; global_colors_info=&#8221;{}&#8221;][et_pb_column type=&#8221;4_4&#8243; _builder_version=&#8221;4.16&#8243; custom_padding=&#8221;|||&#8221; global_colors_info=&#8221;{}&#8221; custom_padding__hover=&#8221;|||&#8221;][et_pb_text admin_label=&#8221;Text&#8221; _builder_version=&#8221;4.22.2&#8243; background_size=&#8221;initial&#8221; background_position=&#8221;top_left&#8221; background_repeat=&#8221;repeat&#8221; global_colors_info=&#8221;{}&#8221;]<!-- divi:paragraph {\"fontSize\":\"medium\"} --><\/p>\n<p class=\"has-medium-font-size\"><span style=\"color: #0c71c3;\"><strong><a href=\"https:\/\/www.conventus.dk\/dataudv\/www\/holdoversigt_ny_iframe.php?foreningsid=4166&amp;afdelingsid=16614&amp;handelsbetingelser=1&amp;reservationer=vis&amp;skjul_nyt_medlem=0&amp;skjul_allerede_medlem=0&amp;raekkefoelge=alfabetisk&amp;sprog=auto&amp;vis_adresse=0&amp;knap_placering=horisontal&amp;highlight=pris&amp;start=periode;ledige_pladser&amp;info=tid_sted;alder;betaling;tilmelding;tilmeld_aabner_om;ledere;om_holdet\" style=\"color: #0c71c3;\">Badminton<\/a><\/strong><\/span><\/p>\n<p><span style=\"color: #0c71c3;\"><!-- \/divi:paragraph --><\/span><\/p>\n<p><span style=\"color: #0c71c3;\"><!-- divi:paragraph {\"fontSize\":\"medium\"} --><\/span><\/p>\n<p class=\"has-medium-font-size\"><span style=\"color: #0c71c3;\"><a href=\"https:\/\/www.conventus.dk\/dataudv\/www\/holdoversigt_ny_iframe.php?foreningsid=4166&amp;afdelingsid=16610&amp;handelsbetingelser=1&amp;reservationer=vis&amp;skjul_nyt_medlem=0&amp;skjul_allerede_medlem=0&amp;raekkefoelge=alfabetisk&amp;sprog=auto&amp;vis_adresse=0&amp;knap_placering=horisontal&amp;highlight=pris&amp;start=periode;ledige_pladser&amp;info=tid_sted;alder;betaling;tilmelding;tilmeld_aabner_om;ledere;om_holdet\" style=\"color: #0c71c3;\"><strong>H\u00e5ndbold<\/strong><\/a><!-- \/divi:paragraph --><\/span><\/p>\n<p><span style=\"color: #0c71c3;\"><!-- divi:paragraph {\"fontSize\":\"medium\"} --><\/span><\/p>\n<p class=\"has-medium-font-size\"><span style=\"color: #0c71c3;\"><strong><a href=\"https:\/\/www.conventus.dk\/dataudv\/www\/holdoversigt_ny_iframe.php?foreningsid=4166&amp;afdelingsid=16609&amp;handelsbetingelser=1&amp;reservationer=vis&amp;skjul_nyt_medlem=0&amp;skjul_allerede_medlem=0&amp;raekkefoelge=alfabetisk&amp;sprog=auto&amp;vis_adresse=0&amp;knap_placering=horisontal&amp;highlight=pris&amp;start=periode;ledige_pladser&amp;info=tid_sted;alder;betaling;tilmelding;tilmeld_aabner_om;ledere;om_holdet\" style=\"color: #0c71c3;\">Gymnastik og yoga<\/a><\/strong><\/span><\/p>\n<p><span style=\"color: #0c71c3;\"><!-- \/divi:paragraph --><\/span><\/p>\n<p><span style=\"color: #0c71c3;\"><!-- divi:paragraph {\"fontSize\":\"medium\"} --><\/span><\/p>\n<p class=\"has-medium-font-size\"><span style=\"color: #0c71c3;\"><strong><a href=\"https:\/\/www.conventus.dk\/dataudv\/www\/holdoversigt_ny_iframe.php?foreningsid=4166&amp;afdelingsid=16613&amp;handelsbetingelser=1&amp;reservationer=vis&amp;skjul_nyt_medlem=0&amp;skjul_allerede_medlem=0&amp;raekkefoelge=alfabetisk&amp;sprog=auto&amp;vis_adresse=0&amp;knap_placering=horisontal&amp;highlight=pris&amp;start=periode;ledige_pladser&amp;info=tid_sted;alder;betaling;tilmelding;tilmeld_aabner_om;ledere;om_holdet\" style=\"color: #0c71c3;\">Idr\u00e6t om dagen<\/a><\/strong><\/span><\/p>\n<p><span style=\"color: #0c71c3;\"><!-- \/divi:paragraph --><\/span><\/p>\n<p><span style=\"color: #0c71c3;\"><!-- divi:paragraph {\"fontSize\":\"medium\"} --><\/span><\/p>\n<p class=\"has-medium-font-size\"><strong><span style=\"color: #0c71c3;\"><a href=\"https:\/\/www.conventus.dk\/dataudv\/www\/holdoversigt_ny_iframe.php?foreningsid=4166&amp;afdelingsid=62241&amp;handelsbetingelser=1&amp;reservationer=vis&amp;skjul_nyt_medlem=0&amp;skjul_allerede_medlem=0&amp;raekkefoelge=alfabetisk&amp;sprog=auto&amp;vis_adresse=0&amp;knap_placering=horisontal&amp;highlight=pris&amp;start=periode;ledige_pladser&amp;info=tid_sted;alder;betaling;tilmelding;tilmeld_aabner_om;ledere;om_holdet\" style=\"color: #0c71c3;\">Karate<\/a><\/span><\/strong><\/p>\n<p><strong> <\/strong><\/p>\n<p><strong><\/strong><\/p>\n<p class=\"has-medium-font-size\"><a href=\"https:\/\/www.conventus.dk\/dataudv\/www\/online_booking.php?forening=4166&amp;wizard=dbl&amp;dato=single&amp;til_dato_dage=6&amp;bookinger_tid=vaelg_fri_tid&amp;fast_tid=false&amp;bookinger_opdel=ressourcer#?ressourcer=43701;43702;43703;43704;43705\"><span style=\"color: #0c71c3;\"><strong>Pickelball<\/strong><\/span><\/a><!-- divi:columns --><\/p>\n<p class=\"has-medium-font-size\"><span style=\"color: #0c71c3;\"><strong><\/strong><\/span><\/p>\n<p class=\"has-medium-font-size\"><span style=\"color: #0c71c3;\"><\/span><\/p>\n<p class=\"has-medium-font-size\"><span style=\"color: #0c71c3;\"><\/span><\/p>\n<p class=\"has-medium-font-size\"><a href=\"https:\/\/www.conventus.dk\/dataudv\/www\/new_tilmelding.php?foreningsid=4166&amp;gruppe=945617&amp;skjul_nyt_medlem=0&amp;skjul_allerede_medlem=0\" style=\"font-size: 14px; background-color: #ffffff;\"><span style=\"font-size: large;\"><span style=\"font-size: 18px; font-weight: bold;\"><span style=\"font-size: 18px; color: #0c71c3;\">1. Jumping &#8211; Tank op = Tilmeld gruppe<\/span><\/span><\/span><\/a><span style=\"color: #0c71c3;\"><\/span><\/p>\n<p class=\"has-medium-font-size\"><b style=\"font-size: 18px; background-color: #ffffff; color: #0c71c3;\">2. <span style=\"color: #0c96f2;\"><a href=\"https:\/\/www.conventus.dk\/medlemslogin\/index.php?forening=4166\" style=\"color: #0c96f2;\">Medlemslogin = Tank op<\/a><\/span><\/b><span style=\"color: #0c71c3;\"><\/span><\/p>\n<p class=\"has-medium-font-size\"><a href=\"https:\/\/www.conventus.dk\/dataudv\/www\/booking_v2_liste_link.php?forening=4166&amp;vis=30&amp;ressourcer=9643;44829;9602&amp;kategorier=30729&amp;kun_egne=false&amp;skyggebookinger=true&amp;type=2&amp;gruppeAfd=afdeling_16609&amp;layout=relativ&amp;columns=dato;tid;kategori;ressource;ledig;antal_pl;book&amp;heads=day\" style=\"font-size: 20px; background-color: #ffffff;\"><span style=\"font-size: 20px; font-weight: bold;\"><span style=\"font-size: 20px; color: #0c71c3;\">3. Jumping book p\u00e5 hold<\/span><\/span><\/a><span style=\"color: #0c71c3;\"><\/span><\/p>\n<p><span style=\"font-size: large;\"><\/span><\/p>\n<p class=\"has-medium-font-size\">\n<p class=\"has-medium-font-size\">\n<div class=\"wp-block-columns\"><!-- divi:column --><\/p>\n<div class=\"wp-block-column\"><\/div>\n<p><!-- \/divi:column --> <!-- divi:column --><\/p>\n<div class=\"wp-block-column\"><\/div>\n<p><!-- \/divi:column --><\/div>\n<p>&nbsp;<\/p>\n<p>&nbsp;<\/p>\n<p>&nbsp;<\/p>\n<p>&nbsp;<\/p>\n<p>&nbsp;<\/p>\n<p>&nbsp;<\/p>\n<p>&nbsp;<\/p>\n<p>&nbsp;<\/p>\n<p>&nbsp;<\/p>\n<p><!-- \/divi:columns -->[\/et_pb_text][\/et_pb_column][\/et_pb_row][\/et_pb_section]<\/p>\n","protected":false},"excerpt":{"rendered":"<p>Badminton H\u00e5ndbold Gymnastik og yoga Idr\u00e6t om dagen Karate Pickelball 1. Jumping &#8211; Tank op = Tilmeld gruppe 2. Medlemslogin = Tank op 3. Jumping book p\u00e5 hold &nbsp; &nbsp; &nbsp; &nbsp; &nbsp; &nbsp; &nbsp; &nbsp; &nbsp;<\/p>\n","protected":false},"author":2,"featured_media":0,"parent":27,"menu_order":0,"comment_status":"closed","ping_status":"closed","template":"","meta":{"_et_pb_use_builder":"on","_et_pb_old_content":"<!-- wp:paragraph {\"fontSize\":\"medium\"} -->\n<p class=\"has-medium-font-size\"><strong><a href=\"https:\/\/www.conventus.dk\/dataudv\/www\/holdoversigt_ny_iframe.php?foreningsid=4166&amp;afdelingsid=16614&amp;handelsbetingelser=1&amp;reservationer=vis&amp;skjul_nyt_medlem=0&amp;skjul_allerede_medlem=0&amp;raekkefoelge=alfabetisk&amp;sprog=auto&amp;vis_adresse=0&amp;knap_placering=horisontal&amp;highlight=pris&amp;start=periode;ledige_pladser&amp;info=tid_sted;alder;betaling;tilmelding;tilmeld_aabner_om;ledere;om_holdet\">Badminton<\/a><\/strong><\/p>\n<!-- \/wp:paragraph -->\n\n<!-- wp:paragraph {\"fontSize\":\"medium\"} -->\n<p class=\"has-medium-font-size\"><a href=\"https:\/\/www.conventus.dk\/dataudv\/www\/holdoversigt_ny_iframe.php?foreningsid=4166&amp;afdelingsid=16610&amp;handelsbetingelser=1&amp;reservationer=vis&amp;skjul_nyt_medlem=0&amp;skjul_allerede_medlem=0&amp;raekkefoelge=alfabetisk&amp;sprog=auto&amp;vis_adresse=0&amp;knap_placering=horisontal&amp;highlight=pris&amp;start=periode;ledige_pladser&amp;info=tid_sted;alder;betaling;tilmelding;tilmeld_aabner_om;ledere;om_holdet\"><strong>H\u00e5ndbold<\/strong><\/a><\/p>\n<!-- \/wp:paragraph -->\n\n<!-- wp:paragraph {\"fontSize\":\"medium\"} -->\n<p class=\"has-medium-font-size\"><strong><a href=\"https:\/\/www.conventus.dk\/dataudv\/www\/holdoversigt_ny_iframe.php?foreningsid=4166&amp;afdelingsid=16609&amp;handelsbetingelser=1&amp;reservationer=vis&amp;skjul_nyt_medlem=0&amp;skjul_allerede_medlem=0&amp;raekkefoelge=alfabetisk&amp;sprog=auto&amp;vis_adresse=0&amp;knap_placering=horisontal&amp;highlight=pris&amp;start=periode;ledige_pladser&amp;info=tid_sted;alder;betaling;tilmelding;tilmeld_aabner_om;ledere;om_holdet\">Gymnastik og yoga<\/a><\/strong><\/p>\n<!-- \/wp:paragraph -->\n\n<!-- wp:paragraph {\"fontSize\":\"medium\"} -->\n<p class=\"has-medium-font-size\"><strong><a href=\"https:\/\/www.conventus.dk\/dataudv\/www\/holdoversigt_ny_iframe.php?foreningsid=4166&amp;afdelingsid=16613&amp;handelsbetingelser=1&amp;reservationer=vis&amp;skjul_nyt_medlem=0&amp;skjul_allerede_medlem=0&amp;raekkefoelge=alfabetisk&amp;sprog=auto&amp;vis_adresse=0&amp;knap_placering=horisontal&amp;highlight=pris&amp;start=periode;ledige_pladser&amp;info=tid_sted;alder;betaling;tilmelding;tilmeld_aabner_om;ledere;om_holdet\">Idr\u00e6t om dagen<\/a><\/strong><\/p>\n<!-- \/wp:paragraph -->\n\n<!-- wp:paragraph {\"fontSize\":\"medium\"} -->\n<p class=\"has-medium-font-size\"><strong><a href=\"https:\/\/www.conventus.dk\/dataudv\/www\/holdoversigt_ny_iframe.php?foreningsid=4166&amp;afdelingsid=62241&amp;handelsbetingelser=1&amp;reservationer=vis&amp;skjul_nyt_medlem=0&amp;skjul_allerede_medlem=0&amp;raekkefoelge=alfabetisk&amp;sprog=auto&amp;vis_adresse=0&amp;knap_placering=horisontal&amp;highlight=pris&amp;start=periode;ledige_pladser&amp;info=tid_sted;alder;betaling;tilmelding;tilmeld_aabner_om;ledere;om_holdet\">Karate<\/a><\/strong><\/p>\n<!-- \/wp:paragraph -->\n\n<!-- wp:columns -->\n<div class=\"wp-block-columns\"><!-- wp:column -->\n<div class=\"wp-block-column\"><\/div>\n<!-- \/wp:column -->\n\n<!-- wp:column -->\n<div class=\"wp-block-column\"><\/div>\n<!-- \/wp:column --><\/div>\n<!-- \/wp:columns -->","_et_gb_content_width":"","_monsterinsights_skip_tracking":false,"_monsterinsights_sitenote_active":false,"_monsterinsights_sitenote_note":"","_monsterinsights_sitenote_category":0,"footnotes":""},"class_list":["post-5","page","type-page","status-publish","hentry"],"_links":{"self":[{"href":"https:\/\/thgu.dk\/index.php?rest_route=\/wp\/v2\/pages\/5","targetHints":{"allow":["GET"]}}],"collection":[{"href":"https:\/\/thgu.dk\/index.php?rest_route=\/wp\/v2\/pages"}],"about":[{"href":"https:\/\/thgu.dk\/index.php?rest_route=\/wp\/v2\/types\/page"}],"author":[{"embeddable":true,"href":"https:\/\/thgu.dk\/index.php?rest_route=\/wp\/v2\/users\/2"}],"replies":[{"embeddable":true,"href":"https:\/\/thgu.dk\/index.php?rest_route=%2Fwp%2Fv2%2Fcomments&post=5"}],"version-history":[{"count":48,"href":"https:\/\/thgu.dk\/index.php?rest_route=\/wp\/v2\/pages\/5\/revisions"}],"predecessor-version":[{"id":2630,"href":"https:\/\/thgu.dk\/index.php?rest_route=\/wp\/v2\/pages\/5\/revisions\/2630"}],"up":[{"embeddable":true,"href":"https:\/\/thgu.dk\/index.php?rest_route=\/wp\/v2\/pages\/27"}],"wp:attachment":[{"href":"https:\/\/thgu.dk\/index.php?rest_route=%2Fwp%2Fv2%2Fmedia&parent=5"}],"curies":[{"name":"wp","href":"https:\/\/api.w.org\/{rel}","templated":true}]}}