{"id":47,"date":"2019-05-24T17:36:17","date_gmt":"2019-05-24T15:36:17","guid":{"rendered":"https:\/\/thgu.dk\/?page_id=47"},"modified":"2022-08-17T13:08:55","modified_gmt":"2022-08-17T11:08:55","slug":"foraeldre-barn","status":"publish","type":"page","link":"https:\/\/thgu.dk\/?page_id=47","title":{"rendered":"For\u00e6ldre\/barn"},"content":{"rendered":"<p>For\u00e6ldre\/barn er for b\u00f8rn som er i starten af deres motoriske udvikling samt deres for\u00e6ldre.<\/p>\n<p>Til hver tr\u00e6ning vil vi som opstart synge og lege med b\u00f8rnene. Efterf\u00f8lgende vil vi lave forskellige redskabsbaner, hvor der er rig mulighed for at br\u00e6nde en masse krudt af og for at udvikle sig motorisk.<\/p>\n<p>For\u00e6ldrene vil v\u00e6re en vigtig del af tr\u00e6ningen for at give tryghed og hj\u00e6lp til barnet under deres f\u00f8rste m\u00f8de med gymnastikken.<br \/>\nB\u00e5de mor og far er velkomne og man m\u00e5 gerne skiftes.<\/p>\n<p>Vi gl\u00e6der os til at se jer.<\/p>\n","protected":false},"excerpt":{"rendered":"<p>For\u00e6ldre\/barn er for b\u00f8rn som er i starten af deres motoriske udvikling samt deres for\u00e6ldre. Til hver tr\u00e6ning vil vi som opstart synge og lege med b\u00f8rnene. Efterf\u00f8lgende vil vi lave forskellige redskabsbaner, hvor der er rig mulighed for at br\u00e6nde en masse krudt af og for at udvikle sig motorisk. For\u00e6ldrene vil v\u00e6re en [&hellip;]<\/p>\n","protected":false},"author":2,"featured_media":0,"parent":17,"menu_order":1,"comment_status":"closed","ping_status":"closed","template":"","meta":{"_et_pb_use_builder":"","_et_pb_old_content":"","_et_gb_content_width":"","_monsterinsights_skip_tracking":false,"_monsterinsights_sitenote_active":false,"_monsterinsights_sitenote_note":"","_monsterinsights_sitenote_category":0,"footnotes":""},"class_list":["post-47","page","type-page","status-publish","hentry"],"_links":{"self":[{"href":"https:\/\/thgu.dk\/index.php?rest_route=\/wp\/v2\/pages\/47","targetHints":{"allow":["GET"]}}],"collection":[{"href":"https:\/\/thgu.dk\/index.php?rest_route=\/wp\/v2\/pages"}],"about":[{"href":"https:\/\/thgu.dk\/index.php?rest_route=\/wp\/v2\/types\/page"}],"author":[{"embeddable":true,"href":"https:\/\/thgu.dk\/index.php?rest_route=\/wp\/v2\/users\/2"}],"replies":[{"embeddable":true,"href":"https:\/\/thgu.dk\/index.php?rest_route=%2Fwp%2Fv2%2Fcomments&post=47"}],"version-history":[{"count":3,"href":"https:\/\/thgu.dk\/index.php?rest_route=\/wp\/v2\/pages\/47\/revisions"}],"predecessor-version":[{"id":116,"href":"https:\/\/thgu.dk\/index.php?rest_route=\/wp\/v2\/pages\/47\/revisions\/116"}],"up":[{"embeddable":true,"href":"https:\/\/thgu.dk\/index.php?rest_route=\/wp\/v2\/pages\/17"}],"wp:attachment":[{"href":"https:\/\/thgu.dk\/index.php?rest_route=%2Fwp%2Fv2%2Fmedia&parent=47"}],"curies":[{"name":"wp","href":"https:\/\/api.w.org\/{rel}","templated":true}]}}