{"id":281,"date":"2020-09-30T14:51:43","date_gmt":"2020-09-30T12:51:43","guid":{"rendered":"https:\/\/thgu.dk\/?page_id=281"},"modified":"2026-01-13T16:47:20","modified_gmt":"2026-01-13T14:47:20","slug":"karate","status":"publish","type":"page","link":"https:\/\/thgu.dk\/?page_id=281","title":{"rendered":"Karate"},"content":{"rendered":"<p>[et_pb_section fb_built=&#8221;1&#8243; _builder_version=&#8221;4.16&#8243; _module_preset=&#8221;default&#8221; width=&#8221;100%&#8221; max_width=&#8221;100%&#8221; hover_enabled=&#8221;0&#8243; global_colors_info=&#8221;{}&#8221; sticky_enabled=&#8221;0&#8243;][et_pb_row _builder_version=&#8221;4.16&#8243; _module_preset=&#8221;default&#8221; width=&#8221;105%&#8221; max_width=&#8221;100%&#8221; custom_margin=&#8221;-75px||-106px||false|false&#8221; global_colors_info=&#8221;{}&#8221;][et_pb_column type=&#8221;4_4&#8243; _builder_version=&#8221;4.16&#8243; _module_preset=&#8221;default&#8221; global_colors_info=&#8221;{}&#8221;][et_pb_slider use_bg_overlay=&#8221;on&#8221; bg_overlay_color=&#8221;RGBA(0,0,0,0)&#8221; use_text_overlay=&#8221;on&#8221; text_overlay_color=&#8221;rgba(12,113,195,0.36)&#8221; text_border_radius=&#8221;55px&#8221; module_class=&#8221;dr_slider_arrow_4 &#8221; _builder_version=&#8221;4.18.0&#8243; _module_preset=&#8221;default&#8221; header_level=&#8221;h1&#8243; header_font=&#8221;Poppins|700|||||||&#8221; header_text_align=&#8221;left&#8221; header_text_color=&#8221;#FFFFFF&#8221; header_font_size=&#8221;50px&#8221; header_line_height=&#8221;1.4em&#8221; body_font=&#8221;Poppins||||||||&#8221; body_text_color=&#8221;#FFFFFF&#8221; body_font_size=&#8221;16px&#8221; body_line_height=&#8221;1.9em&#8221; background_color=&#8221;rgba(0,0,0,0.21)&#8221; background_image=&#8221;http:\/\/thgu.dk\/wp-content\/uploads\/2021\/06\/FB_IMG_1505833226620.jpg&#8221; background_blend=&#8221;overlay&#8221; custom_button=&#8221;on&#8221; button_text_size=&#8221;22px&#8221; button_text_color=&#8221;#FFFFFF&#8221; button_bg_color=&#8221;#0C71C3&#8243; button_border_color=&#8221;#8300E9&#8243; button_font=&#8221;Poppins||||||||&#8221; button_alignment=&#8221;left&#8221; max_width=&#8221;100%&#8221; module_alignment=&#8221;center&#8221; min_height=&#8221;554.8px&#8221; custom_margin=&#8221;-3px||-3px||false|false&#8221; custom_padding=&#8221;124px||124px||true|false&#8221; custom_padding_tablet=&#8221;&#8221; custom_padding_phone=&#8221;58px||58px||true|false&#8221; custom_padding_last_edited=&#8221;on|phone&#8221; filter_saturate=&#8221;98%&#8221; auto=&#8221;on&#8221; auto_ignore_hover=&#8221;on&#8221; header_font_size_tablet=&#8221;&#8221; header_font_size_phone=&#8221;20px&#8221; header_font_size_last_edited=&#8221;on|phone&#8221; body_font_size_tablet=&#8221;&#8221; body_font_size_phone=&#8221;12px&#8221; body_font_size_last_edited=&#8221;on|phone&#8221; button_text_size_tablet=&#8221;&#8221; button_text_size_phone=&#8221;14px&#8221; button_text_size_last_edited=&#8221;on|phone&#8221; custom_css_slide_description=&#8221;animation-name:flipInY;||-webkit-animation-duration: 2s;||-moz-animation-duration: 2s;||-ms-animation-duration: 22s;||-o-animation-duration: 2s;||animation-duration: 2s;||||-webkit-animation-delay: 23s;||-moz-animation-delay: 2s;||-ms-animation-delay: 2s;||-o-animation-delay: 2s;||animation-delay: 2s;&#8221; custom_css_slide_button=&#8221; border-style: solid!Important;|| border-width: 0px!Important;|| border-color: rgb(255,255,255)!Important;|||| border-left-style: solid!Important;|| border-left-width: 5px!Important;|| border-left-color: rgb(255,255,255)!Important;|||| border-right-style: solid!Important;|| border-right-width: 5px!Important;|| border-right-color: rgb(255,255,255)!Important;||||&#8221; global_colors_info=&#8221;{}&#8221;][et_pb_slide heading=&#8221;Tistrup karate&#8221; content_tablet=&#8221;&#8221; content_phone=&#8221;<\/p>\n<h1>Velkommen<\/h1>\n<p><b>I Tistrup Hodde H\u00e5ndbold v\u00e6rner vi om det lokale idr\u00e6tsliv<\/b><\/p>\n<p>&#8221; content_last_edited=&#8221;on|phone&#8221; _builder_version=&#8221;4.16&#8243; _module_preset=&#8221;default&#8221; header_level=&#8221;h1&#8243; header_font=&#8221;Poppins|700|||||||&#8221; header_text_color=&#8221;#FFFFFF&#8221; body_font=&#8221;Poppins||||||||&#8221; body_text_color=&#8221;#FFFFFF&#8221; background_color=&#8221;rgba(0,0,0,0.21)&#8221; background_enable_color=&#8221;on&#8221; background_image=&#8221;http:\/\/thgu.dk\/wp-content\/uploads\/2021\/10\/karate-top.png&#8221; background_enable_image=&#8221;on&#8221; background_blend=&#8221;overlay&#8221; custom_button=&#8221;on&#8221; button_text_color=&#8221;#FFFFFF&#8221; button_bg_color=&#8221;#0C71C3&#8243; button_font=&#8221;Poppins||||||||&#8221; header_font_size_tablet=&#8221;&#8221; header_font_size_phone=&#8221;20px&#8221; header_font_size_last_edited=&#8221;on|phone&#8221; custom_css_slide_description=&#8221;animation-name:flipInY;||-webkit-animation-duration: 2s;||-moz-animation-duration: 2s;||-ms-animation-duration: 22s;||-o-animation-duration: 2s;||animation-duration: 2s;||||-webkit-animation-delay: 23s;||-moz-animation-delay: 2s;||-ms-animation-delay: 2s;||-o-animation-delay: 2s;||animation-delay: 2s;&#8221; global_colors_info=&#8221;{}&#8221; sticky_transition=&#8221;on&#8221;]<\/p>\n<h1 style=\"text-align: left;\">VELKOMMEN<\/h1>\n<p style=\"text-align: left;\">[\/et_pb_slide][et_pb_slide heading=&#8221;Tistrup karate&#8221; content_tablet=&#8221;&#8221; content_phone=&#8221;<\/p>\n<h1>Vores hold<\/h1>\n<p>&#8221; content_last_edited=&#8221;on|phone&#8221; _builder_version=&#8221;4.18.0&#8243; _module_preset=&#8221;default&#8221; header_level=&#8221;h1&#8243; header_font=&#8221;Poppins|700|||||||&#8221; header_text_color=&#8221;#FFFFFF&#8221; body_font=&#8221;Poppins||||||||&#8221; body_text_color=&#8221;#FFFFFF&#8221; background_color=&#8221;rgba(0,0,0,0.21)&#8221; background_enable_color=&#8221;on&#8221; background_image=&#8221;http:\/\/thgu.dk\/wp-content\/uploads\/2021\/10\/karate-6-1.png&#8221; background_enable_image=&#8221;on&#8221; background_blend=&#8221;overlay&#8221; custom_button=&#8221;on&#8221; button_text_color=&#8221;#FFFFFF&#8221; button_bg_color=&#8221;#0C71C3&#8243; button_font=&#8221;Poppins||||||||&#8221; header_font_size_tablet=&#8221;&#8221; header_font_size_phone=&#8221;20px&#8221; header_font_size_last_edited=&#8221;on|phone&#8221; custom_css_slide_description=&#8221;animation-name:flipInY;||-webkit-animation-duration: 2s;||-moz-animation-duration: 2s;||-ms-animation-duration: 22s;||-o-animation-duration: 2s;||animation-duration: 2s;||||-webkit-animation-delay: 23s;||-moz-animation-delay: 2s;||-ms-animation-delay: 2s;||-o-animation-delay: 2s;||animation-delay: 2s;&#8221; global_colors_info=&#8221;{}&#8221; sticky_transition=&#8221;on&#8221;]<\/p>\n<h1 style=\"text-align: left;\">F\u00e6llesskab og f\u00e6lles tr\u00e6ning<\/h1>\n<p style=\"text-align: left;\">[\/et_pb_slide][et_pb_slide heading=&#8221;Tistrup karate&#8221; content_tablet=&#8221;&#8221; content_phone=&#8221;<\/p>\n<h1>Vores hold<\/h1>\n<p>&#8221; content_last_edited=&#8221;on|phone&#8221; _builder_version=&#8221;4.16&#8243; _module_preset=&#8221;default&#8221; header_level=&#8221;h1&#8243; header_font=&#8221;Poppins|700|||||||&#8221; header_text_color=&#8221;#FFFFFF&#8221; body_font=&#8221;Poppins||||||||&#8221; body_text_color=&#8221;#FFFFFF&#8221; background_color=&#8221;rgba(0,0,0,0.21)&#8221; background_enable_color=&#8221;on&#8221; background_image=&#8221;http:\/\/thgu.dk\/wp-content\/uploads\/2021\/10\/karate-3-1.png&#8221; background_enable_image=&#8221;on&#8221; background_blend=&#8221;overlay&#8221; custom_button=&#8221;on&#8221; button_text_color=&#8221;#FFFFFF&#8221; button_bg_color=&#8221;#0C71C3&#8243; button_font=&#8221;Poppins||||||||&#8221; header_font_size_tablet=&#8221;&#8221; header_font_size_phone=&#8221;20px&#8221; header_font_size_last_edited=&#8221;on|phone&#8221; custom_css_slide_description=&#8221;animation-name:flipInY;||-webkit-animation-duration: 2s;||-moz-animation-duration: 2s;||-ms-animation-duration: 22s;||-o-animation-duration: 2s;||animation-duration: 2s;||||-webkit-animation-delay: 23s;||-moz-animation-delay: 2s;||-ms-animation-delay: 2s;||-o-animation-delay: 2s;||animation-delay: 2s;&#8221; global_colors_info=&#8221;{}&#8221; sticky_transition=&#8221;on&#8221;]<\/p>\n<h1 style=\"text-align: left;\">Fantastisk motion til alle<\/h1>\n<p style=\"text-align: left;\">[\/et_pb_slide][et_pb_slide heading=&#8221;Tistrup karate&#8221; content_tablet=&#8221;&#8221; content_phone=&#8221;<\/p>\n<h1>Vores hold<\/h1>\n<p>&#8221; content_last_edited=&#8221;on|phone&#8221; _builder_version=&#8221;4.16&#8243; _module_preset=&#8221;default&#8221; header_level=&#8221;h1&#8243; header_font=&#8221;Poppins|700|||||||&#8221; header_text_color=&#8221;#FFFFFF&#8221; body_font=&#8221;Poppins||||||||&#8221; body_text_color=&#8221;#FFFFFF&#8221; background_color=&#8221;rgba(0,0,0,0.21)&#8221; background_enable_color=&#8221;on&#8221; background_image=&#8221;http:\/\/thgu.dk\/wp-content\/uploads\/2021\/10\/karate-2-1.png&#8221; background_enable_image=&#8221;on&#8221; background_blend=&#8221;overlay&#8221; custom_button=&#8221;on&#8221; button_text_color=&#8221;#FFFFFF&#8221; button_bg_color=&#8221;#0C71C3&#8243; button_font=&#8221;Poppins||||||||&#8221; header_font_size_tablet=&#8221;&#8221; header_font_size_phone=&#8221;20px&#8221; header_font_size_last_edited=&#8221;on|phone&#8221; custom_css_slide_description=&#8221;animation-name:flipInY;||-webkit-animation-duration: 2s;||-moz-animation-duration: 2s;||-ms-animation-duration: 22s;||-o-animation-duration: 2s;||animation-duration: 2s;||||-webkit-animation-delay: 23s;||-moz-animation-delay: 2s;||-ms-animation-delay: 2s;||-o-animation-delay: 2s;||animation-delay: 2s;&#8221; global_colors_info=&#8221;{}&#8221; sticky_transition=&#8221;on&#8221;]<\/p>\n<h1 style=\"text-align: left;\">God motion til b\u00f8rn<\/h1>\n<p style=\"text-align: left;\">[\/et_pb_slide][et_pb_slide heading=&#8221;Tistrup karate&#8221; content_tablet=&#8221;&#8221; content_phone=&#8221;<\/p>\n<h1>Vores hold<\/h1>\n<p>&#8221; content_last_edited=&#8221;on|phone&#8221; _builder_version=&#8221;4.16&#8243; _module_preset=&#8221;default&#8221; header_level=&#8221;h1&#8243; header_font=&#8221;Poppins|700|||||||&#8221; header_text_color=&#8221;#FFFFFF&#8221; body_font=&#8221;Poppins||||||||&#8221; body_text_color=&#8221;#FFFFFF&#8221; background_color=&#8221;rgba(0,0,0,0.21)&#8221; background_enable_color=&#8221;on&#8221; background_image=&#8221;http:\/\/thgu.dk\/wp-content\/uploads\/2021\/10\/karate-4-1.png&#8221; background_enable_image=&#8221;on&#8221; background_blend=&#8221;overlay&#8221; custom_button=&#8221;on&#8221; button_text_color=&#8221;#FFFFFF&#8221; button_bg_color=&#8221;#0C71C3&#8243; button_font=&#8221;Poppins||||||||&#8221; header_font_size_tablet=&#8221;&#8221; header_font_size_phone=&#8221;20px&#8221; header_font_size_last_edited=&#8221;on|phone&#8221; custom_css_slide_description=&#8221;animation-name:flipInY;||-webkit-animation-duration: 2s;||-moz-animation-duration: 2s;||-ms-animation-duration: 22s;||-o-animation-duration: 2s;||animation-duration: 2s;||||-webkit-animation-delay: 23s;||-moz-animation-delay: 2s;||-ms-animation-delay: 2s;||-o-animation-delay: 2s;||animation-delay: 2s;&#8221; global_colors_info=&#8221;{}&#8221; sticky_transition=&#8221;on&#8221;]<\/p>\n<h1 style=\"text-align: left;\">Koncentration<\/h1>\n<p style=\"text-align: left;\">[\/et_pb_slide][\/et_pb_slider][\/et_pb_column][\/et_pb_row][\/et_pb_section][et_pb_section fb_built=&#8221;1&#8243; _builder_version=&#8221;4.16&#8243; _module_preset=&#8221;default&#8221; transform_translate=&#8221;0px|303px&#8221; transform_translate_linked=&#8221;off&#8221; min_height=&#8221;955px&#8221; min_height_tablet=&#8221;&#8221; min_height_phone=&#8221;1000px&#8221; min_height_last_edited=&#8221;on|phone&#8221; height_tablet=&#8221;&#8221; height_phone=&#8221;&#8221; height_last_edited=&#8221;on|phone&#8221; max_height_tablet=&#8221;&#8221; max_height_phone=&#8221;1000px&#8221; max_height_last_edited=&#8221;on|phone&#8221; custom_margin=&#8221;-44px||0px||false|false&#8221; custom_margin_tablet=&#8221;&#8221; custom_margin_phone=&#8221;16px|-1px|||false|false&#8221; custom_margin_last_edited=&#8221;on|phone&#8221; custom_padding=&#8221;0px|0px|0px|0px|false|false&#8221; module_alignment_tablet=&#8221;&#8221; module_alignment_phone=&#8221;&#8221; module_alignment_last_edited=&#8221;on|desktop&#8221; global_colors_info=&#8221;{}&#8221;][et_pb_row column_structure=&#8221;1_2,1_2&#8243; _builder_version=&#8221;4.16&#8243; _module_preset=&#8221;default&#8221; transform_translate=&#8221;0px|-220px&#8221; transform_translate_linked=&#8221;off&#8221; global_colors_info=&#8221;{}&#8221;][et_pb_column type=&#8221;1_2&#8243; _builder_version=&#8221;4.16&#8243; _module_preset=&#8221;default&#8221; global_colors_info=&#8221;{}&#8221;][et_pb_text _builder_version=&#8221;4.16&#8243; _module_preset=&#8221;default&#8221; text_font=&#8221;Montserrat|500|||||||&#8221; text_font_size=&#8221;31px&#8221; global_colors_info=&#8221;{}&#8221;]<\/p>\n<p>F\u00f8lg os p\u00e5 Facebook<\/p>\n<p>[\/et_pb_text][et_pb_image src=&#8221;http:\/\/thgu.dk\/wp-content\/uploads\/2021\/11\/fb_icon_325x325.png&#8221; title_text=&#8221;fb_icon_325x325&#8243; url=&#8221;https:\/\/www.facebook.com\/groups\/268080380480603&#8243; _builder_version=&#8221;4.20.2&#8243; _module_preset=&#8221;default&#8221; transform_scale=&#8221;56%|56%&#8221; global_colors_info=&#8221;{}&#8221;][\/et_pb_image][\/et_pb_column][et_pb_column type=&#8221;1_2&#8243; _builder_version=&#8221;4.16&#8243; _module_preset=&#8221;default&#8221; global_colors_info=&#8221;{}&#8221;][et_pb_text _builder_version=&#8221;4.20.2&#8243; _module_preset=&#8221;default&#8221; text_font=&#8221;Montserrat|500|||||||&#8221; text_font_size=&#8221;31px&#8221; global_colors_info=&#8221;{}&#8221;]<\/p>\n<p>Kalender<\/p>\n<p>[\/et_pb_text][et_pb_text _builder_version=&#8221;4.20.2&#8243; _module_preset=&#8221;default&#8221; global_colors_info=&#8221;{}&#8221;]<\/p>\n<p><strong>Tr\u00e6ningstider<\/strong><\/p>\n<p><strong>se mere klik <a href=\"https:\/\/thgu.dk\/klubben\/traeningstider\/\">HER<\/a><\/strong><\/p>\n<p>[\/et_pb_text][\/et_pb_column][\/et_pb_row][\/et_pb_section][et_pb_section fb_built=&#8221;1&#8243; _builder_version=&#8221;4.16&#8243; _module_preset=&#8221;default&#8221; custom_margin=&#8221;-151px|||||&#8221; custom_padding=&#8221;2px|||||&#8221; global_colors_info=&#8221;{}&#8221;][et_pb_row _builder_version=&#8221;4.16&#8243; _module_preset=&#8221;default&#8221; global_colors_info=&#8221;{}&#8221;][et_pb_column type=&#8221;4_4&#8243; _builder_version=&#8221;4.16&#8243; _module_preset=&#8221;default&#8221; global_colors_info=&#8221;{}&#8221;][et_pb_text _builder_version=&#8221;4.16&#8243; _module_preset=&#8221;default&#8221; global_colors_info=&#8221;{}&#8221;]<\/p>\n<p><strong>Galleri Tistrup karate<\/strong><\/p>\n<p>[\/et_pb_text][et_pb_gallery gallery_ids=&#8221;1407,1406,1405,1404,1398&#8243; _builder_version=&#8221;4.16&#8243; _module_preset=&#8221;default&#8221; global_colors_info=&#8221;{}&#8221;][\/et_pb_gallery][\/et_pb_column][\/et_pb_row][\/et_pb_section]<\/p>\n","protected":false},"excerpt":{"rendered":"<p>VELKOMMEN F\u00e6llesskab og f\u00e6lles tr\u00e6ning Fantastisk motion til alle God motion til b\u00f8rn Koncentration F\u00f8lg os p\u00e5 FacebookKalenderTr\u00e6ningstider se mere klik HERGalleri Tistrup karate<\/p>\n","protected":false},"author":2,"featured_media":0,"parent":0,"menu_order":0,"comment_status":"closed","ping_status":"closed","template":"","meta":{"_et_pb_use_builder":"on","_et_pb_old_content":"KARATE FOR ALLE\n\nVI TR\u00c6NER i MINIHALLEN.\n\nF\u00e5 nye Karate venner.&nbsp;Er du \u00f8vet, nystartet eller karate nysgerrig, ung eller \u00e6ldre, s\u00e5 er du velkommen hos os og du kan f\u00e5 noget ud af, at tr\u00e6ne karate hos Tistrup Shotokan Karate-Do.\n\nKaratetr\u00e6ning giver sved p\u00e5 panden, styrke, selvtillid, hurtighed og du bliver b\u00e5de smidig og st\u00e6rk ved at tr\u00e6ne karate.\n\nVi venter p\u00e5 jer!","_et_gb_content_width":"","_monsterinsights_skip_tracking":false,"_monsterinsights_sitenote_active":false,"_monsterinsights_sitenote_note":"","_monsterinsights_sitenote_category":0,"footnotes":""},"class_list":["post-281","page","type-page","status-publish","hentry"],"_links":{"self":[{"href":"https:\/\/thgu.dk\/index.php?rest_route=\/wp\/v2\/pages\/281","targetHints":{"allow":["GET"]}}],"collection":[{"href":"https:\/\/thgu.dk\/index.php?rest_route=\/wp\/v2\/pages"}],"about":[{"href":"https:\/\/thgu.dk\/index.php?rest_route=\/wp\/v2\/types\/page"}],"author":[{"embeddable":true,"href":"https:\/\/thgu.dk\/index.php?rest_route=\/wp\/v2\/users\/2"}],"replies":[{"embeddable":true,"href":"https:\/\/thgu.dk\/index.php?rest_route=%2Fwp%2Fv2%2Fcomments&post=281"}],"version-history":[{"count":25,"href":"https:\/\/thgu.dk\/index.php?rest_route=\/wp\/v2\/pages\/281\/revisions"}],"predecessor-version":[{"id":2804,"href":"https:\/\/thgu.dk\/index.php?rest_route=\/wp\/v2\/pages\/281\/revisions\/2804"}],"wp:attachment":[{"href":"https:\/\/thgu.dk\/index.php?rest_route=%2Fwp%2Fv2%2Fmedia&parent=281"}],"curies":[{"name":"wp","href":"https:\/\/api.w.org\/{rel}","templated":true}]}}