{"id":27,"date":"2019-05-10T18:12:51","date_gmt":"2019-05-10T18:12:51","guid":{"rendered":"https:\/\/thgu.dk\/?page_id=27"},"modified":"2025-06-25T08:20:53","modified_gmt":"2025-06-25T06:20:53","slug":"hovedbestyrelsen","status":"publish","type":"page","link":"https:\/\/thgu.dk\/?page_id=27","title":{"rendered":"Om THGU"},"content":{"rendered":"<p>[et_pb_section fb_built=&#8221;1&#8243; _builder_version=&#8221;4.17.6&#8243; _module_preset=&#8221;default&#8221; global_colors_info=&#8221;{}&#8221;][et_pb_row _builder_version=&#8221;4.17.6&#8243; _module_preset=&#8221;default&#8221; global_colors_info=&#8221;{}&#8221;][et_pb_column type=&#8221;4_4&#8243; _builder_version=&#8221;4.17.6&#8243; _module_preset=&#8221;default&#8221; global_colors_info=&#8221;{}&#8221;][et_pb_text _builder_version=&#8221;4.17.6&#8243; _module_preset=&#8221;default&#8221; global_colors_info=&#8221;{}&#8221;]<\/p>\n<p><strong>TISTRUP HODDE GYMNASTIK OG UNGDOMSFORENING (THGU)<\/strong><\/p>\n<p>&nbsp;<\/p>\n<p>THGU er en flerstrenget forening i Tistrup\/Hodde, hvor vi tilbyder aktiviteter under:<\/p>\n<ul>\n<li>Gymnastik<\/li>\n<li>H\u00e5ndbold<\/li>\n<li>Badminton<\/li>\n<li>Idr\u00e6t om dagen (senior idr\u00e6t)<\/li>\n<li>Karate<\/li>\n<\/ul>\n<p>Udover ovenst\u00e5ende aktiviteter er THGU ligeledes med til at afholde Tistrup Byfest i samarbejde med flere andre af byens foreninger.<\/p>\n<p>THGU \u00f8nsker at sikre bredde i idr\u00e6tten og kan tilbyde hold for alle aldre!! Vores dygtige udvalg og instrukt\u00f8rer\/tr\u00e6nere g\u00f8r deres bedste for at man som medlem i THGU altid har det sjovt og man l\u00e6rer noget nyt og udvikler sig sportsligt!!<\/p>\n<p>Vi ser frem til at byde dig\/jer velkommen som medlem i THGU<\/p>\n<p>P\u00e5 THGU\u00b4s vegne<\/p>\n<p>Heidi N\u00f8rby, formand.<\/p>\n<p>[\/et_pb_text][\/et_pb_column][\/et_pb_row][\/et_pb_section]<\/p>\n","protected":false},"excerpt":{"rendered":"<p>TISTRUP HODDE GYMNASTIK OG UNGDOMSFORENING (THGU) &nbsp; THGU er en flerstrenget forening i Tistrup\/Hodde, hvor vi tilbyder aktiviteter under: Gymnastik H\u00e5ndbold Badminton Idr\u00e6t om dagen (senior idr\u00e6t) Karate Udover ovenst\u00e5ende aktiviteter er THGU ligeledes med til at afholde Tistrup Byfest i samarbejde med flere andre af byens foreninger. THGU \u00f8nsker at sikre bredde i idr\u00e6tten [&hellip;]<\/p>\n","protected":false},"author":2,"featured_media":0,"parent":0,"menu_order":0,"comment_status":"closed","ping_status":"closed","template":"","meta":{"_et_pb_use_builder":"on","_et_pb_old_content":"","_et_gb_content_width":"","_monsterinsights_skip_tracking":false,"_monsterinsights_sitenote_active":false,"_monsterinsights_sitenote_note":"","_monsterinsights_sitenote_category":0,"footnotes":""},"class_list":["post-27","page","type-page","status-publish","hentry"],"_links":{"self":[{"href":"https:\/\/thgu.dk\/index.php?rest_route=\/wp\/v2\/pages\/27","targetHints":{"allow":["GET"]}}],"collection":[{"href":"https:\/\/thgu.dk\/index.php?rest_route=\/wp\/v2\/pages"}],"about":[{"href":"https:\/\/thgu.dk\/index.php?rest_route=\/wp\/v2\/types\/page"}],"author":[{"embeddable":true,"href":"https:\/\/thgu.dk\/index.php?rest_route=\/wp\/v2\/users\/2"}],"replies":[{"embeddable":true,"href":"https:\/\/thgu.dk\/index.php?rest_route=%2Fwp%2Fv2%2Fcomments&post=27"}],"version-history":[{"count":6,"href":"https:\/\/thgu.dk\/index.php?rest_route=\/wp\/v2\/pages\/27\/revisions"}],"predecessor-version":[{"id":2718,"href":"https:\/\/thgu.dk\/index.php?rest_route=\/wp\/v2\/pages\/27\/revisions\/2718"}],"wp:attachment":[{"href":"https:\/\/thgu.dk\/index.php?rest_route=%2Fwp%2Fv2%2Fmedia&parent=27"}],"curies":[{"name":"wp","href":"https:\/\/api.w.org\/{rel}","templated":true}]}}