{"id":1917,"date":"2022-08-02T14:36:15","date_gmt":"2022-08-02T12:36:15","guid":{"rendered":"https:\/\/thgu.dk\/?page_id=1917"},"modified":"2026-02-16T13:59:32","modified_gmt":"2026-02-16T11:59:32","slug":"saeson-vindere","status":"publish","type":"page","link":"https:\/\/thgu.dk\/?page_id=1917","title":{"rendered":"S\u00e6son vindere"},"content":{"rendered":"<p>[et_pb_section fb_built=&#8221;1&#8243; _builder_version=&#8221;4.17.6&#8243; _module_preset=&#8221;default&#8221; global_colors_info=&#8221;{}&#8221;][et_pb_row column_structure=&#8221;1_4,1_4,1_4,1_4&#8243; _builder_version=&#8221;4.17.6&#8243; _module_preset=&#8221;default&#8221; global_colors_info=&#8221;{}&#8221;][et_pb_column type=&#8221;1_4&#8243; _builder_version=&#8221;4.17.6&#8243; _module_preset=&#8221;default&#8221; global_colors_info=&#8221;{}&#8221;][et_pb_text _builder_version=&#8221;4.27.4&#8243; _module_preset=&#8221;default&#8221; text_font_size=&#8221;10px&#8221; text_line_height=&#8221;1.5em&#8221; global_colors_info=&#8221;{}&#8221;]<\/p>\n<h3>\u00a0 S\u00e6son 2025\/26<\/h3>\n<h4><\/h4>\n<h4><strong><\/strong><\/h4>\n<p><strong>1. tr\u00e6kning d. 12. oktober 2025<\/strong><\/p>\n<div class=\"et_pb_module et_pb_text et_pb_text_5 et_pb_text_align_left et_pb_bg_layout_light\">\n<div class=\"et_pb_text_inner\">\n<ol>\n<li>(500 Kr.) \u2013 <span>Lodseddel nr. 112<\/span><\/li>\n<li>(250 Kr.) \u2013 <span>Lodseddel nr. 408<\/span><\/li>\n<li>(150 Kr.) \u2013 <span>Lodseddel nr. 95 <\/span><\/li>\n<li>(100 Kr.) \u2013 <span>Lodseddel nr. 314<\/span><\/li>\n<\/ol>\n<\/div>\n<\/div>\n<div class=\"et_pb_module et_pb_text et_pb_text_6 et_pb_text_align_left et_pb_bg_layout_light\">\n<div class=\"et_pb_text_inner\">\n<p>\u00a0<strong>2. tr\u00e6kning d. 26. oktober 2025<\/strong><\/p>\n<ol>\n<li>(500 kr.) &#8211; <span>Lodseddel nr. 103<\/span><\/li>\n<li>(250 kr.) <span>&#8211; Lodseddel nr. 550<\/span><\/li>\n<li>(150 kr.) <span>&#8211; Lodseddel nr. 7<\/span><\/li>\n<li>(100 kr.) <span>&#8211; Lodseddel nr. 529<\/span><\/li>\n<\/ol>\n<p><strong>Ekstra tr\u00e6kning<\/strong> af 1 Mortens and og 1 flaske r\u00f8dvin d. 26. oktober 2025:<\/p>\n<ol>\n<li>\u2013 <span>Lodseddel nr. 508<\/span><\/li>\n<li>\u2013 <span>Lodseddel nr. 116<\/span><\/li>\n<li>\u2013 <span>Lodseddel nr. 424<\/span><\/li>\n<li>\u2013 <span>Lodseddel nr. 265<\/span><\/li>\n<li>\u2013 <span>Lodseddel nr. 235<\/span><\/li>\n<\/ol>\n<\/div>\n<\/div>\n<div class=\"et_pb_module et_pb_text et_pb_text_7 et_pb_text_align_left et_pb_bg_layout_light\">\n<div class=\"et_pb_text_inner\">\n<p><strong>3. tr\u00e6kning d. 9. november 2025<\/strong><\/p>\n<ol>\n<li>(500 kr.) &#8211; <span>Lodseddel nr. 171<\/span><\/li>\n<li>(250 kr.) &#8211; <span>Lodseddel nr. 568<\/span><\/li>\n<li>(150 kr.) &#8211; <span>Lodseddel nr. 149<\/span><\/li>\n<li>(100 kr.) &#8211; <span>Lodseddel nr. 57<\/span><\/li>\n<\/ol>\n<\/div>\n<\/div>\n<div class=\"et_pb_module et_pb_text et_pb_text_8 et_pb_text_align_left et_pb_bg_layout_light\">\n<div class=\"et_pb_text_inner\">\n<p><strong>4. tr\u00e6kning d. 23. november 2025<\/strong><\/p>\n<ol>\n<li>(500 Kr.) \u2013 <span>Lodseddel nr. 421<\/span><\/li>\n<li>(250 Kr.) \u2013 <span>Lodseddel nr. 48<\/span><\/li>\n<li>(150 Kr.) \u2013 <span>Lodseddel nr. 151<\/span><\/li>\n<li>(100 Kr.) \u2013 <span>Lodseddel nr. 349<\/span><\/li>\n<\/ol>\n<div class=\"et_pb_module et_pb_text et_pb_text_9  et_pb_text_align_left et_pb_bg_layout_light\">\n<div class=\"et_pb_text_inner\">\n<p><strong>Ekstra tr\u00e6kning<\/strong> af Juleand og 1 flaske r\u00f8dvin d. 23. november 2025:<\/p>\n<ol>\n<li>&#8211; <span>Lodseddel nr. 454<\/span><\/li>\n<li>&#8211; <span>Lodseddel nr. 355<\/span><\/li>\n<li>&#8211; <span>Lodseddel nr. 417<\/span><\/li>\n<li>&#8211; <span>Lodseddel nr. 381<\/span><\/li>\n<li>&#8211; <span>Lodseddel nr. 330<\/span><\/li>\n<\/ol>\n<\/div>\n<\/div>\n<div class=\"et_pb_module et_pb_text et_pb_text_10  et_pb_text_align_left et_pb_bg_layout_light\">\n<div class=\"et_pb_text_inner\">\n<p><strong>5. tr\u00e6kning d. 7. december 2025<\/strong><\/p>\n<ol>\n<li>(500 Kr.) \u2013 <span>Lodseddel nr. 576<\/span><\/li>\n<li>(250 Kr.) \u2013 <span>Lodseddel nr. 97<\/span><\/li>\n<li>(150 Kr.) \u2013 <span>Lodseddel nr. 112<\/span><\/li>\n<li>(100 Kr.) \u2013 <span>Lodseddel nr. 46<\/span><\/li>\n<\/ol>\n<p><strong>Jule ekstra tr\u00e6kning d. 7. december 2025:<\/strong><\/p>\n<p><strong>Gavekort \u2013 v\u00e6rdi kr 2000,-<\/strong><\/p>\n<p>Vinderen er: <span>Lodseddel nr. 183<\/span><\/p>\n<\/div>\n<\/div>\n<div class=\"et_pb_module et_pb_text et_pb_text_11  et_pb_text_align_left et_pb_bg_layout_light\">\n<div class=\"et_pb_text_inner\">\n<p>\u00a0<strong>6. tr\u00e6kning d. 4. januar 2026<\/strong><\/p>\n<ol>\n<li>(500 Kr.) \u2013 <span>Lodseddel nr. 142<\/span>\u00a0<\/li>\n<li>(250 Kr.) \u2013 <span>Lodseddel nr. 416<\/span><\/li>\n<li>(150 Kr.) \u2013 <span>Lodseddel nr. 377<\/span><\/li>\n<li>(100 Kr.) \u2013 <span>Lodseddel nr. 413<\/span><\/li>\n<\/ol>\n<\/div>\n<\/div>\n<div class=\"et_pb_module et_pb_text et_pb_text_12  et_pb_text_align_left et_pb_bg_layout_light\">\n<div class=\"et_pb_text_inner\">\n<p><strong>7. tr\u00e6kning d. 18. januar 2026<\/strong><\/p>\n<ol>\n<li>(500 Kr.) \u2013 <span>Lodseddel nr. 253<\/span><\/li>\n<li>(250 Kr.) \u2013 <span>Lodseddel nr. 465<\/span><\/li>\n<li>(150 Kr.) \u2013 <span>Lodseddel nr. 505<\/span><\/li>\n<li>(100 Kr.) \u2013 <span>Lodseddel nr. 264<\/span><\/li>\n<\/ol>\n<\/div>\n<\/div>\n<div class=\"et_pb_module et_pb_text et_pb_text_13  et_pb_text_align_left et_pb_bg_layout_light\">\n<div class=\"et_pb_text_inner\">\n<p><strong>8. tr\u00e6kning d. 1. februar 2026<\/strong><\/p>\n<div dir=\"auto\">\n<ol>\n<li>(500 Kr.) \u2013 <span>Lodseddel nr. 313 <\/span><\/li>\n<li>(250 Kr.) \u2013 <span>Lodseddel nr. 424<\/span><\/li>\n<li>(150 Kr.) \u2013 <span>Lodseddel nr. 294<\/span><\/li>\n<li>(100 Kr.) \u2013 <span>Lodseddel nr. 242<\/span><\/li>\n<\/ol>\n<\/div>\n<\/div>\n<\/div>\n<div class=\"et_pb_module et_pb_text et_pb_text_14  et_pb_text_align_left et_pb_bg_layout_light\">\n<div class=\"et_pb_text_inner\">\n<p><strong>9. tr\u00e6kning d. 15. februar 2026<\/strong><\/p>\n<ol>\n<li>(500 Kr.) \u2013 <span>Lodseddel nr. 338<\/span><\/li>\n<li>(250 Kr.) \u2013 <span>Lodseddel nr. 173<\/span><\/li>\n<li>(150 Kr.) \u2013 Lodseddel nr. 145<\/li>\n<li>(100 Kr.) \u2013 Lodseddel nr. 334<\/li>\n<\/ol>\n<h4>Vinderen af hovedpr\u00e6mien p\u00e5 et REJSEGAVEKORT til en v\u00e6rdi af 6.500 kr. er:<\/h4>\n<p>&nbsp;<\/p>\n<h4>Udtr\u00e6kkes til gymnastikopvisningen s\u00f8ndag d. 1. marts 2026.<\/h4>\n<\/div>\n<\/div>\n<\/div>\n<\/div>\n<p>[\/et_pb_text][\/et_pb_column][et_pb_column type=&#8221;1_4&#8243; _builder_version=&#8221;4.17.6&#8243; _module_preset=&#8221;default&#8221; global_colors_info=&#8221;{}&#8221;][et_pb_text _builder_version=&#8221;4.27.4&#8243; _module_preset=&#8221;default&#8221; custom_margin=&#8221;||-6px|||&#8221; global_colors_info=&#8221;{}&#8221;]<\/p>\n<h3>S\u00e6son 2026\/27<\/h3>\n<p>[\/et_pb_text][\/et_pb_column][et_pb_column type=&#8221;1_4&#8243; _builder_version=&#8221;4.17.6&#8243; _module_preset=&#8221;default&#8221; global_colors_info=&#8221;{}&#8221;][et_pb_text _builder_version=&#8221;4.27.4&#8243; _module_preset=&#8221;default&#8221; global_colors_info=&#8221;{}&#8221;]<\/p>\n<h3>S\u00e6son 2027\/28<\/h3>\n<p>[\/et_pb_text][\/et_pb_column][et_pb_column type=&#8221;1_4&#8243; _builder_version=&#8221;4.17.6&#8243; _module_preset=&#8221;default&#8221; global_colors_info=&#8221;{}&#8221;][et_pb_text _builder_version=&#8221;4.27.4&#8243; _module_preset=&#8221;default&#8221; global_colors_info=&#8221;{}&#8221;]<\/p>\n<h3>S\u00e6son 2028\/29<\/h3>\n<p>&nbsp;<\/p>\n<p>[\/et_pb_text][\/et_pb_column][\/et_pb_row][et_pb_row column_structure=&#8221;1_4,1_4,1_4,1_4&#8243; _builder_version=&#8221;4.17.6&#8243; _module_preset=&#8221;default&#8221; global_colors_info=&#8221;{}&#8221;][et_pb_column type=&#8221;1_4&#8243; _builder_version=&#8221;4.17.6&#8243; _module_preset=&#8221;default&#8221; global_colors_info=&#8221;{}&#8221;][et_pb_text _builder_version=&#8221;4.18.1&#8243; _module_preset=&#8221;default&#8221; text_font_size=&#8221;10px&#8221; text_line_height=&#8221;1.5em&#8221; global_colors_info=&#8221;{}&#8221;]<\/p>\n<h3>S\u00e6son 2021\/22<\/h3>\n<h4>Vinderen d 6 marts af hovedpr\u00e6mien er:<\/h4>\n<h4><strong>574 \u2013 Grethe Tonnesen \u2013 B\u00f8gevej<\/strong><\/h4>\n<div class=\"et_pb_module et_pb_text et_pb_text_5 et_pb_text_align_left et_pb_bg_layout_light\">\n<div class=\"et_pb_text_inner\">\n<p><strong>17.oktober 2021<\/strong><\/p>\n<ol>\n<li>(500 Kr.) \u2013 586 Ilse Knudsen \u2013 Storegade<\/li>\n<li>(250 Kr.) \u2013 190 Marianne Valentin \u2013 S\u00f8parken<\/li>\n<li>(150 Kr.) \u2013 415 Birgitte Bennetsen \u2013 Degnev\u00e6nget<\/li>\n<li>(100 Kr.) \u2013 186 Svend Erik Knudsen \u2013 Diget<\/li>\n<\/ol>\n<\/div>\n<\/div>\n<div class=\"et_pb_module et_pb_text et_pb_text_6 et_pb_text_align_left et_pb_bg_layout_light\">\n<div class=\"et_pb_text_inner\">\n<p>\u00a0<strong>31.oktober 2021<\/strong><\/p>\n<ol>\n<li>(500 kr.) 133 \u2013 Rita Larsen, Vejlevej<\/li>\n<li>(250 kr.) 152 \u2013 Lars Peter Axelsen, Yderikvej<\/li>\n<li>(150 kr.) 509 \u2013 Yrsa Gr\u00f8ndal, Lunderskov<\/li>\n<li>(100 kr.) 540 \u2013 Tonni Nikolajsen, B\u00f8gevej<\/li>\n<\/ol>\n<p>Ekstra tr\u00e6kning af Mortens and og 1 flaske vin<\/p>\n<ol>\n<li>\u2013 497 Lisbeth Haahr, Agerkrogvej<\/li>\n<li>\u2013 253 Sara Thy, Agervej<\/li>\n<li>\u2013 463 Jytte Poulsen, M\u00f8lleg\u00e5rdsvej<\/li>\n<li>\u2013 27 Laura Pallesen, Krarupvej<\/li>\n<\/ol>\n<p>5. \u2013 153 Dorte Larsen, Yderikvej<\/p>\n<\/div>\n<\/div>\n<div class=\"et_pb_module et_pb_text et_pb_text_7 et_pb_text_align_left et_pb_bg_layout_light\">\n<div class=\"et_pb_text_inner\">\n<p>\u00a0<strong style=\"font-size: 10px;\">14.november 2021<\/strong><\/p>\n<ol>\n<li>(500 Kr.) \u2013 381 Arne H. Hansen, Akacievej<\/li>\n<li>(250 Kr.) \u2013 293 Kim Kragh, S\u00f8ndervang<\/li>\n<li>(150 Kr.) \u2013 553 Anny Hansen, B\u00f8gevej<\/li>\n<li>(100 Kr.) \u2013 197 Annitta Krogh, Diget<\/li>\n<\/ol>\n<\/div>\n<\/div>\n<div class=\"et_pb_module et_pb_text et_pb_text_8 et_pb_text_align_left et_pb_bg_layout_light\">\n<div class=\"et_pb_text_inner\">\n<p>\u00a0<strong style=\"font-size: 10px;\">28.november 2021<\/strong><\/p>\n<ol>\n<li>(500 Kr.) \u2013 149 Engelund, Ollingvej<\/li>\n<li>(250 Kr.) \u2013 600 Lone Stephansen, Elmevej<\/li>\n<li>(150 Kr.) \u2013 589 Kai G\u00e4rtner, Birkevej<\/li>\n<li>(100 Kr.) \u2013 225 Alma Sunesen, Diget<\/li>\n<\/ol>\n<div class=\"et_pb_module et_pb_text et_pb_text_9  et_pb_text_align_left et_pb_bg_layout_light\">\n<div class=\"et_pb_text_inner\">\n<p><strong>28.november 2021<\/strong><\/p>\n<p>Ekstra tr\u00e6kning af Juleand og 1 flaske vin<\/p>\n<ol>\n<li>543 Brian Pedersen \u2013 B\u00f8gevej<\/li>\n<li>466 Mathias Nielsen, Esbjerg V<\/li>\n<li>507 Conny Thomsen, Lervadvej<\/li>\n<li>473 Birta Jensen, M\u00f8lleg\u00e5rdsvej<\/li>\n<li>593 Gitte Pallesen, Pilevej<\/li>\n<\/ol>\n<\/div>\n<\/div>\n<div class=\"et_pb_module et_pb_text et_pb_text_10  et_pb_text_align_left et_pb_bg_layout_light\">\n<div class=\"et_pb_text_inner\">\n<p>\u00a0<strong>12.december 2021<\/strong><\/p>\n<ol>\n<li>(500 Kr.) \u2013 598 Annemette Madsen, Elmevej<\/li>\n<li>(250 Kr.) \u2013 520 Peder Skov, Skolevej<\/li>\n<li>(150 Kr.) \u2013 336 Ester Th\u00f8stesen, Poppelvej<\/li>\n<li>(100 Kr.) \u2013 537 Elly Langsig<\/li>\n<\/ol>\n<p><strong>Jule ekstra<\/strong><\/p>\n<p><strong>Gavekort \u2013 v\u00e6rdi kr 2000,-<\/strong><\/p>\n<p>Vinderen er: 506 Stine Grothe, Agerkrogvej<\/p>\n<\/div>\n<\/div>\n<div class=\"et_pb_module et_pb_text et_pb_text_11  et_pb_text_align_left et_pb_bg_layout_light\">\n<div class=\"et_pb_text_inner\">\n<p>\u00a0<strong>2.januar 2022<\/strong><\/p>\n<ol>\n<li>(500 Kr.) \u2013 385 Frida Lauridsen, Askevej<\/li>\n<li>(250 Kr.) \u2013 518 Peder Brink, Skolevej<\/li>\n<li>(150 Kr.) \u2013 52 Ida Larsen, Storegade<\/li>\n<li>(100 Kr.) \u2013 43 Maria Louise Brydegaard, Storegade<\/li>\n<\/ol>\n<\/div>\n<\/div>\n<div class=\"et_pb_module et_pb_text et_pb_text_12  et_pb_text_align_left et_pb_bg_layout_light\">\n<div class=\"et_pb_text_inner\">\n<p>\u00a0<strong>16.januar 2022<\/strong><\/p>\n<ol>\n<li>(500 Kr.) \u2013 473 Birta Jensen, M\u00f8lleg\u00e5rdsvej<\/li>\n<li>(250 Kr.) \u2013 152 Lars Peter Axelsen, Yderikvej<\/li>\n<li>(150 Kr.) \u2013 449 Inger Lauridsen, M\u00f8lleg\u00e5rdsvej<\/li>\n<\/ol>\n<p>4. (100 Kr.) \u2013 125 Ole, Vejlevej<\/p>\n<\/div>\n<\/div>\n<div class=\"et_pb_module et_pb_text et_pb_text_13  et_pb_text_align_left et_pb_bg_layout_light\">\n<div class=\"et_pb_text_inner\">\n<p>\u00a0<strong>30.januar 2022<\/strong><\/p>\n<div dir=\"auto\">1. (500 Kr.) \u2013 290 Edith Hansen, S\u00f8ndervang<\/div>\n<div dir=\"auto\">2. (250 Kr.) \u2013 410 Gitte H. Henriksen, Degnev\u00e6nget<\/div>\n<div dir=\"auto\">3. (150 Kr.) \u2013 179 Dorte G\u00e4rtner, Hornevej<\/div>\n<div dir=\"auto\">4. (100 Kr.) \u2013 571 Dagmar Rasmusssen, M\u00f8llegade<\/div>\n<\/div>\n<\/div>\n<div class=\"et_pb_module et_pb_text et_pb_text_14  et_pb_text_align_left et_pb_bg_layout_light\">\n<div class=\"et_pb_text_inner\">\n<p>\u00a0<strong>13.februar 2022<\/strong><\/p>\n<ol>\n<li>(500 Kr.) \u2013 509 Yrsa Gr\u00f8ndal, Lunderskov<\/li>\n<li>(250 Kr.) \u2013 223 Susanne Agerbo, S\u00f8parken<\/li>\n<li>(150 Kr.) \u2013 559 Rita + Chr. Hjort, B\u00f8gevej<\/li>\n<li>(100 Kr.) \u2013 470 Maria Enghave, Storegade<\/li>\n<\/ol>\n<\/div>\n<\/div>\n<\/div>\n<\/div>\n<p>[\/et_pb_text][\/et_pb_column][et_pb_column type=&#8221;1_4&#8243; _builder_version=&#8221;4.17.6&#8243; _module_preset=&#8221;default&#8221; global_colors_info=&#8221;{}&#8221;][et_pb_text _builder_version=&#8221;4.22.2&#8243; _module_preset=&#8221;default&#8221; custom_margin=&#8221;||-6px|||&#8221; global_colors_info=&#8221;{}&#8221;]<\/p>\n<h3>S\u00e6son 2022\/23<\/h3>\n<p><a href=\"https:\/\/thgu.dk\/saeson-2022-23\/\">se <strong>HER<\/strong><\/a><\/p>\n<p>[\/et_pb_text][\/et_pb_column][et_pb_column type=&#8221;1_4&#8243; _builder_version=&#8221;4.17.6&#8243; _module_preset=&#8221;default&#8221; global_colors_info=&#8221;{}&#8221;][et_pb_text _builder_version=&#8221;4.22.2&#8243; _module_preset=&#8221;default&#8221; global_colors_info=&#8221;{}&#8221;]<\/p>\n<h3>S\u00e6son 2023\/24<\/h3>\n<p><a href=\"https:\/\/thgu.dk\/saeson-vindere-2023-2024\/\">Se HER<\/a><\/p>\n<p>[\/et_pb_text][\/et_pb_column][et_pb_column type=&#8221;1_4&#8243; _builder_version=&#8221;4.17.6&#8243; _module_preset=&#8221;default&#8221; global_colors_info=&#8221;{}&#8221;][et_pb_text _builder_version=&#8221;4.27.4&#8243; _module_preset=&#8221;default&#8221; global_colors_info=&#8221;{}&#8221;]<\/p>\n<h3>S\u00e6son 2024\/25<\/h3>\n<p><a href=\"https:\/\/thgu.dk\/gul-lodseddel\/saeson-vindere\/saesonvindere-2024-25\/\">Se HER<\/a><\/p>\n<p>[\/et_pb_text][\/et_pb_column][\/et_pb_row][\/et_pb_section]<\/p>\n","protected":false},"excerpt":{"rendered":"<p>\u00a0 S\u00e6son 2025\/26 1. tr\u00e6kning d. 12. oktober 2025 (500 Kr.) \u2013 Lodseddel nr. 112 (250 Kr.) \u2013 Lodseddel nr. 408 (150 Kr.) \u2013 Lodseddel nr. 95 (100 Kr.) \u2013 Lodseddel nr. 314 \u00a02. tr\u00e6kning d. 26. oktober 2025 (500 kr.) &#8211; Lodseddel nr. 103 (250 kr.) &#8211; Lodseddel nr. 550 (150 kr.) &#8211; Lodseddel [&hellip;]<\/p>\n","protected":false},"author":3,"featured_media":0,"parent":1285,"menu_order":0,"comment_status":"closed","ping_status":"closed","template":"","meta":{"_et_pb_use_builder":"on","_et_pb_old_content":"","_et_gb_content_width":"","_monsterinsights_skip_tracking":false,"_monsterinsights_sitenote_active":false,"_monsterinsights_sitenote_note":"","_monsterinsights_sitenote_category":0,"footnotes":""},"class_list":["post-1917","page","type-page","status-publish","hentry"],"_links":{"self":[{"href":"https:\/\/thgu.dk\/index.php?rest_route=\/wp\/v2\/pages\/1917","targetHints":{"allow":["GET"]}}],"collection":[{"href":"https:\/\/thgu.dk\/index.php?rest_route=\/wp\/v2\/pages"}],"about":[{"href":"https:\/\/thgu.dk\/index.php?rest_route=\/wp\/v2\/types\/page"}],"author":[{"embeddable":true,"href":"https:\/\/thgu.dk\/index.php?rest_route=\/wp\/v2\/users\/3"}],"replies":[{"embeddable":true,"href":"https:\/\/thgu.dk\/index.php?rest_route=%2Fwp%2Fv2%2Fcomments&post=1917"}],"version-history":[{"count":26,"href":"https:\/\/thgu.dk\/index.php?rest_route=\/wp\/v2\/pages\/1917\/revisions"}],"predecessor-version":[{"id":2837,"href":"https:\/\/thgu.dk\/index.php?rest_route=\/wp\/v2\/pages\/1917\/revisions\/2837"}],"up":[{"embeddable":true,"href":"https:\/\/thgu.dk\/index.php?rest_route=\/wp\/v2\/pages\/1285"}],"wp:attachment":[{"href":"https:\/\/thgu.dk\/index.php?rest_route=%2Fwp%2Fv2%2Fmedia&parent=1917"}],"curies":[{"name":"wp","href":"https:\/\/api.w.org\/{rel}","templated":true}]}}