{"id":1911,"date":"2022-08-02T14:26:55","date_gmt":"2022-08-02T12:26:55","guid":{"rendered":"https:\/\/thgu.dk\/?page_id=1911"},"modified":"2024-10-14T11:52:32","modified_gmt":"2024-10-14T09:52:32","slug":"bekendtgoerelse","status":"publish","type":"page","link":"https:\/\/thgu.dk\/?page_id=1911","title":{"rendered":"Bekendtg\u00f8relse"},"content":{"rendered":"<p>[et_pb_section fb_built=&#8221;1&#8243; _builder_version=&#8221;4.17.6&#8243; _module_preset=&#8221;default&#8221; global_colors_info=&#8221;{}&#8221;][et_pb_row _builder_version=&#8221;4.17.6&#8243; _module_preset=&#8221;default&#8221; global_colors_info=&#8221;{}&#8221;][et_pb_column type=&#8221;4_4&#8243; _builder_version=&#8221;4.17.6&#8243; _module_preset=&#8221;default&#8221; global_colors_info=&#8221;{}&#8221;][et_pb_text _builder_version=&#8221;4.27.2&#8243; _module_preset=&#8221;default&#8221; hover_enabled=&#8221;0&#8243; global_colors_info=&#8221;{}&#8221; sticky_enabled=&#8221;0&#8243;]<\/p>\n<p><strong>Bekendtg\u00f8relse vedr. THGU\u00b4s Gule Lodsedler<\/strong><\/p>\n<p>Jf. nedenst\u00e5ende foretages der tr\u00e6kning af de gule lodsedler og offentligg\u00f8relse vil ske p\u00e5 de p\u00e5trykte datoer.<\/p>\n<p>Arrang\u00f8rens navn og hjemsted: THGU (Tistrup Hodde Gymnastik og Ungdomsforening)<\/p>\n<p>Form\u00e5l: Lodsedlen s\u00e6lges ved alle husstande i Tistrup og Hodde for at tjene penge til vores foreninger<br \/>(h\u00e5ndbold, gymnastik, badminton og idr\u00e6t om dagen)<\/p>\n<p>Prisen for deltagelse: Prisen for 1 lodseddel er 100,00 kr.<\/p>\n<p>Lotteriet best\u00e5r af 600 lodsedler i alt.<\/p>\n<p>Der er i alt 36 pengepr\u00e6mier hvor 1. pr\u00e6mien er 500 kr. 2. pr\u00e6mien er 250 kr. 3. pr\u00e6mien er 150 kr. og 4. pr\u00e6mien er 100 kr. Derudover er der 2 tr\u00e6kninger af 5 stk. Mortens And\/juleand + vin (v\u00e6rdi ca. og 2 tr\u00e6kninger af rejsegavekort p\u00e5 henholdsvis 2000 kr. og 6500 kr.<\/p>\n<p>Salget finder sted fra uge 36 &#8211; uge 40<\/p>\n<p>Den tildelte notar hos Skifteretten foretager udtr\u00e6kning af vindere uge 41.<\/p>\n<p>Der foretages offentligg\u00f8relse af tr\u00e6kning den 13. oktober 2024, 27. oktober 2024, 10. november 2024, 24. november 2024, 8. december 2024,<br \/>5. januar 2025, 19. januar 2025, 2 februar 2025, 16. februar 2025 og 2. marts 2025<\/p>\n<p>Alle tr\u00e6kninger offentligg\u00f8res p\u00e5<span>\u00a0<\/span><a href=\"https:\/\/thgu.dk\/\">thgu.dk<\/a><span>\u00a0<\/span>og THGU\u00b4s Facebookside samt p\u00e5 tistrupnews.dk<\/p>\n<p>Gevinst Udlevering foreg\u00e5r via bankoverf\u00f8rsel \u2013 alle vindere bliver personligt kontaktet efter offentligg\u00f8relse af tr\u00e6kning.<\/p>\n<p>Der kan ske gevinstudbetaling indtil 12. marts 2025<\/p>\n<p>Regnskabet kan fremvises hos THGUs bestyrelse \/ Kasserer ved henvendelse.<\/p>\n<p>Tilladelse fra Spillemyndigheden er udstedt uge 33<br \/>Denne tilladelse er g\u00e6ldende for Syd- og S\u00f8nderjyllands Politi.<\/p>\n<p>P\u00e5 foreningens vegne.<\/p>\n<p>Heidi N\u00f8rby<br \/>Formand<\/p>\n<p>[\/et_pb_text][\/et_pb_column][\/et_pb_row][\/et_pb_section]<\/p>\n","protected":false},"excerpt":{"rendered":"<p>Bekendtg\u00f8relse vedr. THGU\u00b4s Gule Lodsedler Jf. nedenst\u00e5ende foretages der tr\u00e6kning af de gule lodsedler og offentligg\u00f8relse vil ske p\u00e5 de p\u00e5trykte datoer. Arrang\u00f8rens navn og hjemsted: THGU (Tistrup Hodde Gymnastik og Ungdomsforening) Form\u00e5l: Lodsedlen s\u00e6lges ved alle husstande i Tistrup og Hodde for at tjene penge til vores foreninger(h\u00e5ndbold, gymnastik, badminton og idr\u00e6t om dagen) [&hellip;]<\/p>\n","protected":false},"author":3,"featured_media":0,"parent":1285,"menu_order":0,"comment_status":"closed","ping_status":"closed","template":"","meta":{"_et_pb_use_builder":"on","_et_pb_old_content":"","_et_gb_content_width":"","_monsterinsights_skip_tracking":false,"_monsterinsights_sitenote_active":false,"_monsterinsights_sitenote_note":"","_monsterinsights_sitenote_category":0,"footnotes":""},"class_list":["post-1911","page","type-page","status-publish","hentry"],"_links":{"self":[{"href":"https:\/\/thgu.dk\/index.php?rest_route=\/wp\/v2\/pages\/1911","targetHints":{"allow":["GET"]}}],"collection":[{"href":"https:\/\/thgu.dk\/index.php?rest_route=\/wp\/v2\/pages"}],"about":[{"href":"https:\/\/thgu.dk\/index.php?rest_route=\/wp\/v2\/types\/page"}],"author":[{"embeddable":true,"href":"https:\/\/thgu.dk\/index.php?rest_route=\/wp\/v2\/users\/3"}],"replies":[{"embeddable":true,"href":"https:\/\/thgu.dk\/index.php?rest_route=%2Fwp%2Fv2%2Fcomments&post=1911"}],"version-history":[{"count":11,"href":"https:\/\/thgu.dk\/index.php?rest_route=\/wp\/v2\/pages\/1911\/revisions"}],"predecessor-version":[{"id":2680,"href":"https:\/\/thgu.dk\/index.php?rest_route=\/wp\/v2\/pages\/1911\/revisions\/2680"}],"up":[{"embeddable":true,"href":"https:\/\/thgu.dk\/index.php?rest_route=\/wp\/v2\/pages\/1285"}],"wp:attachment":[{"href":"https:\/\/thgu.dk\/index.php?rest_route=%2Fwp%2Fv2%2Fmedia&parent=1911"}],"curies":[{"name":"wp","href":"https:\/\/api.w.org\/{rel}","templated":true}]}}