{"id":1906,"date":"2022-08-02T11:35:51","date_gmt":"2022-08-02T09:35:51","guid":{"rendered":"https:\/\/thgu.dk\/?page_id=1906"},"modified":"2022-08-02T11:35:51","modified_gmt":"2022-08-02T09:35:51","slug":"dgi-kurser-og-uddannelse","status":"publish","type":"page","link":"https:\/\/thgu.dk\/?page_id=1906","title":{"rendered":"DGI kurser og uddannelse"},"content":{"rendered":"<p>[et_pb_section fb_built=&#8221;1&#8243; theme_builder_area=&#8221;post_content&#8221; _builder_version=&#8221;4.17.6&#8243; _module_preset=&#8221;default&#8221;][et_pb_row _builder_version=&#8221;4.17.6&#8243; _module_preset=&#8221;default&#8221; theme_builder_area=&#8221;post_content&#8221;][et_pb_column _builder_version=&#8221;4.17.6&#8243; _module_preset=&#8221;default&#8221; type=&#8221;4_4&#8243; theme_builder_area=&#8221;post_content&#8221;][et_pb_text _builder_version=&#8221;4.17.6&#8243; _module_preset=&#8221;default&#8221; theme_builder_area=&#8221;post_content&#8221; hover_enabled=&#8221;0&#8243; sticky_enabled=&#8221;0&#8243;]<\/p>\n<h3><strong>Kursus &amp; Uddannelse<\/strong><\/h3>\n<p>Bliv en endnu bedre instrukt\u00f8r og f\u00e5 inspiration til sjov og udviklende gymnastik for b\u00e5de dig og dit hold.<\/p>\n<p>Hvad enten du tr\u00e6ner b\u00f8rn, unge eller voksne, s\u00e5 har DGI Gymnastik masser af fede uddannelser og kurser, s\u00e5 du kan udvikle dine kompetencer og blive en endnu bedre underviser.<\/p>\n<p>DGI har fokus p\u00e5, at du som instrukt\u00f8r kan tilbyde aktiviteter og undervisning af h\u00f8j kvalitet p\u00e5 forskellige niveauer, lige meget om du er erfaren eller underviser dit allerf\u00f8rste hold.<\/p>\n<p>Se DGI\u2019s tilbud nedenfor og find et kursus eller en uddannelse, der passer til dig. Eller g\u00e5 p\u00e5 opdagelse i deres store arrangementskalender.<br \/>(Arrangementskalender &#8211; <a href=\"https:\/\/www.dgi.dk\/arrangementer?aktivitet%5B%5D=1137&amp;arrangementstype%5B%5D=1118&amp;showFilters=true&amp;traener=true\">https:\/\/www.dgi.dk\/arrangementer?aktivitet%5B%5D=1137&amp;arrangementstype%5B%5D=1118&amp;showFilters=true&amp;traener=true<\/a> )<\/p>\n<p><strong>Hj\u00e6lpeinstrukt\u00f8ruddannelse<br \/><\/strong>Vil du v\u00e6re hj\u00e6lpeinstrukt\u00f8r, eller er du det allerede? P\u00e5 vores uddannelser l\u00e6rer du at v\u00e6re den bedste st\u00f8tte for b\u00e5de din instrukt\u00f8r og din forening.<br \/>Bliv en god hj\u00e6lpeinstrukt\u00f8r &#8211; s\u00e5 bliver du bedre til gymnastik, du har det sjovt og b\u00e5de b\u00f8rn og voksne vil synes, du er for sej.<br \/>DGI&#8217;s uddannelser for hj\u00e6lpeinstrukt\u00f8rer er fyldt med lege, spring og redskabsaktiviteter, musik og bev\u00e6gelse. Du kan v\u00e6lge mellem hj\u00e6lpeinstrukt\u00f8ruddannelse 1 og 2, og begge uddannelser henvender sig prim\u00e6rt til 13-15-\u00e5rige.<\/p>\n<p>Hvis du endnu ikke er fyldt 13 \u00e5r, kan du snuse til opgaven som instrukt\u00f8r p\u00e5 det, der hedder Minihj\u00e6lperkurser.<\/p>\n<p>Se DGI\u2019s aktuelle udbud af uddannelser her:<br \/><a href=\"https:\/\/www.dgi.dk\/gymnastik\/kurser-og-uddannelser\/hjaelpeinstruktoeruddannelse\">https:\/\/www.dgi.dk\/gymnastik\/kurser-og-uddannelser\/hjaelpeinstruktoeruddannelse<\/a><\/p>\n<p>&nbsp;<\/p>\n<p>DGI s\u00f8rger for, at du kan tage de bedste kurser, som ruster dig til at varetage lige netop den tr\u00e6nerrolle, du er engageret i. S\u00e5 hvad end du underviser de mindste b\u00f8rn, unge mennesker, voksne eller seniorerne, kan de hj\u00e6lpe dig p\u00e5 vej.<\/p>\n<p>Samtidig stiller DGI &#8211; DGI Tr\u00e6nerguiden til r\u00e5dighed for dig. Det er dit v\u00e6rkt\u00f8j til at planl\u00e6gge de bedste tr\u00e6ningstimer for dig selv og spillerne, og med tr\u00e6nerguiden har du altid et stort katalog af id\u00e9er, lege og \u00f8velser lige ved h\u00e5nden. N\u00e5r du har udvalgt dine \u00f8velser, kan du oprette en lektionsplan, du kan f\u00f8lge i hallen.<\/p>\n<p>Vi gl\u00e6der os til at h\u00f8rer fra dig og hvad du har at byde p\u00e5 i forhold til at v\u00e6re tr\u00e6ner eller hj\u00e6lpetr\u00e6ner, men ogs\u00e5 hvis Du skulle have lyst til at vi pr\u00f8ver at starte noget nyt op.<\/p>\n<p>Lad os f\u00e5 dialogen og hvordan vi skal g\u00f8re derfra. Vi ses.<\/p>\n<p>[\/et_pb_text][\/et_pb_column][\/et_pb_row][\/et_pb_section]<\/p>\n","protected":false},"excerpt":{"rendered":"<p>Kursus &amp; Uddannelse Bliv en endnu bedre instrukt\u00f8r og f\u00e5 inspiration til sjov og udviklende gymnastik for b\u00e5de dig og dit hold. Hvad enten du tr\u00e6ner b\u00f8rn, unge eller voksne, s\u00e5 har DGI Gymnastik masser af fede uddannelser og kurser, s\u00e5 du kan udvikle dine kompetencer og blive en endnu bedre underviser. DGI har fokus [&hellip;]<\/p>\n","protected":false},"author":3,"featured_media":0,"parent":27,"menu_order":0,"comment_status":"closed","ping_status":"closed","template":"","meta":{"_et_pb_use_builder":"on","_et_pb_old_content":"","_et_gb_content_width":"","_monsterinsights_skip_tracking":false,"_monsterinsights_sitenote_active":false,"_monsterinsights_sitenote_note":"","_monsterinsights_sitenote_category":0,"footnotes":""},"class_list":["post-1906","page","type-page","status-publish","hentry"],"_links":{"self":[{"href":"https:\/\/thgu.dk\/index.php?rest_route=\/wp\/v2\/pages\/1906","targetHints":{"allow":["GET"]}}],"collection":[{"href":"https:\/\/thgu.dk\/index.php?rest_route=\/wp\/v2\/pages"}],"about":[{"href":"https:\/\/thgu.dk\/index.php?rest_route=\/wp\/v2\/types\/page"}],"author":[{"embeddable":true,"href":"https:\/\/thgu.dk\/index.php?rest_route=\/wp\/v2\/users\/3"}],"replies":[{"embeddable":true,"href":"https:\/\/thgu.dk\/index.php?rest_route=%2Fwp%2Fv2%2Fcomments&post=1906"}],"version-history":[{"count":2,"href":"https:\/\/thgu.dk\/index.php?rest_route=\/wp\/v2\/pages\/1906\/revisions"}],"predecessor-version":[{"id":1908,"href":"https:\/\/thgu.dk\/index.php?rest_route=\/wp\/v2\/pages\/1906\/revisions\/1908"}],"up":[{"embeddable":true,"href":"https:\/\/thgu.dk\/index.php?rest_route=\/wp\/v2\/pages\/27"}],"wp:attachment":[{"href":"https:\/\/thgu.dk\/index.php?rest_route=%2Fwp%2Fv2%2Fmedia&parent=1906"}],"curies":[{"name":"wp","href":"https:\/\/api.w.org\/{rel}","templated":true}]}}