{"id":1901,"date":"2022-08-02T11:28:43","date_gmt":"2022-08-02T09:28:43","guid":{"rendered":"https:\/\/thgu.dk\/?page_id=1901"},"modified":"2023-05-25T11:41:05","modified_gmt":"2023-05-25T09:41:05","slug":"fritidspas-2","status":"publish","type":"page","link":"https:\/\/thgu.dk\/?page_id=1901","title":{"rendered":"Fritidspas"},"content":{"rendered":"<p>[et_pb_section fb_built=&#8221;1&#8243; _builder_version=&#8221;4.17.6&#8243; _module_preset=&#8221;default&#8221; global_colors_info=&#8221;{}&#8221;][et_pb_row _builder_version=&#8221;4.17.6&#8243; _module_preset=&#8221;default&#8221; hover_enabled=&#8221;0&#8243; global_colors_info=&#8221;{}&#8221; sticky_enabled=&#8221;0&#8243;][et_pb_column type=&#8221;4_4&#8243; _builder_version=&#8221;4.17.6&#8243; _module_preset=&#8221;default&#8221; global_colors_info=&#8221;{}&#8221;][et_pb_text _builder_version=&#8221;4.17.6&#8243; _module_preset=&#8221;default&#8221; global_colors_info=&#8221;{}&#8221;]<\/p>\n<p><strong>Fritidspas<\/strong><br \/>Varde Kommunes fritidspas er et tilbud til b\u00f8rn og unge, der har det \u00f8konomisk sv\u00e6rt. Med et fritidspas kan barnet eller den unge f\u00e5 \u00f8konomisk st\u00f8tte, s\u00e5 de kan deltage i foreningsaktiviteter.<\/p>\n<p><strong>Hvad er et Fritidspas:<br \/><\/strong>Et fritidspas er en \u00f8konomisk st\u00f8tte i form af kontingent til at deltage i foreningsaktiviteter, som gives til b\u00f8rn og unge som ikke i forvejen deltager i et foreningstilbud p\u00e5 grund af \u00f8konomi.<\/p>\n<p>Fritidspas er en \u00e5rlig pulje p\u00e5 200.000 kr., som bevilges efter f\u00f8rst til m\u00f8lle princippet.<\/p>\n<p><strong>Kriterier:<\/strong><\/p>\n<ul>\n<li>Fritidspasset kan kun ans\u00f8ges af foreninger, professionelle og frivillige<\/li>\n<li>Fritidspasset gives til b\u00f8rn og unge, som ikke i forvejen deltager i en fritidsaktivitet<\/li>\n<li>Barnet eller den unge skal v\u00e6re mellem 0 \u2013 17 \u00e5r og v\u00e6re bosiddende i Varde Kommune<\/li>\n<li>Familiens samlede skattepligtige husstandsindkomst m\u00e5 ikke overstige 375.000 kr.<\/li>\n<li>Der kan s\u00f8ges kontingent til foreningsaktiviteter og tilbud p\u00e5 Musik og Billedskolen i Varde Kommune<\/li>\n<li>Der kan s\u00f8ges \u00f8konomisk tilskud til kontingent p\u00e5 op til 2.000 kr. pr. \u00e5r, hvorefter der er egenbetaling p\u00e5 det resterende kontingentbel\u00f8b.<\/li>\n<li>Der kan s\u00f8ges op til 1 fritidsaktivitet pr. kalender\u00e5r, dog er det muligt at s\u00f8ge til en for\u00e5rs- og efter\u00e5rss\u00e6son op til 2.000 kr. pr. \u00e5r.<\/li>\n<li>Der gives ikke tilskud til fitnesscentre og klippekort, diverse \u201cskoler\u201d m.v.<\/li>\n<li>Der kan s\u00f8ges om kontingent vedr. 2022 og s\u00e6son 2022\/2023<\/li>\n<li>Der gives kontingent st\u00f8tte til flygtningeb\u00f8rn gennem Fritidspuljen (udvidet samtykke n\u00f8dvendigt). Her kan for\u00e6ldre s\u00f8ge Fritidspas til deres b\u00f8rn.<\/li>\n<li>Fritidspasset bevilges hvis det vurderes, at fritidsaktiviteten g\u00f8r at barnet kan styrke sine sociale relationer og kompetencer og det vurderes at deltagelse i fritids- og foreningslivet underst\u00f8tter barnets l\u00e6ring, trivsel og chancelighed<\/li>\n<\/ul>\n<p>Ans\u00f8gningsskema til Fritidspas og Fritidspuljen i Varde Kommune 2022<br \/>(link til overst\u00e5ende: <a href=\"https:\/\/vardekommune.dk\/wp-content\/uploads\/2022\/11\/Ansoegningskema-til-Fritidspas-2023.docx\">https:\/\/vardekommune.dk\/wp-content\/uploads\/2022\/11\/Ansoegningskema-til-Fritidspas-2023.docx<\/a>)<\/p>\n<p>&nbsp;<\/p>\n<p><strong>Fritidspuljen (integrationslov)<\/strong><\/p>\n<p>Fritidspuljen i DRC Integration giver kontingentst\u00f8tte til flygtningeb\u00f8rn i alderen 0-17 \u00e5r, hvis en eller begge for\u00e6ldre modtager overf\u00f8rselsindkomst eller hvis barnet er uledsaget mindre\u00e5rig.<br \/>Ans\u00f8gning sker i samme ans\u00f8gningsskema som Fritidspas (ovenst\u00e5ende skema). Husk at afkrydse \u201cintegrationsydelse\u201d.<br \/>Ligesom med Fritidspas er der mulighed for at s\u00f8ge udstyr ved BROEN Varde hvis det er n\u00f8dvendigt.<\/p>\n<p>L\u00e6s mere om Fritidspuljen her eller kontakt en medarbejder i Kultur og Fritid.<br \/>(Link: <a href=\"https:\/\/vardekommune.dk\/wp-content\/uploads\/2023\/01\/Ansoegningsskema-til-ukrainske-boern-2023-1.docx\">https:\/\/vardekommune.dk\/wp-content\/uploads\/2023\/01\/Ansoegningsskema-til-ukrainske-boern-2023-1.docx<\/a>)<\/p>\n<p>&nbsp;<\/p>\n<p><strong>Broen<\/strong><\/p>\n<p>Varde Kommune har indg\u00e5et en samarbejdsaftale med BROEN Varde, hvorfra der kan ans\u00f8ges om st\u00f8tte til udstyr til fritidsaktiviteter hvis der er bevilget kontingentst\u00f8tte gennem Fritidspas eller Fritidspuljen.<\/p>\n<p>Find ans\u00f8gningsskema og l\u00e6s mere om BROEN Varde her: <a href=\"https:\/\/broen-danmark.dk\/varde\/\">https:\/\/broen-danmark.dk\/varde\/<\/a><\/p>\n<p>&nbsp;<\/p>\n<p><strong>DGI`s Pulje: Foreningsliv for alle<\/strong><\/p>\n<p>Form\u00e5let med Forenings liv for alle er at fremme deltagelse i det lokale idr\u00e6ts- og foreningsliv for b\u00f8rn og unge af vanskeligt stillede for\u00e6ldre samt for voksne flygtninge og asylans\u00f8gere.<\/p>\n<p>M\u00e5lgruppe: B\u00f8rn og unge op til 25 \u00e5r, hvis for\u00e6ldre er vanskeligt stillede og hvor \u00f8konomisk st\u00f8tte er en afg\u00f8rende betingelse for disse b\u00f8rn og unges deltagelse i aktiviteten. Nytilkommende voksne flygtninge og asylans\u00f8gere over 25 \u00e5r, hvor f\u00e5 midler gr\u00e6nser disse mennesker idr\u00e6ts- og foreningsdeltagelse.<\/p>\n<p>Der kan s\u00f8ges om st\u00f8tte til kontingent og st\u00e6vner.<\/p>\n<p>Find ans\u00f8gningsskema og l\u00e6s mere om puljen<br \/><a href=\"https:\/\/www.dgi.dk\/samarbejd\/om-vores-indsatser\/programomraader\/dgi-inklusion\/sociooekonomisk-udsatte-borgere\/pulje-foreningsliv-for-alle\">https:\/\/www.dgi.dk\/samarbejd\/om-vores-indsatser\/programomraader\/dgi-inklusion\/sociooekonomisk-udsatte-borgere\/pulje-foreningsliv-for-alle<\/a><\/p>\n<p>&nbsp;<\/p>\n<p>[\/et_pb_text][\/et_pb_column][\/et_pb_row][\/et_pb_section]<\/p>\n","protected":false},"excerpt":{"rendered":"<p>FritidspasVarde Kommunes fritidspas er et tilbud til b\u00f8rn og unge, der har det \u00f8konomisk sv\u00e6rt. Med et fritidspas kan barnet eller den unge f\u00e5 \u00f8konomisk st\u00f8tte, s\u00e5 de kan deltage i foreningsaktiviteter. Hvad er et Fritidspas:Et fritidspas er en \u00f8konomisk st\u00f8tte i form af kontingent til at deltage i foreningsaktiviteter, som gives til b\u00f8rn og [&hellip;]<\/p>\n","protected":false},"author":3,"featured_media":0,"parent":0,"menu_order":0,"comment_status":"closed","ping_status":"closed","template":"","meta":{"_et_pb_use_builder":"on","_et_pb_old_content":"","_et_gb_content_width":"","_monsterinsights_skip_tracking":false,"_monsterinsights_sitenote_active":false,"_monsterinsights_sitenote_note":"","_monsterinsights_sitenote_category":0,"footnotes":""},"class_list":["post-1901","page","type-page","status-publish","hentry"],"_links":{"self":[{"href":"https:\/\/thgu.dk\/index.php?rest_route=\/wp\/v2\/pages\/1901","targetHints":{"allow":["GET"]}}],"collection":[{"href":"https:\/\/thgu.dk\/index.php?rest_route=\/wp\/v2\/pages"}],"about":[{"href":"https:\/\/thgu.dk\/index.php?rest_route=\/wp\/v2\/types\/page"}],"author":[{"embeddable":true,"href":"https:\/\/thgu.dk\/index.php?rest_route=\/wp\/v2\/users\/3"}],"replies":[{"embeddable":true,"href":"https:\/\/thgu.dk\/index.php?rest_route=%2Fwp%2Fv2%2Fcomments&post=1901"}],"version-history":[{"count":4,"href":"https:\/\/thgu.dk\/index.php?rest_route=\/wp\/v2\/pages\/1901\/revisions"}],"predecessor-version":[{"id":2320,"href":"https:\/\/thgu.dk\/index.php?rest_route=\/wp\/v2\/pages\/1901\/revisions\/2320"}],"wp:attachment":[{"href":"https:\/\/thgu.dk\/index.php?rest_route=%2Fwp%2Fv2%2Fmedia&parent=1901"}],"curies":[{"name":"wp","href":"https:\/\/api.w.org\/{rel}","templated":true}]}}