{"id":1878,"date":"2022-08-02T11:13:35","date_gmt":"2022-08-02T09:13:35","guid":{"rendered":"https:\/\/thgu.dk\/?page_id=1878"},"modified":"2023-05-14T20:23:38","modified_gmt":"2023-05-14T18:23:38","slug":"frivillig-i-thgu","status":"publish","type":"page","link":"https:\/\/thgu.dk\/?page_id=1878","title":{"rendered":"Frivillig i THGU"},"content":{"rendered":"<p>[et_pb_section fb_built=&#8221;1&#8243; _builder_version=&#8221;4.17.6&#8243; _module_preset=&#8221;default&#8221; global_colors_info=&#8221;{}&#8221;][et_pb_row _builder_version=&#8221;4.17.6&#8243; _module_preset=&#8221;default&#8221; global_colors_info=&#8221;{}&#8221;][et_pb_column type=&#8221;4_4&#8243; _builder_version=&#8221;4.17.6&#8243; _module_preset=&#8221;default&#8221; global_colors_info=&#8221;{}&#8221;][et_pb_text _builder_version=&#8221;4.17.6&#8243; _module_preset=&#8221;default&#8221; global_colors_info=&#8221;{}&#8221;]<\/p>\n<h3>Frivillig i THGU<\/h3>\n<p><strong>Bliv tr\u00e6ner, hj\u00e6lpetr\u00e6ner eller udvalgsmedlem i THGU og v\u00e6r med til at g\u00f8re en forskel.<br \/>En hj\u00e6lpende h\u00e5nd er guld v\u00e6rd.<\/strong><\/p>\n<p><strong>Hvordan kan du hj\u00e6lpe?<\/strong><br \/>Vi kan bruge alle f\u00e6rdigheder, og arbejdet sp\u00e6nder vidt. Vil du hj\u00e6lpe til konkrete arrangementer, eller vil du have fingeren med i spillet, n\u00e5r der t\u00e6nkes nyt og stort? Der er plads til alle slags frivillige.<\/p>\n<p>Interesserer du dig for en idr\u00e6tsgren, og kunne du t\u00e6nke dig at tr\u00e6ne andre? Bliv frivillig tr\u00e6ner eller hj\u00e6lpetr\u00e6ner i din forening.<\/p>\n<p>Er du vild med at bage og kokkerere i k\u00f8kkenet? Vi kan have brug for hj\u00e6lp til at bage kage til gymnastikopvisning, badmintonst\u00e6vner, h\u00e5ndboldst\u00e6vne osv.<\/p>\n<p>Synes du, organisering, planl\u00e6gning og styring af events er sp\u00e6ndende? Bliv frivillig i din forening og hj\u00e6lp til, n\u00e5r der skal planl\u00e6gges arrangementer og tiltag.<br \/>M\u00e5ske er du mere interesseret i udvikling, innovation og nyt\u00e6nkning? Tag del i udviklingen af nye tiltag i din forening &#8211; eller v\u00e6r med til at udvikle p\u00e5 eksisterende.<\/p>\n<p><strong>Overvejer du at blive frivillig tr\u00e6ner?<\/strong><br \/>G\u00f8r det, for du bliver klogere p\u00e5 dig selv, andre og din idr\u00e6t. Der kan selvf\u00f8lgelig v\u00e6re barrierer \u2013 m\u00e5ske fordi du kun har set dig selv i ud\u00f8verrollen. Men kast dig ud i at v\u00e6re tr\u00e6ner. Der er en plads til dig, og det er det hele v\u00e6rd.<br \/>Har du, hvad det kr\u00e6ver at v\u00e6re tr\u00e6ner? Ja, det har du \u2013 og det kan give dig utroligt meget.<\/p>\n<p><strong>8 grunde: Derfor skal du v\u00e6re frivillig tr\u00e6ner<br \/><\/strong><strong>1) G\u00f8r en forskel.<br \/><\/strong>Som tr\u00e6ner g\u00f8r du en k\u00e6mpe forskel for andre i idr\u00e6tsforeningen. Du f\u00e5r lov til at give noget af alt det, du har l\u00e6rt, tilbage til de nye i foreningen. Det er utrolig givende at l\u00e6re fra sig og det giver et helt s\u00e6rligt kick, n\u00e5r du oplever, at dine ud\u00f8vere l\u00e6rer noget nyt og forbedrer sig, og du s\u00e5 samtidig ved, at du er en stor del af det.<\/p>\n<p><strong>2) L\u00e6r dig selv, andre og din idr\u00e6t bedre at kende<br \/><\/strong>Du l\u00e6rer ikke kun dine ud\u00f8vere at blive bedre til en idr\u00e6t; du l\u00e6rer mennesker at v\u00e6re mennesker. I processen med at lede andre \u2013 og f\u00e5 alle med \u2013 udvikler du dig utrolig meget, og du bliver st\u00e6rkere til at formidle, l\u00e6re fra dig og st\u00e5 foran en flok af mennesker.<strong><br \/><\/strong>Du l\u00e6rer ogs\u00e5 din idr\u00e6t bedre at kende. N\u00e5r du kommer op i helikopterperspektivet og skal give viden videre til andre, kommer du til at forst\u00e5 din idr\u00e6t p\u00e5 ny og i dybden.<\/p>\n<p><strong>3) Plads til dig<br \/><\/strong>Idr\u00e6tsforeninger er vilde med dem, der melder sig som tr\u00e6nere, for uden tr\u00e6nere er der ingen idr\u00e6tsforening og aktiviteter.<\/p>\n<p>I langt de fleste foreninger er der plads til alle, b\u00e5de den afslappede tr\u00e6ner og tr\u00e6neren med de store ambitioner. Du kan blive en del af idr\u00e6tsforeningen stille og roligt, for eksempel ved at starte som hj\u00e6lpetr\u00e6ner eller assistent. Uanset hvor meget du kan give, og hvilken baggrund du har, er der plads til dig.<\/p>\n<p>Det er helt OK at fejle, teste og afpr\u00f8ve. Tr\u00e6ningen foreg\u00e5r i trygge rammer, hvor eksperimenter og nye ideer altid er velkomne.<\/p>\n<p><strong>4) Frihed under ansvar<br \/><\/strong>En forening er et dynamisk sted, hvor dine ideer er mere end velkomne. Du f\u00e5r s\u00e5 meget ansvar, som du \u00f8nsker, og du f\u00e5r mulighed for at l\u00f8fte dit hold og dine spillere p\u00e5 din m\u00e5de.<br \/>Du strukturerer og prioriterer selv din tid. Og du f\u00e5r mulighed for at bidrage til at forme dr\u00f8mme og m\u00e5l, pr\u00e6ge organiseringen og m\u00e5den at g\u00f8re tingene p\u00e5.<\/p>\n<p>L\u00e6s ogs\u00e5: Til alle tr\u00e6nere: I er med til at skabe menneskelige vindere<br \/>(link:\u00a0 <a href=\"https:\/\/www.dgi.dk\/om\/presse\/presserum\/opinion\/artikler\/til-alle-traenere-i-er-med-til-at-skabe-menneskelige-vindere\">https:\/\/www.dgi.dk\/om\/presse\/presserum\/opinion\/artikler\/til-alle-traenere-i-er-med-til-at-skabe-menneskelige-vindere<\/a> )<\/p>\n<p><strong>5) Rollemodel og anerkendelse<br \/><\/strong>Hvervet som tr\u00e6ner er et uselvisk hverv, hvor du som rollemodel l\u00e6rer fra dig, motiverer og leder dit hold. Du vinder ofte stor anerkendelse fra dine ud\u00f8vere og deres for\u00e6ldre, og det er medvirkende til, at det er det hele v\u00e6rd.<\/p>\n<p><strong>6) Oplev gl\u00e6de, gejst og passion<br \/><\/strong>De andre frivillige i idr\u00e6tsforeningen br\u00e6nder ogs\u00e5 for at g\u00f8re en forskel for andre, og du vil sikkert opleve gl\u00e6den, gejsten og passionen i det frivillige arbejde sammen med andre frivillige kr\u00e6fter.<br \/>I de fleste foreninger f\u00e5r du ikke l\u00f8n for at v\u00e6re tr\u00e6ner. Der er dog nogle foreninger, hvor du f\u00e5r et gavekort eller det man kalder omkostningsgodtg\u00f8relse. Med andre ord, frivillige er ikke frivillige p\u00e5 grund af pengene, men fordi de vil g\u00f8re en forskel.<\/p>\n<p><strong>7) Et plus p\u00e5 dit CV<br \/><\/strong>De mange kompetencer, du tilegner dig i tr\u00e6nerrollen, kan du bruge i dit arbejdsliv. Du l\u00e6rer at facilitere, planl\u00e6gge og l\u00e6re fra dig. Hvis du er bevidst om alt det, du l\u00e6rer i arbejdet med mennesker, vil du opleve, at du kan bruge redskaberne og kompetencerne igen og igen.<\/p>\n<p>Samtidig er det et plus p\u00e5 dit CV, at du er eller har v\u00e6ret frivillig. Det siger noget om dig som menneske, at du har energi, vilje og mod til at v\u00e6re frivillig &#8211; og det er noget, mange arbejdsgivere eftersp\u00f8rger.<\/p>\n<p><strong>8) Altid i trygge rammer<br \/><\/strong>Du har frie rammer, men du er ikke alene. I foreningen er der ildsj\u00e6le, frivillige og ledere, der kan hj\u00e6lpe dig, s\u00e5 du altid er tilpas i tr\u00e6nerrollen. Du kan sp\u00f8rge din leder efter b\u00e5de sparring og tr\u00e6neruddannelser, s\u00e5 du har en rygs\u00e6k af gode redskaber.<\/p>\n<p>&nbsp;<\/p>\n<p><strong>Gymnastik:<br \/><\/strong>Kunne du t\u00e6nke dig at v\u00e6re tr\u00e6ner p\u00e5 et gymnastikhold &#8211; springhold eller kunne du t\u00e6nke dig at v\u00e6re hj\u00e6lpetr\u00e6ner p\u00e5 et af gymnastikholdene<br \/>Kontakt Lauge Hansen \u2013 29 90 97 25<\/p>\n<p><strong>Badminton<\/strong><strong>:<br \/><\/strong>Vil du v\u00e6re tr\u00e6ner eller hj\u00e6lpetr\u00e6ner indenfor badminton.<br \/>Kontakt Brian Lindegaard \u2013 28 40 78 18<\/p>\n<p><strong>H\u00e5ndbold:<br \/><\/strong>S\u00e5 er der en tr\u00e6ner i maven p\u00e5 dig<br \/>Kontakt Gitte Pallesen &#8211; 29 63 50 67<\/p>\n<p><strong>Motion:<br \/><\/strong>Kontakt Else Plauborg \u2013 21 23 25 23<\/p>\n<p><strong>Hovedbestyrelsen:<br \/><\/strong>Kontakt Formand Heidi N\u00f8rby &#8211; 28 68 98 36<\/p>\n<p>\u00d8nsker du at v\u00e6re tr\u00e6ner, hj\u00e6lpetr\u00e6ner eller komme ind i udvalg eller bestyrelse s\u00e5 kontakt overst\u00e5ende direkte i deres afdelinger eller kontakt Formand Heidi N\u00f8rby for yderlig information.<br \/>Formand Heidi N\u00f8rby kan kontaktes p\u00e5 mail: <a href=\"mailto:Thgu.formand@gmail.com\">Thgu.formand@gmail.com<\/a> eller sms 28 68 98 36<\/p>\n<p>[\/et_pb_text][\/et_pb_column][\/et_pb_row][\/et_pb_section]<\/p>\n","protected":false},"excerpt":{"rendered":"<p>Frivillig i THGU Bliv tr\u00e6ner, hj\u00e6lpetr\u00e6ner eller udvalgsmedlem i THGU og v\u00e6r med til at g\u00f8re en forskel.En hj\u00e6lpende h\u00e5nd er guld v\u00e6rd. Hvordan kan du hj\u00e6lpe?Vi kan bruge alle f\u00e6rdigheder, og arbejdet sp\u00e6nder vidt. Vil du hj\u00e6lpe til konkrete arrangementer, eller vil du have fingeren med i spillet, n\u00e5r der t\u00e6nkes nyt og stort? [&hellip;]<\/p>\n","protected":false},"author":3,"featured_media":0,"parent":27,"menu_order":0,"comment_status":"closed","ping_status":"closed","template":"","meta":{"_et_pb_use_builder":"on","_et_pb_old_content":"","_et_gb_content_width":"","_monsterinsights_skip_tracking":false,"_monsterinsights_sitenote_active":false,"_monsterinsights_sitenote_note":"","_monsterinsights_sitenote_category":0,"footnotes":""},"class_list":["post-1878","page","type-page","status-publish","hentry"],"_links":{"self":[{"href":"https:\/\/thgu.dk\/index.php?rest_route=\/wp\/v2\/pages\/1878","targetHints":{"allow":["GET"]}}],"collection":[{"href":"https:\/\/thgu.dk\/index.php?rest_route=\/wp\/v2\/pages"}],"about":[{"href":"https:\/\/thgu.dk\/index.php?rest_route=\/wp\/v2\/types\/page"}],"author":[{"embeddable":true,"href":"https:\/\/thgu.dk\/index.php?rest_route=\/wp\/v2\/users\/3"}],"replies":[{"embeddable":true,"href":"https:\/\/thgu.dk\/index.php?rest_route=%2Fwp%2Fv2%2Fcomments&post=1878"}],"version-history":[{"count":4,"href":"https:\/\/thgu.dk\/index.php?rest_route=\/wp\/v2\/pages\/1878\/revisions"}],"predecessor-version":[{"id":2284,"href":"https:\/\/thgu.dk\/index.php?rest_route=\/wp\/v2\/pages\/1878\/revisions\/2284"}],"up":[{"embeddable":true,"href":"https:\/\/thgu.dk\/index.php?rest_route=\/wp\/v2\/pages\/27"}],"wp:attachment":[{"href":"https:\/\/thgu.dk\/index.php?rest_route=%2Fwp%2Fv2%2Fmedia&parent=1878"}],"curies":[{"name":"wp","href":"https:\/\/api.w.org\/{rel}","templated":true}]}}