{"id":17,"date":"2019-05-10T18:08:12","date_gmt":"2019-05-10T18:08:12","guid":{"rendered":"https:\/\/thgu.dk\/?page_id=17"},"modified":"2026-01-13T16:33:28","modified_gmt":"2026-01-13T14:33:28","slug":"gymnastik","status":"publish","type":"page","link":"https:\/\/thgu.dk\/?page_id=17","title":{"rendered":"Gymnastik"},"content":{"rendered":"<p>[et_pb_section fb_built=&#8221;1&#8243; admin_label=&#8221;section&#8221; _builder_version=&#8221;4.16&#8243; global_colors_info=&#8221;{}&#8221;][et_pb_row admin_label=&#8221;row&#8221; _builder_version=&#8221;4.16&#8243; background_size=&#8221;initial&#8221; background_position=&#8221;top_left&#8221; background_repeat=&#8221;repeat&#8221; global_colors_info=&#8221;{}&#8221;][et_pb_column type=&#8221;4_4&#8243; _builder_version=&#8221;4.16&#8243; custom_padding=&#8221;|||&#8221; global_colors_info=&#8221;{}&#8221; custom_padding__hover=&#8221;|||&#8221;][et_pb_slider use_bg_overlay=&#8221;on&#8221; bg_overlay_color=&#8221;RGBA(0,0,0,0)&#8221; use_text_overlay=&#8221;on&#8221; text_overlay_color=&#8221;rgba(12,113,195,0.36)&#8221; text_border_radius=&#8221;55px&#8221; module_class=&#8221;dr_slider_arrow_4 &#8221; _builder_version=&#8221;4.16&#8243; _module_preset=&#8221;default&#8221; header_level=&#8221;h1&#8243; header_font=&#8221;Poppins|700|||||||&#8221; header_text_align=&#8221;left&#8221; header_text_color=&#8221;#FFFFFF&#8221; header_font_size=&#8221;50px&#8221; header_line_height=&#8221;1.4em&#8221; body_font=&#8221;Poppins||||||||&#8221; body_text_color=&#8221;#FFFFFF&#8221; body_font_size=&#8221;16px&#8221; body_line_height=&#8221;1.9em&#8221; background_color=&#8221;rgba(0,0,0,0.21)&#8221; background_image=&#8221;http:\/\/thgu.dk\/wp-content\/uploads\/2021\/06\/FB_IMG_1505833226620.jpg&#8221; background_blend=&#8221;overlay&#8221; custom_button=&#8221;on&#8221; button_text_size=&#8221;22px&#8221; button_text_color=&#8221;#FFFFFF&#8221; button_bg_color=&#8221;#0C71C3&#8243; button_border_color=&#8221;#8300E9&#8243; button_font=&#8221;Poppins||||||||&#8221; button_alignment=&#8221;left&#8221; max_width=&#8221;100%&#8221; module_alignment=&#8221;center&#8221; min_height=&#8221;554.8px&#8221; custom_margin=&#8221;-3px||-3px||false|false&#8221; custom_padding=&#8221;124px||124px||true|false&#8221; custom_padding_tablet=&#8221;&#8221; custom_padding_phone=&#8221;58px||58px||true|false&#8221; custom_padding_last_edited=&#8221;on|phone&#8221; filter_saturate=&#8221;98%&#8221; auto=&#8221;on&#8221; auto_ignore_hover=&#8221;on&#8221; header_font_size_tablet=&#8221;&#8221; header_font_size_phone=&#8221;20px&#8221; header_font_size_last_edited=&#8221;on|phone&#8221; body_font_size_tablet=&#8221;&#8221; body_font_size_phone=&#8221;12px&#8221; body_font_size_last_edited=&#8221;on|phone&#8221; button_text_size_tablet=&#8221;&#8221; button_text_size_phone=&#8221;14px&#8221; button_text_size_last_edited=&#8221;on|phone&#8221; custom_css_slide_description=&#8221;animation-name:flipInY;||-webkit-animation-duration: 2s;||-moz-animation-duration: 2s;||-ms-animation-duration: 22s;||-o-animation-duration: 2s;||animation-duration: 2s;||||-webkit-animation-delay: 23s;||-moz-animation-delay: 2s;||-ms-animation-delay: 2s;||-o-animation-delay: 2s;||animation-delay: 2s;&#8221; custom_css_slide_button=&#8221; border-style: solid!Important;|| border-width: 0px!Important;|| border-color: rgb(255,255,255)!Important;|||| border-left-style: solid!Important;|| border-left-width: 5px!Important;|| border-left-color: rgb(255,255,255)!Important;|||| border-right-style: solid!Important;|| border-right-width: 5px!Important;|| border-right-color: rgb(255,255,255)!Important;||||&#8221; global_colors_info=&#8221;{}&#8221;][et_pb_slide heading=&#8221;Gymnastik&#8221; content_tablet=&#8221;&#8221; content_phone=&#8221;<\/p>\n<h1>Velkommen<\/h1>\n<p><b>I Tistrup Hodde H\u00e5ndbold v\u00e6rner vi om det lokale idr\u00e6tsliv<\/b><\/p>\n<p>&#8221; content_last_edited=&#8221;on|phone&#8221; _builder_version=&#8221;4.16&#8243; _module_preset=&#8221;default&#8221; header_level=&#8221;h1&#8243; header_font=&#8221;Poppins|700|||||||&#8221; header_text_color=&#8221;#FFFFFF&#8221; body_font=&#8221;Poppins||||||||&#8221; body_text_color=&#8221;#FFFFFF&#8221; background_color=&#8221;rgba(0,0,0,0)&#8221; background_enable_color=&#8221;on&#8221; background_image=&#8221;http:\/\/thgu.dk\/wp-content\/uploads\/2021\/05\/gymnastikopvisning-2019.jpg&#8221; background_enable_image=&#8221;on&#8221; background_blend=&#8221;overlay&#8221; custom_button=&#8221;on&#8221; button_text_color=&#8221;#FFFFFF&#8221; button_bg_color=&#8221;#0C71C3&#8243; button_font=&#8221;Poppins||||||||&#8221; header_font_size_tablet=&#8221;&#8221; header_font_size_phone=&#8221;20px&#8221; header_font_size_last_edited=&#8221;on|phone&#8221; custom_css_slide_description=&#8221;animation-name:flipInY;||-webkit-animation-duration: 2s;||-moz-animation-duration: 2s;||-ms-animation-duration: 22s;||-o-animation-duration: 2s;||animation-duration: 2s;||||-webkit-animation-delay: 23s;||-moz-animation-delay: 2s;||-ms-animation-delay: 2s;||-o-animation-delay: 2s;||animation-delay: 2s;&#8221; global_colors_info=&#8221;{}&#8221; sticky_transition=&#8221;on&#8221;]<\/p>\n<h1 style=\"text-align: left;\">VELKOMMEN<\/h1>\n<p style=\"text-align: left;\">[\/et_pb_slide][et_pb_slide heading=&#8221;Gymnastik&#8221; content_tablet=&#8221;&#8221; content_phone=&#8221;<\/p>\n<h1>Vores hold<\/h1>\n<p>&#8221; content_last_edited=&#8221;on|phone&#8221; _builder_version=&#8221;4.16&#8243; _module_preset=&#8221;default&#8221; header_level=&#8221;h1&#8243; header_font=&#8221;Poppins|700|||||||&#8221; header_text_color=&#8221;#FFFFFF&#8221; body_font=&#8221;Poppins||||||||&#8221; body_text_color=&#8221;#FFFFFF&#8221; background_color=&#8221;rgba(0,0,0,0.21)&#8221; background_enable_color=&#8221;on&#8221; background_enable_image=&#8221;off&#8221; background_blend=&#8221;overlay&#8221; custom_button=&#8221;on&#8221; button_text_color=&#8221;#FFFFFF&#8221; button_bg_color=&#8221;#0C71C3&#8243; button_font=&#8221;Poppins||||||||&#8221; header_font_size_tablet=&#8221;&#8221; header_font_size_phone=&#8221;20px&#8221; header_font_size_last_edited=&#8221;on|phone&#8221; custom_css_slide_description=&#8221;animation-name:flipInY;||-webkit-animation-duration: 2s;||-moz-animation-duration: 2s;||-ms-animation-duration: 22s;||-o-animation-duration: 2s;||animation-duration: 2s;||||-webkit-animation-delay: 23s;||-moz-animation-delay: 2s;||-ms-animation-delay: 2s;||-o-animation-delay: 2s;||animation-delay: 2s;&#8221; global_colors_info=&#8221;{}&#8221; sticky_transition=&#8221;on&#8221;]<\/p>\n<h1 style=\"text-align: left;\">F\u00e6llesskab\u00a0<\/h1>\n<p style=\"text-align: left;\">[\/et_pb_slide][\/et_pb_slider][et_pb_text _builder_version=&#8221;4.27.4&#8243; _module_preset=&#8221;default&#8221; transform_translate=&#8221;0px|7px&#8221; transform_translate_linked=&#8221;off&#8221; text_orientation=&#8221;center&#8221; hover_enabled=&#8221;0&#8243; global_colors_info=&#8221;{}&#8221; sticky_enabled=&#8221;0&#8243;]<\/p>\n<p><span>Kontaktperson for \u00e6ndringer p\u00e5 hjemmesiden: Mette Bergstedt Olesen, MbyO marketing<\/span><\/p>\n<p>[\/et_pb_text][et_pb_text _builder_version=&#8221;4.18.0&#8243; _module_preset=&#8221;default&#8221; text_orientation=&#8221;center&#8221; global_colors_info=&#8221;{}&#8221;]<\/p>\n<p>Online betaling: Se<a href=\"https:\/\/www.conventus.dk\/dataudv\/www\/holdoversigt_ny_iframe.php?foreningsid=4166&amp;afdelingsid=16609&amp;handelsbetingelser=1&amp;reservationer=vis&amp;skjul_nyt_medlem=0&amp;skjul_allerede_medlem=0&amp;raekkefoelge=alfabetisk&amp;sprog=auto&amp;vis_adresse=0&amp;knap_placering=horisontal&amp;highlight=pris&amp;start=periode;ledige_pladser&amp;info=tid_sted;alder;betaling;tilmelding;tilmeld_aabner_om;ledere;om_holdet\"> HER<\/a><\/p>\n<p>[\/et_pb_text][\/et_pb_column][\/et_pb_row][\/et_pb_section]<\/p>\n","protected":false},"excerpt":{"rendered":"<p>VELKOMMEN F\u00e6llesskab\u00a0 Kontaktperson for \u00e6ndringer p\u00e5 hjemmesiden: Mette Bergstedt Olesen, MbyO marketingOnline betaling: Se HER<\/p>\n","protected":false},"author":2,"featured_media":0,"parent":0,"menu_order":0,"comment_status":"closed","ping_status":"closed","template":"","meta":{"_et_pb_use_builder":"on","_et_pb_old_content":"Her kan du f\u00e5 et overblik over holdene. Hvorn\u00e5r de tr\u00e6ner, hvor de tr\u00e6ner og hvem der tr\u00e6ner dem.","_et_gb_content_width":"","_monsterinsights_skip_tracking":false,"_monsterinsights_sitenote_active":false,"_monsterinsights_sitenote_note":"","_monsterinsights_sitenote_category":0,"footnotes":""},"class_list":["post-17","page","type-page","status-publish","hentry"],"_links":{"self":[{"href":"https:\/\/thgu.dk\/index.php?rest_route=\/wp\/v2\/pages\/17","targetHints":{"allow":["GET"]}}],"collection":[{"href":"https:\/\/thgu.dk\/index.php?rest_route=\/wp\/v2\/pages"}],"about":[{"href":"https:\/\/thgu.dk\/index.php?rest_route=\/wp\/v2\/types\/page"}],"author":[{"embeddable":true,"href":"https:\/\/thgu.dk\/index.php?rest_route=\/wp\/v2\/users\/2"}],"replies":[{"embeddable":true,"href":"https:\/\/thgu.dk\/index.php?rest_route=%2Fwp%2Fv2%2Fcomments&post=17"}],"version-history":[{"count":9,"href":"https:\/\/thgu.dk\/index.php?rest_route=\/wp\/v2\/pages\/17\/revisions"}],"predecessor-version":[{"id":2790,"href":"https:\/\/thgu.dk\/index.php?rest_route=\/wp\/v2\/pages\/17\/revisions\/2790"}],"wp:attachment":[{"href":"https:\/\/thgu.dk\/index.php?rest_route=%2Fwp%2Fv2%2Fmedia&parent=17"}],"curies":[{"name":"wp","href":"https:\/\/api.w.org\/{rel}","templated":true}]}}