{"id":1362,"date":"2021-10-24T17:59:26","date_gmt":"2021-10-24T15:59:26","guid":{"rendered":"https:\/\/thgu.dk\/?page_id=1362"},"modified":"2024-09-10T15:24:55","modified_gmt":"2024-09-10T13:24:55","slug":"traeningstider","status":"publish","type":"page","link":"https:\/\/thgu.dk\/?page_id=1362","title":{"rendered":"Tr\u00e6ningstider"},"content":{"rendered":"<p>[et_pb_section fb_built=&#8221;1&#8243; _builder_version=&#8221;4.16&#8243; _module_preset=&#8221;default&#8221; global_colors_info=&#8221;{}&#8221;][et_pb_row _builder_version=&#8221;4.16&#8243; _module_preset=&#8221;default&#8221; global_colors_info=&#8221;{}&#8221;][et_pb_column type=&#8221;4_4&#8243; _builder_version=&#8221;4.16&#8243; _module_preset=&#8221;default&#8221; global_colors_info=&#8221;{}&#8221;][et_pb_text _builder_version=&#8221;4.16&#8243; _module_preset=&#8221;default&#8221; text_font=&#8221;Montserrat|500|||||||&#8221; text_text_color=&#8221;#000000&#8243; custom_padding=&#8221;|||192px||&#8221; global_colors_info=&#8221;{}&#8221;]<\/p>\n<h3>Tr\u00e6ningen foreg\u00e5r i Tistrup minihallen<\/h3>\n<table>\n<tbody>\n<tr>\n<td width=\"194\"><\/td>\n<td width=\"149\">\n<p>&nbsp;<\/p>\n<p>mandag<\/p>\n<\/td>\n<td width=\"175\">\n<p>&nbsp;<\/p>\n<p>fredag<\/p>\n<\/td>\n<\/tr>\n<tr>\n<td width=\"194\">\n<p>\u00a0\u00a0 \u00a0\u00a010-9 Kyu<\/p>\n<p>(begyndere\/gul)<\/p>\n<\/td>\n<td width=\"149\">\n<p>&nbsp;<\/p>\n<p>kl. 17.45 &#8211; 18.45<\/p>\n<\/td>\n<td width=\"175\">\n<p>&nbsp;<\/p>\n<p>kl. 17.00 &#8211; 18.00<\/p>\n<\/td>\n<\/tr>\n<tr>\n<td width=\"194\">\u00a0\u00a0\u00a0\u00a0 8-1 Kyu (orange\/gr\u00f8n\/violet\/brun)<\/td>\n<td width=\"149\">\n<p>&nbsp;<\/p>\n<p>kl. 18.45 &#8211; 19.45<\/p>\n<\/td>\n<td width=\"175\">\n<p>&nbsp;<\/p>\n<p>kl. 18.00 &#8211; 19.00<\/p>\n<\/td>\n<\/tr>\n<\/tbody>\n<\/table>\n<p>&nbsp;<\/p>\n<p>&nbsp;<\/p>\n<p>&nbsp;<\/p>\n<p>N\u00e5r du er 6 \u00e5r eller \u00e6ldre, er du velkommen til at starte i klubben. Vi starter nye hold i januar og august.<\/p>\n<p>Har du tr\u00e6net shotokan karate f\u00f8r og vil gerne igang igen, er du altid velkommen til at tr\u00e6ne med.<\/p>\n<p>P\u00e5kl\u00e6dning er gi eller l\u00f8stsiddende t\u00f8j og bare t\u00e6er.<\/p>\n<p>Husk at fjerne smykker!<\/p>\n<p>Se gerne afsnittet om <u>opf\u00f8rsel<\/u>.<\/p>\n<p>&nbsp;<\/p>\n<p>[\/et_pb_text][\/et_pb_column][\/et_pb_row][\/et_pb_section]<\/p>\n","protected":false},"excerpt":{"rendered":"<p>Tr\u00e6ningen foreg\u00e5r i Tistrup minihallen &nbsp; mandag &nbsp; fredag \u00a0\u00a0 \u00a0\u00a010-9 Kyu (begyndere\/gul) &nbsp; kl. 17.45 &#8211; 18.45 &nbsp; kl. 17.00 &#8211; 18.00 \u00a0\u00a0\u00a0\u00a0 8-1 Kyu (orange\/gr\u00f8n\/violet\/brun) &nbsp; kl. 18.45 &#8211; 19.45 &nbsp; kl. 18.00 &#8211; 19.00 &nbsp; &nbsp; &nbsp; N\u00e5r du er 6 \u00e5r eller \u00e6ldre, er du velkommen til at starte i klubben. [&hellip;]<\/p>\n","protected":false},"author":3,"featured_media":0,"parent":281,"menu_order":0,"comment_status":"closed","ping_status":"closed","template":"","meta":{"_et_pb_use_builder":"on","_et_pb_old_content":"","_et_gb_content_width":"","_monsterinsights_skip_tracking":false,"_monsterinsights_sitenote_active":false,"_monsterinsights_sitenote_note":"","_monsterinsights_sitenote_category":0,"footnotes":""},"class_list":["post-1362","page","type-page","status-publish","hentry"],"_links":{"self":[{"href":"https:\/\/thgu.dk\/index.php?rest_route=\/wp\/v2\/pages\/1362","targetHints":{"allow":["GET"]}}],"collection":[{"href":"https:\/\/thgu.dk\/index.php?rest_route=\/wp\/v2\/pages"}],"about":[{"href":"https:\/\/thgu.dk\/index.php?rest_route=\/wp\/v2\/types\/page"}],"author":[{"embeddable":true,"href":"https:\/\/thgu.dk\/index.php?rest_route=\/wp\/v2\/users\/3"}],"replies":[{"embeddable":true,"href":"https:\/\/thgu.dk\/index.php?rest_route=%2Fwp%2Fv2%2Fcomments&post=1362"}],"version-history":[{"count":4,"href":"https:\/\/thgu.dk\/index.php?rest_route=\/wp\/v2\/pages\/1362\/revisions"}],"predecessor-version":[{"id":2052,"href":"https:\/\/thgu.dk\/index.php?rest_route=\/wp\/v2\/pages\/1362\/revisions\/2052"}],"up":[{"embeddable":true,"href":"https:\/\/thgu.dk\/index.php?rest_route=\/wp\/v2\/pages\/281"}],"wp:attachment":[{"href":"https:\/\/thgu.dk\/index.php?rest_route=%2Fwp%2Fv2%2Fmedia&parent=1362"}],"curies":[{"name":"wp","href":"https:\/\/api.w.org\/{rel}","templated":true}]}}