{"id":1348,"date":"2021-10-24T17:42:40","date_gmt":"2021-10-24T15:42:40","guid":{"rendered":"https:\/\/thgu.dk\/?page_id=1348"},"modified":"2024-09-10T15:25:09","modified_gmt":"2024-09-10T13:25:09","slug":"dojo-kun-video","status":"publish","type":"page","link":"https:\/\/thgu.dk\/?page_id=1348","title":{"rendered":"Dojo kun"},"content":{"rendered":"\n[et_pb_section fb_built=&#8221;1&#8243; _builder_version=&#8221;4.12.0&#8243; _module_preset=&#8221;default&#8221; hover_enabled=&#8221;0&#8243; global_colors_info=&#8221;{}&#8221; sticky_enabled=&#8221;0&#8243;][et_pb_row _builder_version=&#8221;4.12.0&#8243; _module_preset=&#8221;default&#8221; hover_enabled=&#8221;0&#8243; global_colors_info=&#8221;{}&#8221; sticky_enabled=&#8221;0&#8243;][et_pb_column type=&#8221;4_4&#8243; _builder_version=&#8221;4.11.4&#8243; _module_preset=&#8221;default&#8221; global_colors_info=&#8221;{}&#8221;][et_pb_text _builder_version=&#8221;4.12.0&#8243; _module_preset=&#8221;default&#8221; text_font=&#8221;Montserrat|500|||||||&#8221; text_text_color=&#8221;#000000&#8243; hover_enabled=&#8221;0&#8243; global_colors_info=&#8221;{}&#8221; sticky_enabled=&#8221;0&#8243;]<p><strong>Dojo-Kun<\/strong>: De fem grundl\u00e6ggende regler for opf\u00f8rsel.<\/p>\n<p>Reglerne er lige vigtige, hver for sig og samlet. N\u00e5r du l\u00e6ser dem igennem, s\u00e5 pr\u00f8v at t\u00e6nke p\u00e5, at det faktisk kun drejer sig om almindelig h\u00f8flighed og respekt, og om at arbejde p\u00e5 at blive bedre \u2013 b\u00e5de til karate og som menneske.<\/p>\n<ol>\n<li>Hitotsu! Jinkaku kansei ni tsutomuru koto!<\/li>\n<\/ol>\n<p>At s\u00f8ge den perfekte karakter.<\/p>\n<p>Det vigtigste i Karate er hverken sejr eller nederlag, men udvikling af den ud\u00f8vendes karakter.<\/p>\n<ol start=\"2\">\n<li>Hitotsu! Makoto no michi o mamoru koto!<\/li>\n<\/ol>\n<p>At forsvare sandhedens vej.<\/p>\n<p>At v\u00e6re trofast eller loyal er en vigtig kvalitet at besidde.<\/p>\n<ol start=\"3\">\n<li>Hitotsu! Doryoku no Seishin o yashinau koto!<\/li>\n<\/ol>\n<p>At str\u00e6be videre.<\/p>\n<p>Arbejd hele tiden p\u00e5 at forbedre dine teknikker og t\u00e6nk altid p\u00e5 om du nu ogs\u00e5 yder en optimal indsats under tr\u00e6ningen.<\/p>\n<ol start=\"4\">\n<li>Hitotsu! Reigi o omonzuru koto!<\/li>\n<\/ol>\n<p>Altid at v\u00e6re h\u00f8flig.<\/p>\n<p>Respekter andre og v\u00e6r altid h\u00f8flig og opf\u00f8r dig ordentligt.<\/p>\n<ol start=\"5\">\n<li>Hitotsu! Kekki no yu o imashimuru koto!<\/li>\n<\/ol>\n<p>At undg\u00e5 overmod.<\/p>\n<p>V\u00e6r ikke voldelig i din optr\u00e6den eller aggressiv og tab ikke hovedet under tr\u00e6ningen.<\/p>[\/et_pb_text][\/et_pb_column][\/et_pb_row][\/et_pb_section]\n","protected":false},"excerpt":{"rendered":"<p>Dojo-Kun: De fem grundl\u00e6ggende regler for opf\u00f8rsel. Reglerne er lige vigtige, hver for sig og samlet. N\u00e5r du l\u00e6ser dem igennem, s\u00e5 pr\u00f8v at t\u00e6nke p\u00e5, at det faktisk kun drejer sig om almindelig h\u00f8flighed og respekt, og om at arbejde p\u00e5 at blive bedre \u2013 b\u00e5de til karate og som menneske. Hitotsu! Jinkaku kansei [&hellip;]<\/p>\n","protected":false},"author":3,"featured_media":0,"parent":281,"menu_order":0,"comment_status":"closed","ping_status":"closed","template":"","meta":{"_et_pb_use_builder":"on","_et_pb_old_content":"","_et_gb_content_width":"","_monsterinsights_skip_tracking":false,"_monsterinsights_sitenote_active":false,"_monsterinsights_sitenote_note":"","_monsterinsights_sitenote_category":0,"footnotes":""},"class_list":["post-1348","page","type-page","status-publish","hentry"],"_links":{"self":[{"href":"https:\/\/thgu.dk\/index.php?rest_route=\/wp\/v2\/pages\/1348","targetHints":{"allow":["GET"]}}],"collection":[{"href":"https:\/\/thgu.dk\/index.php?rest_route=\/wp\/v2\/pages"}],"about":[{"href":"https:\/\/thgu.dk\/index.php?rest_route=\/wp\/v2\/types\/page"}],"author":[{"embeddable":true,"href":"https:\/\/thgu.dk\/index.php?rest_route=\/wp\/v2\/users\/3"}],"replies":[{"embeddable":true,"href":"https:\/\/thgu.dk\/index.php?rest_route=%2Fwp%2Fv2%2Fcomments&post=1348"}],"version-history":[{"count":7,"href":"https:\/\/thgu.dk\/index.php?rest_route=\/wp\/v2\/pages\/1348\/revisions"}],"predecessor-version":[{"id":1480,"href":"https:\/\/thgu.dk\/index.php?rest_route=\/wp\/v2\/pages\/1348\/revisions\/1480"}],"up":[{"embeddable":true,"href":"https:\/\/thgu.dk\/index.php?rest_route=\/wp\/v2\/pages\/281"}],"wp:attachment":[{"href":"https:\/\/thgu.dk\/index.php?rest_route=%2Fwp%2Fv2%2Fmedia&parent=1348"}],"curies":[{"name":"wp","href":"https:\/\/api.w.org\/{rel}","templated":true}]}}