{"id":1344,"date":"2021-10-24T17:33:20","date_gmt":"2021-10-24T15:33:20","guid":{"rendered":"https:\/\/thgu.dk\/?page_id=1344"},"modified":"2024-09-10T15:25:26","modified_gmt":"2024-09-10T13:25:26","slug":"hvad-er-karate","status":"publish","type":"page","link":"https:\/\/thgu.dk\/?page_id=1344","title":{"rendered":"Hvad er karate"},"content":{"rendered":"<p>[et_pb_section fb_built=&#8221;1&#8243; _builder_version=&#8221;4.11.4&#8243; _module_preset=&#8221;default&#8221; global_colors_info=&#8221;{}&#8221;][et_pb_row _builder_version=&#8221;4.11.4&#8243; _module_preset=&#8221;default&#8221; global_colors_info=&#8221;{}&#8221;][et_pb_column type=&#8221;4_4&#8243; _builder_version=&#8221;4.11.4&#8243; _module_preset=&#8221;default&#8221; global_colors_info=&#8221;{}&#8221;][et_pb_text _builder_version=&#8221;4.11.4&#8243; _module_preset=&#8221;default&#8221; text_font=&#8221;Montserrat|500|||||||&#8221; text_text_color=&#8221;#000000&#8243; hover_enabled=&#8221;0&#8243; global_colors_info=&#8221;{}&#8221; sticky_enabled=&#8221;0&#8243;]<\/p>\n<p><strong>Karate-Do <\/strong>er et udtryk p\u00e5 japansk, der kan overs\u00e6ttes som &#8220;den tomme h\u00e5nds vej&#8221; (kara-tomhed, te-h\u00e5nd, Do-vej), som giver en id\u00e9 om betydningen af \u200b\u200bdenne kampsport, hvor der findes alle former for forsvar, angreb, knockdown, dislokation og immobiliseringsteknikker men altid uden v\u00e5ben.<\/p>\n<p>Karate fungerer ikke kun som personligt forsvar, men som en sport og som en filosofi.<\/p>\n<p>Der er et afg\u00f8rende motto i Karate-Do: &#8220;Karate ni sente nashi&#8221;. Dette betyder &#8220;i Karate er der intet angreb&#8221;. Det beskriver perfekt karatekas tankegang, hans viden b\u00f8r ikke bruges til at angribe nogen, kun i det sidste tilf\u00e6lde af selvforsvar eller til forsvar for andre. Form\u00e5let med karate er &#8220;hikken hisatsu&#8221;, at &#8220;dr\u00e6be med et slag&#8221;. Forsigtighed og ydmyghed er to begreber, der traditionelt f\u00f8lges af ud\u00f8vere af denne kunst.<\/p>\n<p>Den mest popul\u00e6re karatestil i verden er Shotokan -stilen, opfundet af Gichin Funakoshi. Han sagde, at alle kampsport, der ikke indeholder &#8220;rei&#8221;, ikke er kampsport, men blot vold. &#8220;Rei&#8221; betyder \u00e6rb\u00f8dighed og respekt, og i karate har den form af en salut.<\/p>\n<p>De tre grundl\u00e6ggende s\u00f8jler i karate er: Kihon, Katas og Kumite.<\/p>\n<p>Kihonen best\u00e5r af tidligere definerede \u00f8velser, katas er \u00f8velser, der best\u00e5r af mange p\u00e5 hinanden f\u00f8lgende bev\u00e6gelser. Og Kumite er \u00f8velser med en partner.<\/p>\n<p>[\/et_pb_text][\/et_pb_column][\/et_pb_row][\/et_pb_section]<\/p>\n","protected":false},"excerpt":{"rendered":"<p>Karate-Do er et udtryk p\u00e5 japansk, der kan overs\u00e6ttes som &#8220;den tomme h\u00e5nds vej&#8221; (kara-tomhed, te-h\u00e5nd, Do-vej), som giver en id\u00e9 om betydningen af \u200b\u200bdenne kampsport, hvor der findes alle former for forsvar, angreb, knockdown, dislokation og immobiliseringsteknikker men altid uden v\u00e5ben. Karate fungerer ikke kun som personligt forsvar, men som en sport og som [&hellip;]<\/p>\n","protected":false},"author":3,"featured_media":0,"parent":281,"menu_order":0,"comment_status":"closed","ping_status":"closed","template":"","meta":{"_et_pb_use_builder":"on","_et_pb_old_content":"<!-- wp:divi\/placeholder \/-->","_et_gb_content_width":"","_monsterinsights_skip_tracking":false,"_monsterinsights_sitenote_active":false,"_monsterinsights_sitenote_note":"","_monsterinsights_sitenote_category":0,"footnotes":""},"class_list":["post-1344","page","type-page","status-publish","hentry"],"_links":{"self":[{"href":"https:\/\/thgu.dk\/index.php?rest_route=\/wp\/v2\/pages\/1344","targetHints":{"allow":["GET"]}}],"collection":[{"href":"https:\/\/thgu.dk\/index.php?rest_route=\/wp\/v2\/pages"}],"about":[{"href":"https:\/\/thgu.dk\/index.php?rest_route=\/wp\/v2\/types\/page"}],"author":[{"embeddable":true,"href":"https:\/\/thgu.dk\/index.php?rest_route=\/wp\/v2\/users\/3"}],"replies":[{"embeddable":true,"href":"https:\/\/thgu.dk\/index.php?rest_route=%2Fwp%2Fv2%2Fcomments&post=1344"}],"version-history":[{"count":4,"href":"https:\/\/thgu.dk\/index.php?rest_route=\/wp\/v2\/pages\/1344\/revisions"}],"predecessor-version":[{"id":1448,"href":"https:\/\/thgu.dk\/index.php?rest_route=\/wp\/v2\/pages\/1344\/revisions\/1448"}],"up":[{"embeddable":true,"href":"https:\/\/thgu.dk\/index.php?rest_route=\/wp\/v2\/pages\/281"}],"wp:attachment":[{"href":"https:\/\/thgu.dk\/index.php?rest_route=%2Fwp%2Fv2%2Fmedia&parent=1344"}],"curies":[{"name":"wp","href":"https:\/\/api.w.org\/{rel}","templated":true}]}}