{"id":1285,"date":"2021-09-28T17:55:44","date_gmt":"2021-09-28T15:55:44","guid":{"rendered":"https:\/\/thgu.dk\/?page_id=1285"},"modified":"2026-01-13T16:39:51","modified_gmt":"2026-01-13T14:39:51","slug":"gul-lodseddel","status":"publish","type":"page","link":"https:\/\/thgu.dk\/?page_id=1285","title":{"rendered":"GUL lodseddel"},"content":{"rendered":"<p>[et_pb_section fb_built=&#8221;1&#8243; _builder_version=&#8221;4.16&#8243; _module_preset=&#8221;default&#8221; global_colors_info=&#8221;{}&#8221;][et_pb_row _builder_version=&#8221;4.16&#8243; _module_preset=&#8221;default&#8221; global_colors_info=&#8221;{}&#8221;][et_pb_column type=&#8221;4_4&#8243; _builder_version=&#8221;4.16&#8243; _module_preset=&#8221;default&#8221; global_colors_info=&#8221;{}&#8221;][et_pb_image src=&#8221;http:\/\/thgu.dk\/wp-content\/uploads\/2026\/01\/Skaermbillede-2026-01-13-kl.-15.39.09.png&#8221; alt=&#8221;banner gul lod&#8221; title_text=&#8221;Sk\u00e6rmbillede 2026-01-13 kl. 15.39.09&#8243; _builder_version=&#8221;4.27.4&#8243; _module_preset=&#8221;default&#8221; hover_enabled=&#8221;0&#8243; global_colors_info=&#8221;{}&#8221; force_fullwidth=&#8221;on&#8221; sticky_enabled=&#8221;0&#8243;][\/et_pb_image][\/et_pb_column][\/et_pb_row][\/et_pb_section][et_pb_section fb_built=&#8221;1&#8243; _builder_version=&#8221;4.16&#8243; _module_preset=&#8221;default&#8221; global_colors_info=&#8221;{}&#8221;][et_pb_row column_structure=&#8221;1_3,1_3,1_3&#8243; _builder_version=&#8221;4.16&#8243; _module_preset=&#8221;default&#8221; global_colors_info=&#8221;{}&#8221;][et_pb_column type=&#8221;1_3&#8243; _builder_version=&#8221;4.16&#8243; _module_preset=&#8221;default&#8221; global_colors_info=&#8221;{}&#8221;][et_pb_text _builder_version=&#8221;4.27.4&#8243; _module_preset=&#8221;default&#8221; text_font=&#8221;Montserrat|600|||||||&#8221; text_text_color=&#8221;#000000&#8243; global_colors_info=&#8221;{}&#8221;]<\/p>\n<p>V\u00e6r med i lodtr\u00e6kningen om THGU\u00b4s medlemslotteri med en <strong>samlet gevinstsum p\u00e5 kr. 18.000,-<\/strong><\/p>\n<p><strong>Hovedgevinst: gavekort til rejse -v\u00e6rdi 6.500kr &#8211; udtr\u00e6kkes og offentligg\u00f8res altid til gymnastikopvisningen den f\u00f8rste s\u00f8ndag i marts.<\/strong><\/p>\n<p><strong>Alle vindere f\u00e5r direkte besked, og de vindende lodnumre offentligg\u00f8res p\u00e5 hjemmesiden. Pr\u00e6mierne udbetales til kontonummer.\u00a0<\/strong><\/p>\n<p><strong><\/strong><\/p>\n<p>Hele overskuddet g\u00e5r til THGU\u00b4s aktiviteter<\/p>\n<p>[\/et_pb_text][et_pb_text _builder_version=&#8221;4.16&#8243; _module_preset=&#8221;default&#8221; text_font=&#8221;Montserrat|600|||||||&#8221; text_text_color=&#8221;#0C71C3&#8243; header_font=&#8221;Abel||||||||&#8221; header_4_font_size=&#8221;26px&#8221; width=&#8221;100%&#8221; module_alignment=&#8221;left&#8221; custom_margin=&#8221;-35px||||false|false&#8221; global_colors_info=&#8221;{}&#8221;]<\/p>\n<p>&nbsp;<\/p>\n<p><span style=\"color: #e02b20;\"><strong>Vinder nr. offentligg\u00f8res p\u00e5 <a href=\"http:\/\/www.thgu\" style=\"color: #e02b20;\">www.thgu<\/a> og Facebook<\/strong><\/span><\/p>\n<p><span style=\"color: #e02b20;\"><strong>Alle er med i samtlige tr\u00e6kninger<\/strong><\/span><\/p>\n<p>[\/et_pb_text][et_pb_text _builder_version=&#8221;4.16&#8243; _module_preset=&#8221;default&#8221; global_colors_info=&#8221;{}&#8221;]N\u00e5r regnskabet foreligger kan det ses efter aftale ved kasserer Stine Duborg Hermansen.[\/et_pb_text][\/et_pb_column][et_pb_column type=&#8221;1_3&#8243; _builder_version=&#8221;4.16&#8243; _module_preset=&#8221;default&#8221; global_colors_info=&#8221;{}&#8221;][et_pb_image src=&#8221;http:\/\/thgu.dk\/wp-content\/uploads\/2026\/01\/Skaermbillede-2026-01-13-kl.-15.36.19.png&#8221; alt=&#8221;gul lodseddel 22&#8243; title_text=&#8221;Sk\u00e6rmbillede 2026-01-13 kl. 15.36.19&#8243; _builder_version=&#8221;4.27.4&#8243; _module_preset=&#8221;default&#8221; global_colors_info=&#8221;{}&#8221;][\/et_pb_image][\/et_pb_column][et_pb_column type=&#8221;1_3&#8243; _builder_version=&#8221;4.16&#8243; _module_preset=&#8221;default&#8221; global_colors_info=&#8221;{}&#8221;][\/et_pb_column][\/et_pb_row][\/et_pb_section][et_pb_section fb_built=&#8221;1&#8243; _builder_version=&#8221;4.16&#8243; _module_preset=&#8221;default&#8221; global_colors_info=&#8221;{}&#8221;][et_pb_row _builder_version=&#8221;4.16&#8243; _module_preset=&#8221;default&#8221; global_colors_info=&#8221;{}&#8221;][et_pb_column type=&#8221;4_4&#8243; _builder_version=&#8221;4.16&#8243; _module_preset=&#8221;default&#8221; global_colors_info=&#8221;{}&#8221;][et_pb_text _builder_version=&#8221;4.16&#8243; _module_preset=&#8221;default&#8221; text_font=&#8221;Montserrat|500|||||||&#8221; text_font_size=&#8221;29px&#8221; header_font=&#8221;Montserrat|500|||||||&#8221; header_text_align=&#8221;center&#8221; header_text_color=&#8221;#000000&#8243; header_font_size=&#8221;40px&#8221; global_colors_info=&#8221;{}&#8221;]<\/p>\n<p>Tak til\u00a0 vores sponsorer<\/p>\n<p>[\/et_pb_text][et_pb_text _builder_version=&#8221;4.27.4&#8243; _module_preset=&#8221;default&#8221; text_font=&#8221;Margarine|700|||||||&#8221; border_radii=&#8221;on|2px|2px|2px|2px&#8221; box_shadow_style=&#8221;preset5&#8243; global_colors_info=&#8221;{}&#8221;]<\/p>\n<p>Her er vinderen af hovedpr\u00e6mien af den gule lodseddel &#8211; 2025<\/p>\n<table width=\"472\">\n<tbody>\n<tr>\n<td width=\"151\">Rejsegavekort 6.500 kr.<\/td>\n<td width=\"41\">230<\/td>\n<td width=\"165\"><span>\u00a0Knud Theilgaard,\u00a0<\/span><\/td>\n<td width=\"115\"><span>Agervej<\/span><\/td>\n<\/tr>\n<\/tbody>\n<\/table>\n<p>[\/et_pb_text][\/et_pb_column][\/et_pb_row][\/et_pb_section][et_pb_section fb_built=&#8221;1&#8243; _builder_version=&#8221;4.16&#8243; _module_preset=&#8221;default&#8221; global_colors_info=&#8221;{}&#8221;][et_pb_row _builder_version=&#8221;4.16&#8243; _module_preset=&#8221;default&#8221; global_colors_info=&#8221;{}&#8221;][et_pb_column type=&#8221;4_4&#8243; _builder_version=&#8221;4.16&#8243; _module_preset=&#8221;default&#8221; global_colors_info=&#8221;{}&#8221;][et_pb_text _builder_version=&#8221;4.27.2&#8243; _module_preset=&#8221;default&#8221; text_font=&#8221;Montserrat|600|||||||&#8221; text_font_size=&#8221;21px&#8221; global_colors_info=&#8221;{}&#8221;]<\/p>\n<p>HOVEDGEVINST offentligg\u00f8res til gymnastikopvisning &#8211; S\u00d8NDAG den 2. marts 2025<\/p>\n<p>[\/et_pb_text][et_pb_text _builder_version=&#8221;4.27.4&#8243; _module_preset=&#8221;default&#8221; text_font=&#8221;Montserrat||||||||&#8221; global_colors_info=&#8221;{}&#8221;]<\/p>\n<p><strong>Bekendtg\u00f8relse vedr. THGU\u00b4s Gule Lodsedler<\/strong><\/p>\n<p>Jf. nedenst\u00e5ende foretages der tr\u00e6kning af de gule lodsedler og offentligg\u00f8relse vil ske p\u00e5 de p\u00e5trykte datoer.<\/p>\n<p>Arrang\u00f8rens navn og hjemsted: THGU (Tistrup Hodde Gymnastik og Ungdomsforening)<\/p>\n<p>Form\u00e5l: Lodsedlen s\u00e6lges ved alle husstande i Tistrup og Hodde for at tjene penge til vores foreninger ( h\u00e5ndbold, gymnastik, badminton og idr\u00e6t om dagen)<\/p>\n<p>Prisen for deltagelse: Prisen for 1 lodseddel er 100,00 kr.<\/p>\n<p>Lotteriet best\u00e5r af 600 lodsedler i alt.<\/p>\n<p>Der er i alt 36 pengepr\u00e6mier hvor 1. pr\u00e6mien er 500 kr. 2. pr\u00e6mien er 250 kr. 3. pr\u00e6mien er 150 kr. og 4. pr\u00e6mien er 100 kr. Derudover er der 2 tr\u00e6kninger af 5 stk. Mortens And\/juleand + vin og 1 tr\u00e6kning af rejsegavekort 6500 kr.<\/p>\n<p>Salget finder sted uge 36 til uge 40<\/p>\n<p>Den tildelte notar og tinglysningen foretager udtr\u00e6kning af vindere den 01\/10-2025.<\/p>\n<p>I 2025\/2026 foretages offentligg\u00f8relse af tr\u00e6kning den 12. oktober, 26. oktober, 9. november, 23. november, 7. december, 4. januar 2026, 18. januar, 1. februar og 15.februar.<\/p>\n<p>Alle tr\u00e6kninger offentligg\u00f8res p\u00e5 <a href=\"https:\/\/thgu.dk\">thgu.dk<\/a> og THGU\u00b4s Facebookside.<\/p>\n<p>Gevinst Udlevering foreg\u00e5r via bankoverf\u00f8rsel \u2013 alle vindere bliver personligt kontaktet efter offentligg\u00f8relse af tr\u00e6kning.<\/p>\n<p>Der kan ske gevinstudbetaling indtil 12. marts 2026.<\/p>\n<p>Det reviderede regnskab for lotteriet vil v\u00e6re offentligt tilg\u00e6ngeligt ved hos THGU\u00b4s hovedbestyrelse\/kasserer, Ahornvej 16 &#8211; 1\/4 2026<\/p>\n<p>Tilladelse fra Spillemyndigheden er udstedt uge 33.<\/p>\n<p>Denne tilladelse er g\u00e6ldende for Syd- og S\u00f8nderjyllands Politi.<\/p>\n<p>P\u00e5 foreningens vegne.<\/p>\n<p>Kira Kanakis-Hahn<br \/>Formand<\/p>\n<p>[\/et_pb_text][\/et_pb_column][\/et_pb_row][\/et_pb_section]<\/p>\n","protected":false},"excerpt":{"rendered":"<p>V\u00e6r med i lodtr\u00e6kningen om THGU\u00b4s medlemslotteri med en samlet gevinstsum p\u00e5 kr. 18.000,- Hovedgevinst: gavekort til rejse -v\u00e6rdi 6.500kr &#8211; udtr\u00e6kkes og offentligg\u00f8res altid til gymnastikopvisningen den f\u00f8rste s\u00f8ndag i marts. Alle vindere f\u00e5r direkte besked, og de vindende lodnumre offentligg\u00f8res p\u00e5 hjemmesiden. Pr\u00e6mierne udbetales til kontonummer.\u00a0 Hele overskuddet g\u00e5r til THGU\u00b4s aktiviteter&nbsp; Vinder [&hellip;]<\/p>\n","protected":false},"author":3,"featured_media":0,"parent":0,"menu_order":0,"comment_status":"closed","ping_status":"closed","template":"","meta":{"_et_pb_use_builder":"on","_et_pb_old_content":"","_et_gb_content_width":"","_monsterinsights_skip_tracking":false,"_monsterinsights_sitenote_active":false,"_monsterinsights_sitenote_note":"","_monsterinsights_sitenote_category":0,"footnotes":""},"class_list":["post-1285","page","type-page","status-publish","hentry"],"_links":{"self":[{"href":"https:\/\/thgu.dk\/index.php?rest_route=\/wp\/v2\/pages\/1285","targetHints":{"allow":["GET"]}}],"collection":[{"href":"https:\/\/thgu.dk\/index.php?rest_route=\/wp\/v2\/pages"}],"about":[{"href":"https:\/\/thgu.dk\/index.php?rest_route=\/wp\/v2\/types\/page"}],"author":[{"embeddable":true,"href":"https:\/\/thgu.dk\/index.php?rest_route=\/wp\/v2\/users\/3"}],"replies":[{"embeddable":true,"href":"https:\/\/thgu.dk\/index.php?rest_route=%2Fwp%2Fv2%2Fcomments&post=1285"}],"version-history":[{"count":67,"href":"https:\/\/thgu.dk\/index.php?rest_route=\/wp\/v2\/pages\/1285\/revisions"}],"predecessor-version":[{"id":2796,"href":"https:\/\/thgu.dk\/index.php?rest_route=\/wp\/v2\/pages\/1285\/revisions\/2796"}],"wp:attachment":[{"href":"https:\/\/thgu.dk\/index.php?rest_route=%2Fwp%2Fv2%2Fmedia&parent=1285"}],"curies":[{"name":"wp","href":"https:\/\/api.w.org\/{rel}","templated":true}]}}